{"id":902,"date":"2024-07-31T18:50:26","date_gmt":"2024-08-01T00:50:26","guid":{"rendered":"https:\/\/nsm.edu.mx\/admisiones\/"},"modified":"2025-10-14T10:00:57","modified_gmt":"2025-10-14T16:00:57","slug":"admisiones","status":"publish","type":"page","link":"https:\/\/nsm.edu.mx\/es\/admisiones\/","title":{"rendered":"Admisiones"},"content":{"rendered":"<p>[et_pb_section fb_built=\u00bb1&#8243; _builder_version=\u00bb4.25.0&#8243; _module_preset=\u00bbdefault\u00bb custom_padding=\u00bb18vh||18vh||true|false\u00bb global_colors_info=\u00bb{}\u00bb][et_pb_row _builder_version=\u00bb4.25.0&#8243; _module_preset=\u00bbdefault\u00bb global_colors_info=\u00bb{}\u00bb][et_pb_column type=\u00bb4_4&#8243; _builder_version=\u00bb4.25.0&#8243; _module_preset=\u00bbdefault\u00bb global_colors_info=\u00bb{}\u00bb][et_pb_text _builder_version=\u00bb4.25.0&#8243; _module_preset=\u00bbdefault\u00bb text_font=\u00bb|700|||||||\u00bb text_text_color=\u00bb#a50b34&#8243; text_font_size=\u00bb25px\u00bb text_line_height=\u00bb1.3em\u00bb text_orientation=\u00bbcenter\u00bb width=\u00bb45%\u00bb module_alignment=\u00bbcenter\u00bb global_colors_info=\u00bb{}\u00bb]<\/p>\n<p>&nbsp;<\/p>\n<p>Gracias por su inter\u00e9s.<\/p>\n<p style=\"text-align: center;\">\n<p>&nbsp;<\/p>\n<p>Para cualquier asunto relacionado con admisiones, escribir a:<\/p>\n<p>[\/et_pb_text][et_pb_text _builder_version=\u00bb4.25.0&#8243; _module_preset=\u00bbdefault\u00bb text_font=\u00bb|300|||||||\u00bb text_font_size=\u00bb25px\u00bb text_line_height=\u00bb1.3em\u00bb link_text_color=\u00bb#231f20&#8243; text_orientation=\u00bbcenter\u00bb global_colors_info=\u00bb{}\u00bb link_text_color__hover_enabled=\u00bbon|hover\u00bb link_text_color__hover=\u00bb#ffd04d\u00bb]<\/p>\n<p><a href=\"mailto:admissions@nsm.edu.mx\">admissions@nsm.edu.mx<\/a><br \/><a href=\"tel:5552926089\">5552926089<\/a> ext. 120<\/p>\n<p>Puede tambi\u00e9n pedir informes a trav\u00e9s de WhatsApp<\/p>\n<p>(solo mensajes) al n\u00famero <a href=\"https:\/\/wa.link\/9i4u5o\">5578352032 de 8:00 a.m. a 1:00 p.m.<\/a><\/p>\n<p>&nbsp;<\/p>\n<p>[\/et_pb_text][\/et_pb_column][\/et_pb_row][\/et_pb_section]<\/p>\n","protected":false},"excerpt":{"rendered":"<p>&nbsp; Gracias por su inter\u00e9s. &nbsp; Para cualquier asunto relacionado con admisiones, escribir a:admissions@nsm.edu.mx5552926089 ext. 120 Puede tambi\u00e9n pedir informes a trav\u00e9s de WhatsApp (solo mensajes) al n\u00famero 5578352032 de 8:00 a.m. a 1:00 p.m. &nbsp;<\/p>\n","protected":false},"author":1,"featured_media":0,"parent":0,"menu_order":0,"comment_status":"closed","ping_status":"closed","template":"","meta":{"_et_pb_use_builder":"on","_et_pb_old_content":"","_et_gb_content_width":"","footnotes":""},"class_list":["post-902","page","type-page","status-publish","hentry"],"_links":{"self":[{"href":"https:\/\/nsm.edu.mx\/es\/wp-json\/wp\/v2\/pages\/902","targetHints":{"allow":["GET"]}}],"collection":[{"href":"https:\/\/nsm.edu.mx\/es\/wp-json\/wp\/v2\/pages"}],"about":[{"href":"https:\/\/nsm.edu.mx\/es\/wp-json\/wp\/v2\/types\/page"}],"author":[{"embeddable":true,"href":"https:\/\/nsm.edu.mx\/es\/wp-json\/wp\/v2\/users\/1"}],"replies":[{"embeddable":true,"href":"https:\/\/nsm.edu.mx\/es\/wp-json\/wp\/v2\/comments?post=902"}],"version-history":[{"count":6,"href":"https:\/\/nsm.edu.mx\/es\/wp-json\/wp\/v2\/pages\/902\/revisions"}],"predecessor-version":[{"id":1093,"href":"https:\/\/nsm.edu.mx\/es\/wp-json\/wp\/v2\/pages\/902\/revisions\/1093"}],"wp:attachment":[{"href":"https:\/\/nsm.edu.mx\/es\/wp-json\/wp\/v2\/media?parent=902"}],"curies":[{"name":"wp","href":"https:\/\/api.w.org\/{rel}","templated":true}]}}