{"id":899,"date":"2024-08-01T01:09:57","date_gmt":"2024-08-01T07:09:57","guid":{"rendered":"https:\/\/nsm.edu.mx\/preceptoria\/"},"modified":"2024-08-01T01:09:57","modified_gmt":"2024-08-01T07:09:57","slug":"preceptoria","status":"publish","type":"page","link":"https:\/\/nsm.edu.mx\/es\/preceptoria\/","title":{"rendered":"Preceptor\u00eda"},"content":{"rendered":"<p>[et_pb_section fb_built=\u00bb1&#8243; _builder_version=\u00bb4.25.0&#8243; _module_preset=\u00bbdefault\u00bb global_colors_info=\u00bb{}\u00bb theme_builder_area=\u00bbpost_content\u00bb][et_pb_row column_structure=\u00bb1_2,1_2&#8243; _builder_version=\u00bb4.25.0&#8243; _module_preset=\u00bbdefault\u00bb global_colors_info=\u00bb{}\u00bb theme_builder_area=\u00bbpost_content\u00bb][et_pb_column type=\u00bb1_2&#8243; _builder_version=\u00bb4.25.0&#8243; _module_preset=\u00bbdefault\u00bb global_colors_info=\u00bb{}\u00bb theme_builder_area=\u00bbpost_content\u00bb][et_pb_image src=\u00bbhttps:\/\/nsm.edu.mx\/wp-content\/uploads\/2024\/08\/img-one-one.jpg\u00bb title_text=\u00bbimg-one-one\u00bb align=\u00bbcenter\u00bb _builder_version=\u00bb4.25.0&#8243; _module_preset=\u00bbdefault\u00bb width=\u00bb65%\u00bb hover_enabled=\u00bb0&#8243; global_colors_info=\u00bb{}\u00bb theme_builder_area=\u00bbpost_content\u00bb sticky_enabled=\u00bb0&#8243;][\/et_pb_image][\/et_pb_column][et_pb_column type=\u00bb1_2&#8243; _builder_version=\u00bb4.25.0&#8243; _module_preset=\u00bbdefault\u00bb custom_padding=\u00bb10vh||||false|false\u00bb global_colors_info=\u00bb{}\u00bb theme_builder_area=\u00bbpost_content\u00bb][et_pb_text _builder_version=\u00bb4.25.0&#8243; _module_preset=\u00bbdefault\u00bb header_2_font=\u00bb|700||on|||||\u00bb header_2_font_size=\u00bb34px\u00bb text_orientation=\u00bbjustified\u00bb hover_enabled=\u00bb0&#8243; global_colors_info=\u00bb{}\u00bb theme_builder_area=\u00bbpost_content\u00bb width__hover_enabled=\u00bboff|desktop\u00bb width=\u00bb90%\u00bb text_line_height=\u00bb1.3em\u00bb sticky_enabled=\u00bb0&#8243;]<\/p>\n<h2>Mentor\u00eda uno a uno<\/h2>\n<p>&nbsp;<\/p>\n<p>Northridge School Mexico forma estudiantes sobre bases morales s\u00f3lidas con el fin de que sus alumnos quieran ser buenos seres humanos, m\u00e1s que simplemente comportarse. <\/p>\n<p>Northridge School Mexico forma estudiantes sobre bases morales s\u00f3lidas con el fin de que sus alumnos quieran ser buenos seres humanos, m\u00e1s que simplemente comportarse.<\/p>\n<p>[\/et_pb_text][\/et_pb_column][\/et_pb_row][\/et_pb_section][et_pb_section fb_built=\u00bb1&#8243; theme_builder_area=\u00bbpost_content\u00bb _builder_version=\u00bb4.25.0&#8243; _module_preset=\u00bbdefault\u00bb title_text=\u00bbfondo-our-deeply\u00bb background_image=\u00bbhttps:\/\/nsm.edu.mx\/wp-content\/uploads\/2024\/08\/fondo-our-deeply.jpg\u00bb hover_enabled=\u00bb0&#8243; sticky_enabled=\u00bb0&#8243;][et_pb_row _builder_version=\u00bb4.25.0&#8243; _module_preset=\u00bbdefault\u00bb theme_builder_area=\u00bbpost_content\u00bb][et_pb_column _builder_version=\u00bb4.25.0&#8243; _module_preset=\u00bbdefault\u00bb type=\u00bb4_4&#8243; theme_builder_area=\u00bbpost_content\u00bb][et_pb_text _builder_version=\u00bb4.25.0&#8243; _module_preset=\u00bbdefault\u00bb theme_builder_area=\u00bbpost_content\u00bb hover_enabled=\u00bb0&#8243; sticky_enabled=\u00bb0&#8243; text_orientation=\u00bbcenter\u00bb text_text_color=\u00bb#a50b34&#8243; text_font_size=\u00bb22px\u00bb text_font=\u00bb|700|||||||\u00bb]<\/p>\n<p>Nuestro programa de preceptor\u00eda se enfoca, principalmente, en:<\/p>\n<p>[\/et_pb_text][et_pb_text _builder_version=\u00bb4.25.0&#8243; _module_preset=\u00bbdefault\u00bb theme_builder_area=\u00bbpost_content\u00bb hover_enabled=\u00bb0&#8243; sticky_enabled=\u00bb0&#8243; width=\u00bb52%\u00bb module_alignment=\u00bbcenter\u00bb text_line_height=\u00bb1.3em\u00bb custom_css_free_form=\u00bbli::marker {||  color: #a50b34;||}\u00bb]<\/p>\n<ul>\n<li>Fortalecer el coraz\u00f3n, las fortalezas interpersonales y la entrega de uno mismo.<\/li>\n<\/ul>\n<p style=\"padding-left: 40px;\">En la pr\u00e1ctica: Los alumnos aprenden a forjar relaciones positivas.<\/p>\n<ul>\n<li>Voluntad fortalecida, fortalezas interpersonales y la voluntad de actuar.<\/li>\n<\/ul>\n<p style=\"padding-left: 40px;\">En la pr\u00e1ctica: Los alumnos aprenden formas de alcanzar sus metas.<\/p>\n<ul>\n<li>Fortaleza de la mente, fuerza intelectual y la fortaleza del pensamiento.<\/li>\n<\/ul>\n<p style=\"padding-left: 40px;\">En la pr\u00e1ctica: Reflexi\u00f3n, admiraci\u00f3n y creatividad.<\/p>\n<p>[\/et_pb_text][et_pb_text _builder_version=\u00bb4.25.0&#8243; _module_preset=\u00bbdefault\u00bb theme_builder_area=\u00bbpost_content\u00bb hover_enabled=\u00bb0&#8243; sticky_enabled=\u00bb0&#8243; text_orientation=\u00bbjustified\u00bb module_alignment=\u00bbcenter\u00bb width=\u00bb86%\u00bb]<\/p>\n<p>A principio del a\u00f1o escolar, se asigna un preceptor a cada alumno, con quien se reunir\u00e1 en diversas ocasiones durante el curso.<\/p>\n<p>El preceptor ayuda al alumno a autoevaluarse con base en una lista espec\u00edfica de fortalezas y virtudes, misma que les ense\u00f1a a enfocarse en su propio crecimiento y \u00e1reas de oportunidad.<\/p>\n<p>Asimismo, el programa funciona sobre valores crisitianos y optimistas, y busca motivar a los alumnos para que busquen convertirse en mejores seres humanos por medio de su fe, sus fortalezas y la capacidad de trabajar en pro de quienes los rodean.<\/p>\n<p>[\/et_pb_text][\/et_pb_column][\/et_pb_row][\/et_pb_section]<\/p>\n","protected":false},"excerpt":{"rendered":"<p>Mentor\u00eda uno a uno &nbsp; Northridge School Mexico forma estudiantes sobre bases morales s\u00f3lidas con el fin de que sus alumnos quieran ser buenos seres humanos, m\u00e1s que simplemente comportarse. Northridge School Mexico forma estudiantes sobre bases morales s\u00f3lidas con el fin de que sus alumnos quieran ser buenos seres humanos, m\u00e1s que simplemente comportarse.Nuestro programa de preceptor\u00eda se enfoca, principalmente, en: Fortalecer el coraz\u00f3n, las fortalezas interpersonales y la entrega de uno mismo. En la pr\u00e1ctica: Los alumnos aprenden a forjar relaciones positivas. Voluntad fortalecida, fortalezas interpersonales y la voluntad de actuar. En la pr\u00e1ctica: Los alumnos aprenden formas de alcanzar sus metas. Fortaleza de la mente, fuerza intelectual y la fortaleza del pensamiento. En la pr\u00e1ctica: Reflexi\u00f3n, admiraci\u00f3n y creatividad.A principio del a\u00f1o escolar, se asigna un preceptor a cada alumno, con quien se reunir\u00e1 en diversas ocasiones durante el curso. El preceptor ayuda al alumno a autoevaluarse con base en una lista espec\u00edfica de fortalezas y virtudes, misma que les ense\u00f1a a enfocarse en su propio crecimiento y \u00e1reas de oportunidad. Asimismo, el programa funciona sobre valores crisitianos y optimistas, y busca motivar a los alumnos para que busquen convertirse en mejores seres humanos por medio de [&hellip;]<\/p>\n","protected":false},"author":1,"featured_media":0,"parent":0,"menu_order":0,"comment_status":"closed","ping_status":"closed","template":"","meta":{"_et_pb_use_builder":"on","_et_pb_old_content":"","_et_gb_content_width":"","footnotes":""},"class_list":["post-899","page","type-page","status-publish","hentry"],"_links":{"self":[{"href":"https:\/\/nsm.edu.mx\/es\/wp-json\/wp\/v2\/pages\/899","targetHints":{"allow":["GET"]}}],"collection":[{"href":"https:\/\/nsm.edu.mx\/es\/wp-json\/wp\/v2\/pages"}],"about":[{"href":"https:\/\/nsm.edu.mx\/es\/wp-json\/wp\/v2\/types\/page"}],"author":[{"embeddable":true,"href":"https:\/\/nsm.edu.mx\/es\/wp-json\/wp\/v2\/users\/1"}],"replies":[{"embeddable":true,"href":"https:\/\/nsm.edu.mx\/es\/wp-json\/wp\/v2\/comments?post=899"}],"version-history":[{"count":0,"href":"https:\/\/nsm.edu.mx\/es\/wp-json\/wp\/v2\/pages\/899\/revisions"}],"wp:attachment":[{"href":"https:\/\/nsm.edu.mx\/es\/wp-json\/wp\/v2\/media?parent=899"}],"curies":[{"name":"wp","href":"https:\/\/api.w.org\/{rel}","templated":true}]}}