{"id":898,"date":"2024-08-01T01:09:49","date_gmt":"2024-08-01T07:09:49","guid":{"rendered":"https:\/\/nsm.edu.mx\/identidad-catolica\/"},"modified":"2026-02-24T07:55:54","modified_gmt":"2026-02-24T13:55:54","slug":"identidad-catolica","status":"publish","type":"page","link":"https:\/\/nsm.edu.mx\/es\/identidad-catolica\/","title":{"rendered":"Identidad Cat\u00f3lica"},"content":{"rendered":"<p>[et_pb_section fb_built=\u00bb1&#8243; _builder_version=\u00bb4.25.0&#8243; _module_preset=\u00bbdefault\u00bb global_colors_info=\u00bb{}\u00bb][et_pb_row column_structure=\u00bb1_2,1_2&#8243; _builder_version=\u00bb4.27.4&#8243; _module_preset=\u00bbdefault\u00bb min_height=\u00bb188.8px\u00bb custom_padding=\u00bb||0px|||\u00bb global_colors_info=\u00bb{}\u00bb][et_pb_column type=\u00bb1_2&#8243; _builder_version=\u00bb4.25.0&#8243; _module_preset=\u00bbdefault\u00bb global_colors_info=\u00bb{}\u00bb][et_pb_image src=\u00bbhttps:\/\/nsm.edu.mx\/wp-content\/uploads\/2024\/08\/img-catholic-identity.jpg\u00bb title_text=\u00bbimg-catholic-identity\u00bb align=\u00bbcenter\u00bb _builder_version=\u00bb4.25.0&#8243; _module_preset=\u00bbdefault\u00bb width=\u00bb65%\u00bb custom_margin=\u00bb||23px|||\u00bb global_colors_info=\u00bb{}\u00bb][\/et_pb_image][\/et_pb_column][et_pb_column type=\u00bb1_2&#8243; _builder_version=\u00bb4.27.0&#8243; _module_preset=\u00bbdefault\u00bb custom_padding=\u00bb7vh||||false|false\u00bb global_colors_info=\u00bb{}\u00bb][et_pb_text _builder_version=\u00bb4.27.4&#8243; _module_preset=\u00bbdefault\u00bb text_font=\u00bb&#8211;et_global_heading_font|700|||||||\u00bb text_font_size=\u00bb30px\u00bb text_line_height=\u00bb1.3em\u00bb header_2_font=\u00bb|700||on|||||\u00bb header_2_text_color=\u00bb#a50b34&#8243; header_2_font_size=\u00bb30px\u00bb text_orientation=\u00bbjustified\u00bb width=\u00bb88.2%\u00bb min_height=\u00bb563px\u00bb custom_padding=\u00bb||0px|||\u00bb global_colors_info=\u00bb{}\u00bb]<\/p>\n<h2>Identidad Cat\u00f3lica<\/h2>\n<h1><\/h1>\n<p><strong><span style=\"font-family: inherit;\">La formaci\u00f3n espiritual en Northridge est\u00e1 encomendada a la Prelatura del Opus Dei, en donde se promueve la santificaci\u00f3n de la vida ordinaria a trav\u00e9s del trabajo, la escuela, la familia, con los amigos y en el deporte, entre otros.<\/span><\/strong><\/p>\n<p><span><\/span><\/p>\n<p>[\/et_pb_text][\/et_pb_column][\/et_pb_row][\/et_pb_section][et_pb_section fb_built=\u00bb1&#8243; _builder_version=\u00bb4.25.0&#8243; _module_preset=\u00bbdefault\u00bb background_image=\u00bbhttps:\/\/nsm.edu.mx\/wp-content\/uploads\/2024\/08\/fondo-text-cathollic.jpg\u00bb custom_padding=\u00bb||10vh||false|false\u00bb global_colors_info=\u00bb{}\u00bb][et_pb_row _builder_version=\u00bb4.25.0&#8243; _module_preset=\u00bbdefault\u00bb global_colors_info=\u00bb{}\u00bb][et_pb_column type=\u00bb4_4&#8243; _builder_version=\u00bb4.25.0&#8243; _module_preset=\u00bbdefault\u00bb global_colors_info=\u00bb{}\u00bb][et_pb_text _builder_version=\u00bb4.25.0&#8243; _module_preset=\u00bbdefault\u00bb text_text_color=\u00bb#FFFFFF\u00bb text_font_size=\u00bb20px\u00bb text_line_height=\u00bb1.3em\u00bb text_orientation=\u00bbjustified\u00bb global_colors_info=\u00bb{}\u00bb link_text_color__hover_enabled=\u00bbon|hover\u00bb link_text_color__hover=\u00bb#231f20&#8243;]<\/p>\n<p>\u201cEn la sencillez de tu labor ordinaria, en los detalles mon\u00f3tonos de cada d\u00eda, has de descubrir el secreto \u2014para tantos escondido\u2014 de la grandeza y de la novedad: el Amor.\u201d<\/p>\n<p><span style=\"color: #ffd04d;\">\u2013 St. Josemar\u00eda Escriv\u00e1, Fundador del Opus Dei.<\/span><\/p>\n<p style=\"text-align: center;\">\n<p style=\"text-align: center;\">\n<p style=\"text-align: center;\">Para conocer m\u00e1s, da clic <a href=\"https:\/\/opusdei.org\/es-mx\/page\/el-opus-dei-en-mexico\/\" target=\"_blank\" rel=\"noopener\">aqu\u00ed<\/a><\/p>\n<p>[\/et_pb_text][\/et_pb_column][\/et_pb_row][\/et_pb_section]<\/p>\n","protected":false},"excerpt":{"rendered":"<p>Identidad Cat\u00f3lica La formaci\u00f3n espiritual en Northridge est\u00e1 encomendada a la Prelatura del Opus Dei, en donde se promueve la santificaci\u00f3n de la vida ordinaria a trav\u00e9s del trabajo, la escuela, la familia, con los amigos y en el deporte, entre otros. \u201cEn la sencillez de tu labor ordinaria, en los detalles mon\u00f3tonos de cada d\u00eda, has de descubrir el secreto \u2014para tantos escondido\u2014 de la grandeza y de la novedad: el Amor.\u201d \u2013 St. Josemar\u00eda Escriv\u00e1, Fundador del Opus Dei. Para conocer m\u00e1s, da clic aqu\u00ed<\/p>\n","protected":false},"author":1,"featured_media":0,"parent":0,"menu_order":0,"comment_status":"closed","ping_status":"closed","template":"","meta":{"_et_pb_use_builder":"on","_et_pb_old_content":"","_et_gb_content_width":"","footnotes":""},"class_list":["post-898","page","type-page","status-publish","hentry"],"_links":{"self":[{"href":"https:\/\/nsm.edu.mx\/es\/wp-json\/wp\/v2\/pages\/898","targetHints":{"allow":["GET"]}}],"collection":[{"href":"https:\/\/nsm.edu.mx\/es\/wp-json\/wp\/v2\/pages"}],"about":[{"href":"https:\/\/nsm.edu.mx\/es\/wp-json\/wp\/v2\/types\/page"}],"author":[{"embeddable":true,"href":"https:\/\/nsm.edu.mx\/es\/wp-json\/wp\/v2\/users\/1"}],"replies":[{"embeddable":true,"href":"https:\/\/nsm.edu.mx\/es\/wp-json\/wp\/v2\/comments?post=898"}],"version-history":[{"count":11,"href":"https:\/\/nsm.edu.mx\/es\/wp-json\/wp\/v2\/pages\/898\/revisions"}],"predecessor-version":[{"id":1135,"href":"https:\/\/nsm.edu.mx\/es\/wp-json\/wp\/v2\/pages\/898\/revisions\/1135"}],"wp:attachment":[{"href":"https:\/\/nsm.edu.mx\/es\/wp-json\/wp\/v2\/media?parent=898"}],"curies":[{"name":"wp","href":"https:\/\/api.w.org\/{rel}","templated":true}]}}