{"id":897,"date":"2024-08-01T01:09:37","date_gmt":"2024-08-01T07:09:37","guid":{"rendered":"https:\/\/nsm.edu.mx\/arte\/"},"modified":"2024-08-01T01:09:37","modified_gmt":"2024-08-01T07:09:37","slug":"arte","status":"publish","type":"page","link":"https:\/\/nsm.edu.mx\/es\/arte\/","title":{"rendered":"Arte"},"content":{"rendered":"<p>[et_pb_section fb_built=\u00bb1&#8243; _builder_version=\u00bb4.25.0&#8243; _module_preset=\u00bbdefault\u00bb global_colors_info=\u00bb{}\u00bb][et_pb_row _builder_version=\u00bb4.25.0&#8243; _module_preset=\u00bbdefault\u00bb global_colors_info=\u00bb{}\u00bb][et_pb_column type=\u00bb4_4&#8243; _builder_version=\u00bb4.25.0&#8243; _module_preset=\u00bbdefault\u00bb global_colors_info=\u00bb{}\u00bb][et_pb_video src=\u00bbhttps:\/\/nsm.edu.mx\/wp-content\/uploads\/2024\/08\/video-arts-department.mp4&#8243; module_class=\u00bblwp-video-autoplay\u00bb _builder_version=\u00bb4.25.0&#8243; _module_preset=\u00bbdefault\u00bb width=\u00bb80%\u00bb module_alignment=\u00bbcenter\u00bb global_colors_info=\u00bb{}\u00bb][\/et_pb_video][\/et_pb_column][\/et_pb_row][et_pb_row _builder_version=\u00bb4.25.0&#8243; _module_preset=\u00bbdefault\u00bb global_colors_info=\u00bb{}\u00bb][et_pb_column type=\u00bb4_4&#8243; _builder_version=\u00bb4.25.0&#8243; _module_preset=\u00bbdefault\u00bb global_colors_info=\u00bb{}\u00bb][et_pb_text _builder_version=\u00bb4.25.0&#8243; _module_preset=\u00bbdefault\u00bb text_font=\u00bb|700|||||||\u00bb text_text_color=\u00bb#a50b34&#8243; text_font_size=\u00bb22px\u00bb text_line_height=\u00bb1.3em\u00bb text_orientation=\u00bbcenter\u00bb width=\u00bb70%\u00bb module_alignment=\u00bbcenter\u00bb global_colors_info=\u00bb{}\u00bb]<\/p>\n<p>Northridge School Mexico ofrece un programa de m\u00fasica sumamente extenso, as\u00ed como una curr\u00edcula de artes visuales cuyo fin es enriquecer el desarrollo y la formaci\u00f3n de nuestros alumnos.<\/p>\n<p>[\/et_pb_text][et_pb_text _builder_version=\u00bb4.25.0&#8243; _module_preset=\u00bbdefault\u00bb text_orientation=\u00bbjustified\u00bb width=\u00bb70%\u00bb module_alignment=\u00bbcenter\u00bb global_colors_info=\u00bb{}\u00bb]<\/p>\n<p>Desde Pre-first hasta 12mo grados, los alumnos deben aprender a tocar un instrumento como parte de su curr\u00edculum de educaci\u00f3n musical. Nuestros alumnos m\u00e1s peque\u00f1os comienzan con el viol\u00edn, la flauta transversa o el cello, con la oportunidad de cambiar m\u00e1s adelante, perfeccionarlo, o unirse a uno de nuestros reconocidos ensambles que conforman nuestro programa de After School: <\/p>\n<p>[\/et_pb_text][\/et_pb_column][\/et_pb_row][et_pb_row column_structure=\u00bb1_2,1_2&#8243; _builder_version=\u00bb4.25.0&#8243; _module_preset=\u00bbdefault\u00bb width=\u00bb100%\u00bb max_width=\u00bb35%\u00bb module_alignment=\u00bbcenter\u00bb global_colors_info=\u00bb{}\u00bb][et_pb_column type=\u00bb1_2&#8243; _builder_version=\u00bb4.25.0&#8243; _module_preset=\u00bbdefault\u00bb global_colors_info=\u00bb{}\u00bb][et_pb_text _builder_version=\u00bb4.25.0&#8243; _module_preset=\u00bbdefault\u00bb text_font_size=\u00bb15px\u00bb text_line_height=\u00bb1.3em\u00bb text_orientation=\u00bbjustified\u00bb custom_css_free_form=\u00bbli::marker {||  color: #ffd04d;||}\u00bb global_colors_info=\u00bb{}\u00bb]<\/p>\n<ul>\n<li>Ninja Flute Choir<\/li>\n<li>Samurai Woodwinds Choir<\/li>\n<li>NSM Boys Choir<\/li>\n<li>Petit Orchestre<\/li>\n<li>Bowing Strings<\/li>\n<\/ul>\n<p>[\/et_pb_text][\/et_pb_column][et_pb_column type=\u00bb1_2&#8243; _builder_version=\u00bb4.25.0&#8243; _module_preset=\u00bbdefault\u00bb global_colors_info=\u00bb{}\u00bb][et_pb_text _builder_version=\u00bb4.25.0&#8243; _module_preset=\u00bbdefault\u00bb text_font_size=\u00bb15px\u00bb text_line_height=\u00bb1.3em\u00bb text_orientation=\u00bbjustified\u00bb custom_css_free_form=\u00bbli::marker {||  color: #ffd04d;||}\u00bb global_colors_info=\u00bb{}\u00bb]<\/p>\n<ul>\n<li>Downtown Strings<\/li>\n<li>City Jazz Band<\/li>\n<li>Atomic Band<\/li>\n<li>Metropoli Jazz Band<\/li>\n<\/ul>\n<p>[\/et_pb_text][\/et_pb_column][\/et_pb_row][et_pb_row _builder_version=\u00bb4.25.0&#8243; _module_preset=\u00bbdefault\u00bb global_colors_info=\u00bb{}\u00bb][et_pb_column type=\u00bb4_4&#8243; _builder_version=\u00bb4.25.0&#8243; _module_preset=\u00bbdefault\u00bb global_colors_info=\u00bb{}\u00bb][et_pb_image src=\u00bbhttps:\/\/nsm.edu.mx\/wp-content\/uploads\/2024\/08\/img-logos-arts.png\u00bb title_text=\u00bbimg-logos-arts\u00bb _builder_version=\u00bb4.25.0&#8243; _module_preset=\u00bbdefault\u00bb width=\u00bb60%\u00bb module_alignment=\u00bbcenter\u00bb global_colors_info=\u00bb{}\u00bb][\/et_pb_image][\/et_pb_column][\/et_pb_row][\/et_pb_section][et_pb_section fb_built=\u00bb1&#8243; _builder_version=\u00bb4.25.0&#8243; _module_preset=\u00bbdefault\u00bb background_image=\u00bbhttps:\/\/nsm.edu.mx\/wp-content\/uploads\/2024\/08\/fondo-music-visual-noframe.jpg\u00bb custom_padding=\u00bb10vh||10vh||true|false\u00bb hover_enabled=\u00bb0&#8243; global_colors_info=\u00bb{}\u00bb title_text=\u00bbfondo-music-visual-noframe\u00bb sticky_enabled=\u00bb0&#8243;][et_pb_row column_structure=\u00bb1_2,1_2&#8243; use_custom_gutter=\u00bbon\u00bb gutter_width=\u00bb4&#8243; make_equal=\u00bbon\u00bb _builder_version=\u00bb4.25.0&#8243; _module_preset=\u00bbdefault\u00bb width=\u00bb100%\u00bb max_width=\u00bb80%\u00bb hover_enabled=\u00bb0&#8243; global_colors_info=\u00bb{}\u00bb border_width_all=\u00bb2px\u00bb border_color_all=\u00bb#ffd04d\u00bb sticky_enabled=\u00bb0&#8243; custom_padding=\u00bb5vh|3vw|5vh|3vw|true|true\u00bb][et_pb_column type=\u00bb1_2&#8243; _builder_version=\u00bb4.25.0&#8243; _module_preset=\u00bbdefault\u00bb global_colors_info=\u00bb{}\u00bb][et_pb_text _builder_version=\u00bb4.25.0&#8243; _module_preset=\u00bbdefault\u00bb text_font=\u00bb|300|||||||\u00bb text_text_color=\u00bb#FFFFFF\u00bb header_2_font=\u00bb&#8211;et_global_body_font|||on|||||\u00bb header_2_text_align=\u00bbcenter\u00bb header_2_text_color=\u00bb#ffd04d\u00bb header_2_font_size=\u00bb30px\u00bb text_orientation=\u00bbjustified\u00bb global_colors_info=\u00bb{}\u00bb]<\/p>\n<h2>Musica<\/h2>\n<p>&nbsp;<\/p>\n<p>Nuestros alumnos han participado en eventos y recintos como el Museo Soumaya, el Museo del Papalote, el Museo de Arte Popular, la Universidad Panamericana, el Teatro del Parque, la 7ma y 8va ediciones del Festival FICUP, el Monteverde Arts Festival y nuestro muy exitoso Live Arts Festival (LAF).<\/p>\n<p>A escala internacional, nuestros ensambles y nuestro coro han realizado giras en ciudades como Chicago, Hong Kong y Beijing, con ejecuciones en escenarios como la Gran Muralla china. Resultado de sus ejecuciones en el Six Flags Music Festival de Chicago, nuestros alumnos se hicieron merecedores de varios primeros premios, tanto por su desempe\u00f1o individual, como grupal. <\/p>\n<p>Nuestro coro, el NSM Boys Choir, tambi\u00e9n ha destacado en varias ocasiones en eventos como Cantus in Adventu, el festival Entre Coros y el Encuentro infantil de la Universidad La Salle.<\/p>\n<p>Asimismo, gozaron del privilegio de ser parte del coro monumental que cant\u00f3 para Su Santidad el Papa Francisco durante su visita a nuestro pa\u00eds, y han tenido oportunidad de cantar bajo la batuta de personalidades como Teresa Navarro y Jos\u00e9 Galv\u00e1n.<\/p>\n<p>Asimismo, nuestros ni\u00f1os tienen la oportunidad de certificarse con el Associated Board of the Royal Schools of Music (ABRSM) y el Programa de m\u00fasica Suzuki.<\/p>\n<p>[\/et_pb_text][\/et_pb_column][et_pb_column type=\u00bb1_2&#8243; _builder_version=\u00bb4.25.0&#8243; _module_preset=\u00bbdefault\u00bb global_colors_info=\u00bb{}\u00bb][et_pb_text _builder_version=\u00bb4.25.0&#8243; _module_preset=\u00bbdefault\u00bb text_font=\u00bb|300|||||||\u00bb text_text_color=\u00bb#FFFFFF\u00bb header_2_font=\u00bb&#8211;et_global_body_font|||on|||||\u00bb header_2_text_align=\u00bbcenter\u00bb header_2_text_color=\u00bb#ffd04d\u00bb header_2_font_size=\u00bb30px\u00bb text_orientation=\u00bbjustified\u00bb global_colors_info=\u00bb{}\u00bb]<\/p>\n<h2>Artes visuales<\/h2>\n<p>&nbsp;<\/p>\n<p>Nuestro programa de artes visuales se imparte desde Pre-first hasta 5\u00b0 de primaria y ayuda a los alumnos a desarrollar habilidades para la resoluci\u00f3n de problemas a trav\u00e9s de la creatividad.<\/p>\n<p>La ense\u00f1anza de las artes prepara el escenario para resolver problemas dif\u00edciles visualmente, lo que los hace m\u00e1s f\u00e1ciles de entender.<\/p>\n<p>Las artes significan retos que los alumnos deben afrontar y que se traducen en valiosas herramientas dentro de sus talleres.<\/p>\n<p>[\/et_pb_text][\/et_pb_column][\/et_pb_row][\/et_pb_section][et_pb_section fb_built=\u00bb1&#8243; _builder_version=\u00bb4.25.0&#8243; _module_preset=\u00bbdefault\u00bb background_color=\u00bb#231f20&#8243; global_colors_info=\u00bb{}\u00bb][et_pb_row _builder_version=\u00bb4.25.0&#8243; _module_preset=\u00bbdefault\u00bb global_colors_info=\u00bb{}\u00bb][et_pb_column type=\u00bb4_4&#8243; _builder_version=\u00bb4.25.0&#8243; _module_preset=\u00bbdefault\u00bb global_colors_info=\u00bb{}\u00bb][et_pb_text _builder_version=\u00bb4.25.0&#8243; _module_preset=\u00bbdefault\u00bb header_2_font=\u00bb|700|||||||\u00bb header_2_text_align=\u00bbcenter\u00bb header_2_text_color=\u00bb#ffd04d\u00bb global_colors_info=\u00bb{}\u00bb]<\/p>\n<h2>Galer\u00eda de fotos<\/h2>\n<p>[\/et_pb_text][\/et_pb_column][\/et_pb_row][et_pb_row _builder_version=\u00bb4.25.0&#8243; _module_preset=\u00bbdefault\u00bb global_colors_info=\u00bb{}\u00bb][et_pb_column type=\u00bb4_4&#8243; _builder_version=\u00bb4.25.0&#8243; _module_preset=\u00bbdefault\u00bb global_colors_info=\u00bb{}\u00bb][dsm_image_carousel gallery_ids=\u00bb383,384,385,386,387,388,389,390,391,392,393,394,395,396,397,398,399,400,401,402&#8243; slide_to_show=\u00bb1&#8243; arrow_size=\u00bb60px\u00bb dots=\u00bboff\u00bb arrow_color=\u00bb#FFFFFF\u00bb _builder_version=\u00bb4.25.0&#8243; _module_preset=\u00bbdefault\u00bb width=\u00bb80%\u00bb module_alignment=\u00bbcenter\u00bb custom_margin=\u00bb||0px||false|false\u00bb global_colors_info=\u00bb{}\u00bb][\/dsm_image_carousel][\/et_pb_column][\/et_pb_row][\/et_pb_section]<\/p>\n","protected":false},"excerpt":{"rendered":"<p>Northridge School Mexico ofrece un programa de m\u00fasica sumamente extenso, as\u00ed como una curr\u00edcula de artes visuales cuyo fin es enriquecer el desarrollo y la formaci\u00f3n de nuestros alumnos.Desde Pre-first hasta 12mo grados, los alumnos deben aprender a tocar un instrumento como parte de su curr\u00edculum de educaci\u00f3n musical. Nuestros alumnos m\u00e1s peque\u00f1os comienzan con el viol\u00edn, la flauta transversa o el cello, con la oportunidad de cambiar m\u00e1s adelante, perfeccionarlo, o unirse a uno de nuestros reconocidos ensambles que conforman nuestro programa de After School: Ninja Flute Choir Samurai Woodwinds Choir NSM Boys Choir Petit Orchestre Bowing Strings Downtown Strings City Jazz Band Atomic Band Metropoli Jazz Band Musica &nbsp; Nuestros alumnos han participado en eventos y recintos como el Museo Soumaya, el Museo del Papalote, el Museo de Arte Popular, la Universidad Panamericana, el Teatro del Parque, la 7ma y 8va ediciones del Festival FICUP, el Monteverde Arts Festival y nuestro muy exitoso Live Arts Festival (LAF). A escala internacional, nuestros ensambles y nuestro coro han realizado giras en ciudades como Chicago, Hong Kong y Beijing, con ejecuciones en escenarios como la Gran Muralla china. Resultado de sus ejecuciones en el Six Flags Music Festival de Chicago, nuestros [&hellip;]<\/p>\n","protected":false},"author":1,"featured_media":0,"parent":0,"menu_order":0,"comment_status":"closed","ping_status":"closed","template":"","meta":{"_et_pb_use_builder":"on","_et_pb_old_content":"","_et_gb_content_width":"","footnotes":""},"class_list":["post-897","page","type-page","status-publish","hentry"],"_links":{"self":[{"href":"https:\/\/nsm.edu.mx\/es\/wp-json\/wp\/v2\/pages\/897","targetHints":{"allow":["GET"]}}],"collection":[{"href":"https:\/\/nsm.edu.mx\/es\/wp-json\/wp\/v2\/pages"}],"about":[{"href":"https:\/\/nsm.edu.mx\/es\/wp-json\/wp\/v2\/types\/page"}],"author":[{"embeddable":true,"href":"https:\/\/nsm.edu.mx\/es\/wp-json\/wp\/v2\/users\/1"}],"replies":[{"embeddable":true,"href":"https:\/\/nsm.edu.mx\/es\/wp-json\/wp\/v2\/comments?post=897"}],"version-history":[{"count":0,"href":"https:\/\/nsm.edu.mx\/es\/wp-json\/wp\/v2\/pages\/897\/revisions"}],"wp:attachment":[{"href":"https:\/\/nsm.edu.mx\/es\/wp-json\/wp\/v2\/media?parent=897"}],"curies":[{"name":"wp","href":"https:\/\/api.w.org\/{rel}","templated":true}]}}