{"id":896,"date":"2024-08-01T01:09:24","date_gmt":"2024-08-01T07:09:24","guid":{"rendered":"https:\/\/nsm.edu.mx\/atletismo\/"},"modified":"2024-08-01T01:09:24","modified_gmt":"2024-08-01T07:09:24","slug":"atletismo","status":"publish","type":"page","link":"https:\/\/nsm.edu.mx\/es\/atletismo\/","title":{"rendered":"Atletismo"},"content":{"rendered":"<p>[et_pb_section fb_built=\u00bb1&#8243; _builder_version=\u00bb4.25.0&#8243; _module_preset=\u00bbdefault\u00bb global_colors_info=\u00bb{}\u00bb][et_pb_row _builder_version=\u00bb4.25.0&#8243; _module_preset=\u00bbdefault\u00bb global_colors_info=\u00bb{}\u00bb][et_pb_column type=\u00bb4_4&#8243; _builder_version=\u00bb4.25.0&#8243; _module_preset=\u00bbdefault\u00bb global_colors_info=\u00bb{}\u00bb][et_pb_image src=\u00bbhttps:\/\/nsm.edu.mx\/wp-content\/uploads\/2024\/08\/img-intro-athetics.jpg\u00bb title_text=\u00bbimg-intro-athetics\u00bb align=\u00bbcenter\u00bb _builder_version=\u00bb4.25.0&#8243; _module_preset=\u00bbdefault\u00bb width=\u00bb85%\u00bb module_alignment=\u00bbcenter\u00bb global_colors_info=\u00bb{}\u00bb][\/et_pb_image][\/et_pb_column][\/et_pb_row][et_pb_row _builder_version=\u00bb4.25.0&#8243; _module_preset=\u00bbdefault\u00bb global_colors_info=\u00bb{}\u00bb][et_pb_column type=\u00bb4_4&#8243; _builder_version=\u00bb4.25.0&#8243; _module_preset=\u00bbdefault\u00bb global_colors_info=\u00bb{}\u00bb][et_pb_text _builder_version=\u00bb4.25.0&#8243; _module_preset=\u00bbdefault\u00bb text_font=\u00bb|700|||||||\u00bb text_text_color=\u00bb#a50b34&#8243; text_font_size=\u00bb22px\u00bb text_line_height=\u00bb1.3em\u00bb text_orientation=\u00bbcenter\u00bb width=\u00bb70%\u00bb module_alignment=\u00bbcenter\u00bb global_colors_info=\u00bb{}\u00bb]<\/p>\n<p>En Northridge, creemos que cada alumno debe seguir un estilo de vida sano en todo sentido. Es por ello que nuestros programas de Educaci\u00f3n F\u00edsica permiten que se familiaricen con cada una de las variables que, dentro de este campo, les ayudar\u00e1n a alcanzar sus metas. <\/p>\n<p>[\/et_pb_text][et_pb_text _builder_version=\u00bb4.25.0&#8243; _module_preset=\u00bbdefault\u00bb text_orientation=\u00bbjustified\u00bb width=\u00bb78%\u00bb module_alignment=\u00bbcenter\u00bb global_colors_info=\u00bb{}\u00bb]<\/p>\n<p>Buscamos que nuestros alumnos desarrollen habilidades motoras y que conozcan las diferentes disciplinas deportivas que ofrecemos. Con ello, reconocer\u00e1n que la actividad f\u00edsica es tambi\u00e9n un medio de formaci\u00f3n de car\u00e1cter, a trav\u00e9s del cual aprender\u00e1n el respeto hacia s\u00ed mismos y hacia los dem\u00e1s. <\/p>\n<p>[\/et_pb_text][\/et_pb_column][\/et_pb_row][et_pb_row column_structure=\u00bb1_2,1_2&#8243; use_custom_gutter=\u00bbon\u00bb gutter_width=\u00bb1&#8243; make_equal=\u00bbon\u00bb _builder_version=\u00bb4.25.0&#8243; _module_preset=\u00bbdefault\u00bb width=\u00bb100%\u00bb max_width=\u00bb98%\u00bb global_colors_info=\u00bb{}\u00bb][et_pb_column type=\u00bb1_2&#8243; _builder_version=\u00bb4.25.0&#8243; _module_preset=\u00bbdefault\u00bb global_colors_info=\u00bb{}\u00bb][et_pb_image src=\u00bbhttps:\/\/nsm.edu.mx\/wp-content\/uploads\/2024\/08\/img-objetives.jpg\u00bb title_text=\u00bbimg-objetives\u00bb _builder_version=\u00bb4.25.0&#8243; _module_preset=\u00bbdefault\u00bb global_colors_info=\u00bb{}\u00bb][\/et_pb_image][\/et_pb_column][et_pb_column type=\u00bb1_2&#8243; _builder_version=\u00bb4.25.0&#8243; _module_preset=\u00bbdefault\u00bb background_image=\u00bbhttps:\/\/nsm.edu.mx\/wp-content\/uploads\/2024\/08\/fondo-text-objetives.jpg\u00bb custom_padding=\u00bb6vh|2vw|6vh|2vw|true|true\u00bb global_colors_info=\u00bb{}\u00bb][et_pb_text _builder_version=\u00bb4.25.0&#8243; _module_preset=\u00bbdefault\u00bb text_font=\u00bb|300|||||||\u00bb text_text_color=\u00bb#FFFFFF\u00bb text_line_height=\u00bb1.3em\u00bb text_orientation=\u00bbjustified\u00bb hover_enabled=\u00bb0&#8243; custom_css_free_form=\u00bbli::marker {||  color: #ffd04d;||}\u00bb global_colors_info=\u00bb{}\u00bb sticky_enabled=\u00bb0&#8243;]<\/p>\n<p><span style=\"color: #ffd04d;\">Los objetivos que buscamos alcanzar a trav\u00e9s de la pr\u00e1ctica del deporte son los siguientes:<\/span><\/p>\n<p><span style=\"color: #ffd04d;\"><\/span><\/p>\n<ul>\n<li>Desarrollo de habilidades motoras complejas.<\/li>\n<li>Desarrollo de planes personales de actividad f\u00edsica.<\/li>\n<li>Creaci\u00f3n de un estilo de vida saludable.<\/li>\n<li>Lograr niveles \u00f3ptimos de condici\u00f3n f\u00edsica.<\/li>\n<li>Lograr interacciones sociales positivas por medio de la participaci\u00f3n en actividades deportivas.<\/li>\n<li>Respeto hacia s\u00ed mismos y hacia los dem\u00e1s.<\/li>\n<\/ul>\n<p><span style=\"color: #ffd04d;\">Es as\u00ed que la actividad f\u00edsica ayudar\u00e1 a los alumnos a ser parte de un proyecto que, a su vez, fomentar\u00e1 el fortalecimiento del car\u00e1cter.<\/span><\/p>\n<p>[\/et_pb_text][\/et_pb_column][\/et_pb_row][et_pb_row _builder_version=\u00bb4.25.0&#8243; _module_preset=\u00bbdefault\u00bb global_colors_info=\u00bb{}\u00bb][et_pb_column type=\u00bb4_4&#8243; _builder_version=\u00bb4.25.0&#8243; _module_preset=\u00bbdefault\u00bb global_colors_info=\u00bb{}\u00bb][et_pb_text _builder_version=\u00bb4.25.0&#8243; _module_preset=\u00bbdefault\u00bb header_2_font=\u00bb|700|||||||\u00bb header_2_text_align=\u00bbcenter\u00bb header_2_text_color=\u00bb#a50b34&#8243; global_colors_info=\u00bb{}\u00bb]<\/p>\n<h2>Galer\u00eda de fotos<\/h2>\n<p>[\/et_pb_text][\/et_pb_column][\/et_pb_row][et_pb_row _builder_version=\u00bb4.25.0&#8243; _module_preset=\u00bbdefault\u00bb global_colors_info=\u00bb{}\u00bb][et_pb_column type=\u00bb4_4&#8243; _builder_version=\u00bb4.25.0&#8243; _module_preset=\u00bbdefault\u00bb global_colors_info=\u00bb{}\u00bb][dsm_image_carousel gallery_ids=\u00bb352,353,354,355,356,357,358,359,360,361,362,363,364,365,366,367,368,369,370,371,372,373,374,375,376&#8243; slide_to_show=\u00bb1&#8243; arrow_size=\u00bb60px\u00bb dots=\u00bboff\u00bb arrow_color=\u00bb#231f20&#8243; _builder_version=\u00bb4.25.0&#8243; _module_preset=\u00bbdefault\u00bb width=\u00bb80%\u00bb module_alignment=\u00bbcenter\u00bb custom_margin=\u00bb||0px||false|false\u00bb global_colors_info=\u00bb{}\u00bb][\/dsm_image_carousel][\/et_pb_column][\/et_pb_row][\/et_pb_section]<\/p>\n","protected":false},"excerpt":{"rendered":"<p>En Northridge, creemos que cada alumno debe seguir un estilo de vida sano en todo sentido. Es por ello que nuestros programas de Educaci\u00f3n F\u00edsica permiten que se familiaricen con cada una de las variables que, dentro de este campo, les ayudar\u00e1n a alcanzar sus metas. Buscamos que nuestros alumnos desarrollen habilidades motoras y que conozcan las diferentes disciplinas deportivas que ofrecemos. Con ello, reconocer\u00e1n que la actividad f\u00edsica es tambi\u00e9n un medio de formaci\u00f3n de car\u00e1cter, a trav\u00e9s del cual aprender\u00e1n el respeto hacia s\u00ed mismos y hacia los dem\u00e1s. Los objetivos que buscamos alcanzar a trav\u00e9s de la pr\u00e1ctica del deporte son los siguientes: Desarrollo de habilidades motoras complejas. Desarrollo de planes personales de actividad f\u00edsica. Creaci\u00f3n de un estilo de vida saludable. Lograr niveles \u00f3ptimos de condici\u00f3n f\u00edsica. Lograr interacciones sociales positivas por medio de la participaci\u00f3n en actividades deportivas. Respeto hacia s\u00ed mismos y hacia los dem\u00e1s. Es as\u00ed que la actividad f\u00edsica ayudar\u00e1 a los alumnos a ser parte de un proyecto que, a su vez, fomentar\u00e1 el fortalecimiento del car\u00e1cter.Galer\u00eda de fotos<div class=\"et_pb_module dsm_image_carousel dsm_image_carousel_0 dsm_image_carousel_arrow_outside dsm_image_carousel_arrow_mobile_inside \">\n\t\t\t\t\n\t\t\t\t\n\t\t\t\t\n\t\t\t\t\n\t\t\t\t\n\t\t\t\t\n\t\t\t\t<div class=\"et_pb_module_inner\">\n\t\t\t\t\t<div class=\"swiper-container dsm_image_carousel_container  dsm_image_carousel_carousel\" dir=\"ltr\"data-effect=\"default\"\n\t\t\tdata-slider-effect-shadows=\"false\"\n\t\t\tdata-slider-effect-coverflow-rotate=\"30\"\n\t\t\tdata-slider-effect-coverflow-depth=\"0\"\n\t\t\tdata-loop=\"true\"\n\t\t\tdata-slide-to-show=\"1\"\n\t\t\tdata-slide-to-show-tablet=\"1\"\n\t\t\tdata-slide-to-show-phone=\"1\"\n\t\t\tdata-slide-to-scroll=\"1\"\n\t\t\tdata-slide-to-scroll-tablet=\"1\"\n\t\t\tdata-slide-to-scroll-phone=\"1\"\n\t\t\tdata-space-between=\"15\"\n\t\t\tdata-space-between-tablet=\"15\"\n\t\t\tdata-space-between-phone=\"15\"\n\t\t\tdata-slide-row=\"1\"\n\t\t\tdata-centered-slides=\"false\"\n\t\t\tdata-speed=\"300\"\n\t\t\tdata-autoplay=\"true\"\n\t\t\tdata-autoplay-speed=\"3000\"\n\t\t\tdata-touch-move=\"true\"\n\t\t\tdata-grab=\"true\"\n\t\t\tdata-pause-on-hover=\"false\"\n\t\t\tdata-show-lightbox=\"false\"\n\t\t\tdata-lightbox-gallery=\"false\"\n\t\t\tdata-lightbox-caption=\"false\"\n\t\t\tdata-infinite-scrolling=\"false\"\n\t\t\tdata-slide-row-tablet=\"1\"\n\t\t\tdata-slide-row-phone=\"1\"\n\t\t\tdata-autoplay-viewport=80%\n\t\t\tdata-mousewheel=\"false\"\n\t\t\tdata-lazyload=\"false\"\n\t\t\tdata-type=\"carousel\"\n\t\t\tdata-slideshow-effect=\"default\"\n\t\t\tdata-slideshow-to-show=\"4\"\n\t\t\tdata-slideshow-to-show-tablet=\"4\"\n\t\t\tdata-slideshow-to-show-phone=\"\"\n\t\t\tdata-slider-orientation=\"horizontal\"\n\t\t\t><div class=\"swiper-wrapper\"><div class=\"swiper-slide dsm_image_carousel_item\"><img loading=\"lazy\" decoding=\"async\" src=\"https:\/\/nsm.edu.mx\/wp-content\/uploads\/2024\/08\/7b6beb96d22d4b4c8641e4cf3b912a71.jpeg\" alt=\"\" title=\"7b6beb96d22d4b4c8641e4cf3b912a71\" width=\"800\" height=\"533\" data-dsm-image-description=\"\" srcset=\"https:\/\/nsm.edu.mx\/wp-content\/uploads\/2024\/08\/7b6beb96d22d4b4c8641e4cf3b912a71.jpeg 800w, https:\/\/nsm.edu.mx\/wp-content\/uploads\/2024\/08\/7b6beb96d22d4b4c8641e4cf3b912a71-480x320.jpeg 480w\" sizes=\"(min-width: 0px) and (max-width: 480px) 480px, (min-width: 481px) 800px, 100vw\" class=\" skip-lazy\" \/><\/div><div class=\"swiper-slide dsm_image_carousel_item\"><img loading=\"lazy\" decoding=\"async\" src=\"https:\/\/nsm.edu.mx\/wp-content\/uploads\/2024\/08\/8243eb4b38474662a1ab3f524544fee3.jpeg\" alt=\"\" title=\"8243eb4b38474662a1ab3f524544fee3\" width=\"800\" height=\"533\" data-dsm-image-description=\"\" srcset=\"https:\/\/nsm.edu.mx\/wp-content\/uploads\/2024\/08\/8243eb4b38474662a1ab3f524544fee3.jpeg 800w, https:\/\/nsm.edu.mx\/wp-content\/uploads\/2024\/08\/8243eb4b38474662a1ab3f524544fee3-480x320.jpeg 480w\" sizes=\"(min-width: 0px) and (max-width: 480px) 480px, (min-width: 481px) 800px, 100vw\" class=\" skip-lazy\" \/><\/div><div class=\"swiper-slide dsm_image_carousel_item\"><img loading=\"lazy\" decoding=\"async\" src=\"https:\/\/nsm.edu.mx\/wp-content\/uploads\/2024\/08\/10857FA03037493F98996E7747D4F804.jpeg\" alt=\"\" title=\"10857FA03037493F98996E7747D4F804\" width=\"800\" height=\"800\" data-dsm-image-description=\"\" srcset=\"https:\/\/nsm.edu.mx\/wp-content\/uploads\/2024\/08\/10857FA03037493F98996E7747D4F804.jpeg 800w, https:\/\/nsm.edu.mx\/wp-content\/uploads\/2024\/08\/10857FA03037493F98996E7747D4F804-480x480.jpeg 480w\" sizes=\"(min-width: 0px) and (max-width: 480px) 480px, (min-width: 481px) 800px, 100vw\" class=\" skip-lazy\" \/><\/div><div class=\"swiper-slide dsm_image_carousel_item\"><img loading=\"lazy\" decoding=\"async\" src=\"https:\/\/nsm.edu.mx\/wp-content\/uploads\/2024\/08\/BASKETBALLCLINIC126.jpeg\" alt=\"\" title=\"BASKETBALLCLINIC126\" width=\"800\" height=\"533\" data-dsm-image-description=\"\" srcset=\"https:\/\/nsm.edu.mx\/wp-content\/uploads\/2024\/08\/BASKETBALLCLINIC126.jpeg 800w, https:\/\/nsm.edu.mx\/wp-content\/uploads\/2024\/08\/BASKETBALLCLINIC126-480x320.jpeg 480w\" sizes=\"(min-width: 0px) and (max-width: 480px) 480px, (min-width: 481px) 800px, 100vw\" class=\" skip-lazy\" \/><\/div><div class=\"swiper-slide dsm_image_carousel_item\"><img loading=\"lazy\" decoding=\"async\" src=\"https:\/\/nsm.edu.mx\/wp-content\/uploads\/2024\/08\/CopyofA6E098F17E7D4EEBAD05B7D7A6F6FAEE.jpeg\" alt=\"\" title=\"CopyofA6E098F17E7D4EEBAD05B7D7A6F6FAEE\" width=\"800\" height=\"534\" data-dsm-image-description=\"\" srcset=\"https:\/\/nsm.edu.mx\/wp-content\/uploads\/2024\/08\/CopyofA6E098F17E7D4EEBAD05B7D7A6F6FAEE.jpeg 800w, https:\/\/nsm.edu.mx\/wp-content\/uploads\/2024\/08\/CopyofA6E098F17E7D4EEBAD05B7D7A6F6FAEE-480x320.jpeg 480w\" sizes=\"(min-width: 0px) and (max-width: 480px) 480px, (min-width: 481px) 800px, 100vw\" class=\" skip-lazy\" \/><\/div><div class=\"swiper-slide dsm_image_carousel_item\"><img loading=\"lazy\" decoding=\"async\" src=\"https:\/\/nsm.edu.mx\/wp-content\/uploads\/2024\/08\/CopyofBASKETBALLCLINIC63.jpeg\" alt=\"\" title=\"CopyofBASKETBALLCLINIC63\" width=\"800\" height=\"533\" data-dsm-image-description=\"\" srcset=\"https:\/\/nsm.edu.mx\/wp-content\/uploads\/2024\/08\/CopyofBASKETBALLCLINIC63.jpeg 800w, https:\/\/nsm.edu.mx\/wp-content\/uploads\/2024\/08\/CopyofBASKETBALLCLINIC63-480x320.jpeg 480w\" sizes=\"(min-width: 0px) and (max-width: 480px) 480px, (min-width: 481px) 800px, 100vw\" class=\" skip-lazy\" \/><\/div><div class=\"swiper-slide dsm_image_carousel_item\"><img loading=\"lazy\" decoding=\"async\" src=\"https:\/\/nsm.edu.mx\/wp-content\/uploads\/2024\/08\/CopyofBASKETBALLCLINIC111.jpeg\" alt=\"\" title=\"CopyofBASKETBALLCLINIC111\" width=\"800\" height=\"533\" data-dsm-image-description=\"\" srcset=\"https:\/\/nsm.edu.mx\/wp-content\/uploads\/2024\/08\/CopyofBASKETBALLCLINIC111.jpeg 800w, https:\/\/nsm.edu.mx\/wp-content\/uploads\/2024\/08\/CopyofBASKETBALLCLINIC111-480x320.jpeg 480w\" sizes=\"(min-width: 0px) and (max-width: 480px) 480px, (min-width: 481px) 800px, 100vw\" class=\" skip-lazy\" \/><\/div><div class=\"swiper-slide dsm_image_carousel_item\"><img loading=\"lazy\" decoding=\"async\" src=\"https:\/\/nsm.edu.mx\/wp-content\/uploads\/2024\/08\/CopyofBASKETBALLCLINIC115.jpeg\" alt=\"\" title=\"CopyofBASKETBALLCLINIC115\" width=\"800\" height=\"533\" data-dsm-image-description=\"\" srcset=\"https:\/\/nsm.edu.mx\/wp-content\/uploads\/2024\/08\/CopyofBASKETBALLCLINIC115.jpeg 800w, https:\/\/nsm.edu.mx\/wp-content\/uploads\/2024\/08\/CopyofBASKETBALLCLINIC115-480x320.jpeg 480w\" sizes=\"(min-width: 0px) and (max-width: 480px) 480px, (min-width: 481px) 800px, 100vw\" class=\" skip-lazy\" \/><\/div><div class=\"swiper-slide dsm_image_carousel_item\"><img loading=\"lazy\" decoding=\"async\" src=\"https:\/\/nsm.edu.mx\/wp-content\/uploads\/2024\/08\/CopyofDSC8817.jpeg\" alt=\"\" title=\"CopyofDSC8817\" width=\"799\" height=\"533\" data-dsm-image-description=\"\" srcset=\"https:\/\/nsm.edu.mx\/wp-content\/uploads\/2024\/08\/CopyofDSC8817.jpeg 799w, https:\/\/nsm.edu.mx\/wp-content\/uploads\/2024\/08\/CopyofDSC8817-480x320.jpeg 480w\" sizes=\"(min-width: 0px) and (max-width: 480px) 480px, (min-width: 481px) 799px, 100vw\" class=\" skip-lazy\" \/><\/div><div class=\"swiper-slide dsm_image_carousel_item\"><img loading=\"lazy\" decoding=\"async\" src=\"https:\/\/nsm.edu.mx\/wp-content\/uploads\/2024\/08\/DSC5888.jpeg\" alt=\"\" title=\"DSC5888\" width=\"800\" height=\"533\" data-dsm-image-description=\"\" srcset=\"https:\/\/nsm.edu.mx\/wp-content\/uploads\/2024\/08\/DSC5888.jpeg 800w, https:\/\/nsm.edu.mx\/wp-content\/uploads\/2024\/08\/DSC5888-480x320.jpeg 480w\" sizes=\"(min-width: 0px) and (max-width: 480px) 480px, (min-width: 481px) 800px, 100vw\" class=\" skip-lazy\" \/><\/div><div class=\"swiper-slide dsm_image_carousel_item\"><img loading=\"lazy\" decoding=\"async\" src=\"https:\/\/nsm.edu.mx\/wp-content\/uploads\/2024\/08\/DSC7212.jpeg\" alt=\"\" title=\"DSC7212\" width=\"800\" height=\"533\" data-dsm-image-description=\"\" srcset=\"https:\/\/nsm.edu.mx\/wp-content\/uploads\/2024\/08\/DSC7212.jpeg 800w, https:\/\/nsm.edu.mx\/wp-content\/uploads\/2024\/08\/DSC7212-480x320.jpeg 480w\" sizes=\"(min-width: 0px) and (max-width: 480px) 480px, (min-width: 481px) 800px, 100vw\" class=\" skip-lazy\" \/><\/div><div class=\"swiper-slide dsm_image_carousel_item\"><img loading=\"lazy\" decoding=\"async\" src=\"https:\/\/nsm.edu.mx\/wp-content\/uploads\/2024\/08\/DSC7906.jpeg\" alt=\"\" title=\"DSC7906\" width=\"800\" height=\"533\" data-dsm-image-description=\"\" srcset=\"https:\/\/nsm.edu.mx\/wp-content\/uploads\/2024\/08\/DSC7906.jpeg 800w, https:\/\/nsm.edu.mx\/wp-content\/uploads\/2024\/08\/DSC7906-480x320.jpeg 480w\" sizes=\"(min-width: 0px) and (max-width: 480px) 480px, (min-width: 481px) 800px, 100vw\" class=\" skip-lazy\" \/><\/div><div class=\"swiper-slide dsm_image_carousel_item\"><img loading=\"lazy\" decoding=\"async\" src=\"https:\/\/nsm.edu.mx\/wp-content\/uploads\/2024\/08\/DSC7912-1.jpeg\" alt=\"\" title=\"DSC7912\" width=\"800\" height=\"533\" data-dsm-image-description=\"\" srcset=\"https:\/\/nsm.edu.mx\/wp-content\/uploads\/2024\/08\/DSC7912-1.jpeg 800w, https:\/\/nsm.edu.mx\/wp-content\/uploads\/2024\/08\/DSC7912-1-480x320.jpeg 480w\" sizes=\"(min-width: 0px) and (max-width: 480px) 480px, (min-width: 481px) 800px, 100vw\" class=\" skip-lazy\" \/><\/div><div class=\"swiper-slide dsm_image_carousel_item\"><img loading=\"lazy\" decoding=\"async\" src=\"https:\/\/nsm.edu.mx\/wp-content\/uploads\/2024\/08\/DSC7962.jpeg\" alt=\"\" title=\"DSC7962\" width=\"800\" height=\"533\" data-dsm-image-description=\"\" srcset=\"https:\/\/nsm.edu.mx\/wp-content\/uploads\/2024\/08\/DSC7962.jpeg 800w, https:\/\/nsm.edu.mx\/wp-content\/uploads\/2024\/08\/DSC7962-480x320.jpeg 480w\" sizes=\"(min-width: 0px) and (max-width: 480px) 480px, (min-width: 481px) 800px, 100vw\" class=\" skip-lazy\" \/><\/div><div class=\"swiper-slide dsm_image_carousel_item\"><img loading=\"lazy\" decoding=\"async\" src=\"https:\/\/nsm.edu.mx\/wp-content\/uploads\/2024\/08\/DSC8053-1.jpeg\" alt=\"\" title=\"DSC8053\" width=\"800\" height=\"533\" data-dsm-image-description=\"\" srcset=\"https:\/\/nsm.edu.mx\/wp-content\/uploads\/2024\/08\/DSC8053-1.jpeg 800w, https:\/\/nsm.edu.mx\/wp-content\/uploads\/2024\/08\/DSC8053-1-480x320.jpeg 480w\" sizes=\"(min-width: 0px) and (max-width: 480px) 480px, (min-width: 481px) 800px, 100vw\" class=\" skip-lazy\" \/><\/div><div class=\"swiper-slide dsm_image_carousel_item\"><img loading=\"lazy\" decoding=\"async\" src=\"https:\/\/nsm.edu.mx\/wp-content\/uploads\/2024\/08\/DSC8094.jpeg\" alt=\"\" title=\"DSC8094\" width=\"800\" height=\"533\" data-dsm-image-description=\"\" srcset=\"https:\/\/nsm.edu.mx\/wp-content\/uploads\/2024\/08\/DSC8094.jpeg 800w, https:\/\/nsm.edu.mx\/wp-content\/uploads\/2024\/08\/DSC8094-480x320.jpeg 480w\" sizes=\"(min-width: 0px) and (max-width: 480px) 480px, (min-width: 481px) 800px, 100vw\" class=\" skip-lazy\" \/><\/div><div class=\"swiper-slide dsm_image_carousel_item\"><img loading=\"lazy\" decoding=\"async\" src=\"https:\/\/nsm.edu.mx\/wp-content\/uploads\/2024\/08\/DSC8188.jpeg\" alt=\"\" title=\"DSC8188\" width=\"800\" height=\"533\" data-dsm-image-description=\"\" srcset=\"https:\/\/nsm.edu.mx\/wp-content\/uploads\/2024\/08\/DSC8188.jpeg 800w, https:\/\/nsm.edu.mx\/wp-content\/uploads\/2024\/08\/DSC8188-480x320.jpeg 480w\" sizes=\"(min-width: 0px) and (max-width: 480px) 480px, (min-width: 481px) 800px, 100vw\" class=\" skip-lazy\" \/><\/div><div class=\"swiper-slide dsm_image_carousel_item\"><img loading=\"lazy\" decoding=\"async\" src=\"https:\/\/nsm.edu.mx\/wp-content\/uploads\/2024\/08\/DSC8429.jpeg\" alt=\"\" title=\"DSC8429\" width=\"800\" height=\"533\" data-dsm-image-description=\"\" srcset=\"https:\/\/nsm.edu.mx\/wp-content\/uploads\/2024\/08\/DSC8429.jpeg 800w, https:\/\/nsm.edu.mx\/wp-content\/uploads\/2024\/08\/DSC8429-480x320.jpeg 480w\" sizes=\"(min-width: 0px) and (max-width: 480px) 480px, (min-width: 481px) 800px, 100vw\" class=\" skip-lazy\" \/><\/div><div class=\"swiper-slide dsm_image_carousel_item\"><img loading=\"lazy\" decoding=\"async\" src=\"https:\/\/nsm.edu.mx\/wp-content\/uploads\/2024\/08\/DSC8440-1.jpeg\" alt=\"\" title=\"DSC8440\" width=\"800\" height=\"533\" data-dsm-image-description=\"\" srcset=\"https:\/\/nsm.edu.mx\/wp-content\/uploads\/2024\/08\/DSC8440-1.jpeg 800w, https:\/\/nsm.edu.mx\/wp-content\/uploads\/2024\/08\/DSC8440-1-480x320.jpeg 480w\" sizes=\"(min-width: 0px) and (max-width: 480px) 480px, (min-width: 481px) 800px, 100vw\" class=\" skip-lazy\" \/><\/div><div class=\"swiper-slide dsm_image_carousel_item\"><img loading=\"lazy\" decoding=\"async\" src=\"https:\/\/nsm.edu.mx\/wp-content\/uploads\/2024\/08\/DSC8452.jpeg\" alt=\"\" title=\"DSC8452\" width=\"800\" height=\"533\" data-dsm-image-description=\"\" srcset=\"https:\/\/nsm.edu.mx\/wp-content\/uploads\/2024\/08\/DSC8452.jpeg 800w, https:\/\/nsm.edu.mx\/wp-content\/uploads\/2024\/08\/DSC8452-480x320.jpeg 480w\" sizes=\"(min-width: 0px) and (max-width: 480px) 480px, (min-width: 481px) 800px, 100vw\" class=\" skip-lazy\" \/><\/div><div class=\"swiper-slide dsm_image_carousel_item\"><img loading=\"lazy\" decoding=\"async\" src=\"https:\/\/nsm.edu.mx\/wp-content\/uploads\/2024\/08\/DSC8619.jpeg\" alt=\"\" title=\"DSC8619\" width=\"800\" height=\"533\" data-dsm-image-description=\"\" srcset=\"https:\/\/nsm.edu.mx\/wp-content\/uploads\/2024\/08\/DSC8619.jpeg 800w, https:\/\/nsm.edu.mx\/wp-content\/uploads\/2024\/08\/DSC8619-480x320.jpeg 480w\" sizes=\"(min-width: 0px) and (max-width: 480px) 480px, (min-width: 481px) 800px, 100vw\" class=\" skip-lazy\" \/><\/div><div class=\"swiper-slide dsm_image_carousel_item\"><img loading=\"lazy\" decoding=\"async\" src=\"https:\/\/nsm.edu.mx\/wp-content\/uploads\/2024\/08\/DSC8833-1.jpeg\" alt=\"\" title=\"DSC8833\" width=\"800\" height=\"533\" data-dsm-image-description=\"\" srcset=\"https:\/\/nsm.edu.mx\/wp-content\/uploads\/2024\/08\/DSC8833-1.jpeg 800w, https:\/\/nsm.edu.mx\/wp-content\/uploads\/2024\/08\/DSC8833-1-480x320.jpeg 480w\" sizes=\"(min-width: 0px) and (max-width: 480px) 480px, (min-width: 481px) 800px, 100vw\" class=\" skip-lazy\" \/><\/div><div class=\"swiper-slide dsm_image_carousel_item\"><img loading=\"lazy\" decoding=\"async\" src=\"https:\/\/nsm.edu.mx\/wp-content\/uploads\/2024\/08\/ENTRADA-2.jpeg\" alt=\"\" title=\"ENTRADA\" width=\"800\" height=\"800\" data-dsm-image-description=\"\" srcset=\"https:\/\/nsm.edu.mx\/wp-content\/uploads\/2024\/08\/ENTRADA-2.jpeg 800w, https:\/\/nsm.edu.mx\/wp-content\/uploads\/2024\/08\/ENTRADA-2-480x480.jpeg 480w\" sizes=\"(min-width: 0px) and (max-width: 480px) 480px, (min-width: 481px) 800px, 100vw\" class=\" skip-lazy\" \/><\/div><div class=\"swiper-slide dsm_image_carousel_item\"><img loading=\"lazy\" decoding=\"async\" src=\"https:\/\/nsm.edu.mx\/wp-content\/uploads\/2024\/08\/IMG5487.jpeg\" alt=\"\" title=\"IMG5487\" width=\"800\" height=\"600\" data-dsm-image-description=\"\" srcset=\"https:\/\/nsm.edu.mx\/wp-content\/uploads\/2024\/08\/IMG5487.jpeg 800w, https:\/\/nsm.edu.mx\/wp-content\/uploads\/2024\/08\/IMG5487-480x360.jpeg 480w\" sizes=\"(min-width: 0px) and (max-width: 480px) 480px, (min-width: 481px) 800px, 100vw\" class=\" skip-lazy\" \/><\/div><div class=\"swiper-slide dsm_image_carousel_item\"><img loading=\"lazy\" decoding=\"async\" src=\"https:\/\/nsm.edu.mx\/wp-content\/uploads\/2024\/08\/Snapseed.jpeg\" alt=\"\" title=\"Snapseed\" width=\"800\" height=\"533\" data-dsm-image-description=\"\" srcset=\"https:\/\/nsm.edu.mx\/wp-content\/uploads\/2024\/08\/Snapseed.jpeg 800w, https:\/\/nsm.edu.mx\/wp-content\/uploads\/2024\/08\/Snapseed-480x320.jpeg 480w\" sizes=\"(min-width: 0px) and (max-width: 480px) 480px, (min-width: 481px) 800px, 100vw\" class=\" skip-lazy\" \/><\/div><\/div><\/div><div class=\"swiper-button-prev swiper-arrow-button\" data-icon=\"4\"><\/div><div class=\"swiper-button-next swiper-arrow-button\" data-icon=\"5\"><\/div>\n\t\t\t\t<\/div>\n\t\t\t<\/div><\/p>\n","protected":false},"author":1,"featured_media":0,"parent":0,"menu_order":0,"comment_status":"closed","ping_status":"closed","template":"","meta":{"_et_pb_use_builder":"on","_et_pb_old_content":"","_et_gb_content_width":"","footnotes":""},"class_list":["post-896","page","type-page","status-publish","hentry"],"_links":{"self":[{"href":"https:\/\/nsm.edu.mx\/es\/wp-json\/wp\/v2\/pages\/896","targetHints":{"allow":["GET"]}}],"collection":[{"href":"https:\/\/nsm.edu.mx\/es\/wp-json\/wp\/v2\/pages"}],"about":[{"href":"https:\/\/nsm.edu.mx\/es\/wp-json\/wp\/v2\/types\/page"}],"author":[{"embeddable":true,"href":"https:\/\/nsm.edu.mx\/es\/wp-json\/wp\/v2\/users\/1"}],"replies":[{"embeddable":true,"href":"https:\/\/nsm.edu.mx\/es\/wp-json\/wp\/v2\/comments?post=896"}],"version-history":[{"count":0,"href":"https:\/\/nsm.edu.mx\/es\/wp-json\/wp\/v2\/pages\/896\/revisions"}],"wp:attachment":[{"href":"https:\/\/nsm.edu.mx\/es\/wp-json\/wp\/v2\/media?parent=896"}],"curies":[{"name":"wp","href":"https:\/\/api.w.org\/{rel}","templated":true}]}}