{"id":895,"date":"2024-07-31T18:31:03","date_gmt":"2024-08-01T00:31:03","guid":{"rendered":"https:\/\/nsm.edu.mx\/casas\/"},"modified":"2024-07-31T18:31:03","modified_gmt":"2024-08-01T00:31:03","slug":"casas","status":"publish","type":"page","link":"https:\/\/nsm.edu.mx\/es\/casas\/","title":{"rendered":"Casas"},"content":{"rendered":"<p>[et_pb_section fb_built=\u00bb1&#8243; _builder_version=\u00bb4.25.0&#8243; _module_preset=\u00bbdefault\u00bb background_image=\u00bbhttps:\/\/nsm.edu.mx\/wp-content\/uploads\/2024\/08\/fondo-knighthood.jpg\u00bb custom_padding=\u00bb||5vh||false|false\u00bb global_colors_info=\u00bb{}\u00bb][et_pb_row _builder_version=\u00bb4.25.0&#8243; _module_preset=\u00bbdefault\u00bb global_colors_info=\u00bb{}\u00bb][et_pb_column type=\u00bb4_4&#8243; _builder_version=\u00bb4.25.0&#8243; _module_preset=\u00bbdefault\u00bb global_colors_info=\u00bb{}\u00bb][et_pb_text _builder_version=\u00bb4.25.0&#8243; _module_preset=\u00bbdefault\u00bb header_2_font=\u00bb|700||on|||||\u00bb header_2_text_align=\u00bbcenter\u00bb header_2_text_color=\u00bb#ffd04d\u00bb header_2_font_size=\u00bb40px\u00bb global_colors_info=\u00bb{}\u00bb]<\/p>\n<h2>Caballer\u00eda &#8211; Knighthood<\/h2>\n<p>[\/et_pb_text][et_pb_text _builder_version=\u00bb4.27.0&#8243; _module_preset=\u00bbdefault\u00bb text_text_color=\u00bb#FFFFFF\u00bb text_font_size=\u00bb18px\u00bb text_orientation=\u00bbcenter\u00bb hover_enabled=\u00bb0&#8243; global_colors_info=\u00bb{}\u00bb sticky_enabled=\u00bb0&#8243;]<\/p>\n<p>camino a convertirte en un Knight (Caballero) en Northridge te coloca en uno de los viajes m\u00e1s importantes que emprender\u00e1s en tu vida. Graduarte como un Caballero no es cualquier cosa.<br \/>Convertirte en Knight requiere de esfuerzo, determinaci\u00f3n, de amor al pr\u00f3jimo y de valores cristianos, tal cual ha quedado reflejado en la historia.<br \/>Ser un Knight tambi\u00e9n significa profesionalismo y llevar un estilo de vida que re\u00fana los valores de nobleza, cristiandad, fraternidad y buen trato hacia los dem\u00e1s.  <\/p>\n<p><strong><span style=\"color: #ffd04d;\">SI\u00c9NTETE ORGULLOSO, TEN VALOR, S\u00c9 UN KNIGHT.<\/span><\/strong><\/p>\n<p>Northridge busca que cada alumno en Northridge sea asignado a una casa, cada una de las cuales tiene un nombre que significa \u201cCaballero\u201d en diferentes idiomas y juega un papel importante en su crecimiento como Knight.<\/p>\n<p>Por medio de competencias (calificaciones, eventos deportivos, actividades de caridad), cada Casa acumula puntos que se traducen en premios y motivan la uni\u00f3n y la buena convivencia.<\/p>\n<p>[\/et_pb_text][\/et_pb_column][\/et_pb_row][et_pb_row column_structure=\u00bb1_4,1_4,1_4,1_4&#8243; use_custom_gutter=\u00bbon\u00bb gutter_width=\u00bb2&#8243; _builder_version=\u00bb4.25.0&#8243; _module_preset=\u00bbdefault\u00bb width=\u00bb100%\u00bb max_width=\u00bb85%\u00bb global_colors_info=\u00bb{}\u00bb][et_pb_column type=\u00bb1_4&#8243; _builder_version=\u00bb4.25.0&#8243; _module_preset=\u00bbdefault\u00bb global_colors_info=\u00bb{}\u00bb][dsm_flipbox flipbox_height=\u00bb400px\u00bb _builder_version=\u00bb4.25.0&#8243; _module_preset=\u00bbdefault\u00bb header_font=\u00bb|700|||||||\u00bb header_text_align=\u00bbcenter\u00bb header_line_height=\u00bb1.3em\u00bb content_text_align=\u00bbcenter\u00bb content_font_size=\u00bb14px\u00bb content_line_height=\u00bb1.3em\u00bb box_shadow_style=\u00bbpreset1&#8243; global_colors_info=\u00bb{}\u00bb][dsm_flipbox_child image=\u00bbhttps:\/\/nsm.edu.mx\/wp-content\/uploads\/2024\/08\/img-palladin.png\u00bb image_max_width=\u00bb75%\u00bb button_url_new_window=\u00bb1&#8243; _builder_version=\u00bb4.25.0&#8243; _module_preset=\u00bbdefault\u00bb background_color=\u00bb#231f20&#8243; background_enable_color=\u00bbon\u00bb custom_margin=\u00bb||||false|false\u00bb custom_padding=\u00bb10vh|1vw||1vw|false|true\u00bb global_colors_info=\u00bb{}\u00bb parent_header_level=\u00bbh4&#8243;][\/dsm_flipbox_child][dsm_flipbox_child title=\u00bbPaladin\u00bb button_url_new_window=\u00bb1&#8243; _builder_version=\u00bb4.25.0&#8243; _module_preset=\u00bbdefault\u00bb header_text_color=\u00bb#ffd04d\u00bb content_text_align=\u00bbjustify\u00bb content_text_color=\u00bb#FFFFFF\u00bb background_color=\u00bb#231f20&#8243; background_enable_color=\u00bbon\u00bb background_enable_image=\u00bboff\u00bb custom_margin=\u00bb||||false|false\u00bb custom_padding=\u00bb|1vw||1vw|false|true\u00bb global_colors_info=\u00bb{}\u00bb parent_header_level=\u00bbh4&#8243;]<\/p>\n<p>Los paladines fueron los doce caballeros legendarios de Carlomagno, como aparece narrado en la \u00e9pica historia The Song of Roland (El cantar de Rold\u00e1n). En el valle de Roncesvalles, en las proximidades del Pirineo navarro, Rold\u00e1n lider\u00f3 a los doce paladines contra las fuerzas del enemigo. En plena batalla, Rold\u00e1n exclam\u00f3: \u201c\u00a1Dios y sus \u00e1ngeles nos acompa\u00f1an!\u201d y, aunque perecieron en la batalla, los caballeros de Carlomagno lucharon hasta el final. Nuestros j\u00f3venes deben buscar colocar su confianza en Dios y en su divina providencia. Las Casas en Northridge ense\u00f1an a los j\u00f3venes a vivir su fe, tanto en el colegio, como fuera del mismo.     <\/p>\n<p>[\/dsm_flipbox_child][\/dsm_flipbox][\/et_pb_column][et_pb_column type=\u00bb1_4&#8243; _builder_version=\u00bb4.25.0&#8243; _module_preset=\u00bbdefault\u00bb global_colors_info=\u00bb{}\u00bb][dsm_flipbox flipbox_height=\u00bb400px\u00bb _builder_version=\u00bb4.25.0&#8243; _module_preset=\u00bbdefault\u00bb header_font=\u00bb|700|||||||\u00bb header_text_align=\u00bbcenter\u00bb header_line_height=\u00bb1.3em\u00bb content_text_align=\u00bbcenter\u00bb content_font_size=\u00bb14px\u00bb content_line_height=\u00bb1.3em\u00bb box_shadow_style=\u00bbpreset1&#8243; global_colors_info=\u00bb{}\u00bb][dsm_flipbox_child image=\u00bbhttps:\/\/nsm.edu.mx\/wp-content\/uploads\/2024\/08\/img-cavalier.png\u00bb image_max_width=\u00bb75%\u00bb button_url_new_window=\u00bb1&#8243; _builder_version=\u00bb4.25.0&#8243; _module_preset=\u00bbdefault\u00bb background_color=\u00bb#231f20&#8243; background_enable_color=\u00bbon\u00bb custom_margin=\u00bb||||false|false\u00bb custom_padding=\u00bb10vh|1vw||1vw|false|true\u00bb global_colors_info=\u00bb{}\u00bb parent_header_level=\u00bbh4&#8243;][\/dsm_flipbox_child][dsm_flipbox_child title=\u00bbCavalier\u00bb button_url_new_window=\u00bb1&#8243; _builder_version=\u00bb4.25.0&#8243; _module_preset=\u00bbdefault\u00bb header_text_color=\u00bb#ffd04d\u00bb content_text_align=\u00bbjustify\u00bb content_text_color=\u00bb#FFFFFF\u00bb background_color=\u00bb#231f20&#8243; background_enable_color=\u00bbon\u00bb background_enable_image=\u00bboff\u00bb custom_margin=\u00bb||||false|false\u00bb custom_padding=\u00bb|1vw||1vw|false|true\u00bb global_colors_info=\u00bb{}\u00bb parent_header_level=\u00bbh4&#8243;]<\/p>\n<p>La voz inglesa Cavalier significa jinete, o caballero. El verdadero caballero era aquel que dedicaba su vida al Rey. Nuestros j\u00f3venes deben buscar ser nobles, valientes, dignos, humildes, sembradores de paz e inquebrantables en la batalla.   <\/p>\n<p>[\/dsm_flipbox_child][\/dsm_flipbox][\/et_pb_column][et_pb_column type=\u00bb1_4&#8243; _builder_version=\u00bb4.25.0&#8243; _module_preset=\u00bbdefault\u00bb global_colors_info=\u00bb{}\u00bb][dsm_flipbox flipbox_height=\u00bb400px\u00bb _builder_version=\u00bb4.25.0&#8243; _module_preset=\u00bbdefault\u00bb header_font=\u00bb|700|||||||\u00bb header_text_align=\u00bbcenter\u00bb header_line_height=\u00bb1.3em\u00bb content_text_align=\u00bbcenter\u00bb content_font_size=\u00bb14px\u00bb content_line_height=\u00bb1.3em\u00bb box_shadow_style=\u00bbpreset1&#8243; global_colors_info=\u00bb{}\u00bb][dsm_flipbox_child image=\u00bbhttps:\/\/nsm.edu.mx\/wp-content\/uploads\/2024\/08\/img-vytis.png\u00bb image_max_width=\u00bb75%\u00bb button_url_new_window=\u00bb1&#8243; _builder_version=\u00bb4.25.0&#8243; _module_preset=\u00bbdefault\u00bb background_color=\u00bb#231f20&#8243; background_enable_color=\u00bbon\u00bb custom_margin=\u00bb||||false|false\u00bb custom_padding=\u00bb10vh|1vw||1vw|false|true\u00bb global_colors_info=\u00bb{}\u00bb parent_header_level=\u00bbh4&#8243;][\/dsm_flipbox_child][dsm_flipbox_child title=\u00bbVytis\u00bb button_url_new_window=\u00bb1&#8243; _builder_version=\u00bb4.25.0&#8243; _module_preset=\u00bbdefault\u00bb header_text_color=\u00bb#ffd04d\u00bb content_text_align=\u00bbjustify\u00bb content_text_color=\u00bb#FFFFFF\u00bb background_color=\u00bb#231f20&#8243; background_enable_color=\u00bbon\u00bb background_enable_image=\u00bboff\u00bb custom_margin=\u00bb||||false|false\u00bb custom_padding=\u00bb|1vw||1vw|false|true\u00bb global_colors_info=\u00bb{}\u00bb parent_header_level=\u00bbh4&#8243;]<\/p>\n<p>Vytis es la voz lituana que significa tambi\u00e9n caballero. Los vytis lituanos expulsaron a los caballeros teut\u00f3nicos de su territorio durante batallas devastadoras. En Northridge, buscamos que nuestros alumnos \u201cexpulsen\u201d todo aquello que amenace la solidaridad entre ellos. Nuestros alumnos aprender\u00e1n la necesidad de luchar con valor en contra de la injusticia social.    <\/p>\n<p>[\/dsm_flipbox_child][\/dsm_flipbox][\/et_pb_column][et_pb_column type=\u00bb1_4&#8243; _builder_version=\u00bb4.25.0&#8243; _module_preset=\u00bbdefault\u00bb global_colors_info=\u00bb{}\u00bb][dsm_flipbox flipbox_height=\u00bb400px\u00bb _builder_version=\u00bb4.25.0&#8243; _module_preset=\u00bbdefault\u00bb header_font=\u00bb|700|||||||\u00bb header_text_align=\u00bbcenter\u00bb header_line_height=\u00bb1.3em\u00bb content_text_align=\u00bbcenter\u00bb content_font_size=\u00bb14px\u00bb content_line_height=\u00bb1.3em\u00bb box_shadow_style=\u00bbpreset1&#8243; global_colors_info=\u00bb{}\u00bb][dsm_flipbox_child image=\u00bbhttps:\/\/nsm.edu.mx\/wp-content\/uploads\/2024\/08\/img-riddervon.png\u00bb image_max_width=\u00bb75%\u00bb button_url_new_window=\u00bb1&#8243; _builder_version=\u00bb4.25.0&#8243; _module_preset=\u00bbdefault\u00bb background_color=\u00bb#231f20&#8243; background_enable_color=\u00bbon\u00bb custom_margin=\u00bb||||false|false\u00bb custom_padding=\u00bb10vh|1vw||1vw|false|true\u00bb global_colors_info=\u00bb{}\u00bb parent_header_level=\u00bbh4&#8243;][\/dsm_flipbox_child][dsm_flipbox_child title=\u00bbRiddervon\u00bb button_url_new_window=\u00bb1&#8243; _builder_version=\u00bb4.25.0&#8243; _module_preset=\u00bbdefault\u00bb header_text_color=\u00bb#ffd04d\u00bb content_text_align=\u00bbjustify\u00bb content_text_color=\u00bb#FFFFFF\u00bb background_color=\u00bb#231f20&#8243; background_enable_color=\u00bbon\u00bb background_enable_image=\u00bboff\u00bb custom_margin=\u00bb||||false|false\u00bb custom_padding=\u00bb|1vw||1vw|false|true\u00bb global_colors_info=\u00bb{}\u00bb parent_header_level=\u00bbh4&#8243;]<\/p>\n<p>El nombramiento Riddervon era el t\u00edtulo que se otorgaba a los ciudadanos distinguidos del imperio austriaco (Ridder significa caballero en alem\u00e1n). En Bavaria, el nombramiento tambi\u00e9n reconoc\u00eda las acciones meritorias de los caballeros, y era un t\u00edtulo hereditario. Los j\u00f3venes en Northridge deben apreciar el valor de la educaci\u00f3n que se les ha heredado. Deben alcanzar la nobleza de car\u00e1cter por medio del don de la educaci\u00f3n que se les confiere.   <\/p>\n<p>[\/dsm_flipbox_child][\/dsm_flipbox][\/et_pb_column][\/et_pb_row][\/et_pb_section][et_pb_section fb_built=\u00bb1&#8243; _builder_version=\u00bb4.25.0&#8243; _module_preset=\u00bbdefault\u00bb background_image=\u00bbhttps:\/\/nsm.edu.mx\/wp-content\/uploads\/2024\/08\/fondo-the-expert.jpg\u00bb custom_padding=\u00bb||15vh||false|false\u00bb global_colors_info=\u00bb{}\u00bb][et_pb_row _builder_version=\u00bb4.25.0&#8243; _module_preset=\u00bbdefault\u00bb global_colors_info=\u00bb{}\u00bb][et_pb_column type=\u00bb4_4&#8243; _builder_version=\u00bb4.25.0&#8243; _module_preset=\u00bbdefault\u00bb global_colors_info=\u00bb{}\u00bb][et_pb_text _builder_version=\u00bb4.25.0&#8243; _module_preset=\u00bbdefault\u00bb header_2_font=\u00bb|700||on|||||\u00bb header_2_text_align=\u00bbcenter\u00bb header_2_text_color=\u00bb#ffd04d\u00bb header_2_font_size=\u00bb40px\u00bb global_colors_info=\u00bb{}\u00bb]<\/p>\n<h2>Nuestra mascota &#8211; the knight (el caballero)<\/h2>\n<p>[\/et_pb_text][\/et_pb_column][\/et_pb_row][et_pb_row column_structure=\u00bb3_5,2_5&#8243; _builder_version=\u00bb4.25.0&#8243; _module_preset=\u00bbdefault\u00bb global_colors_info=\u00bb{}\u00bb][et_pb_column type=\u00bb3_5&#8243; _builder_version=\u00bb4.25.0&#8243; _module_preset=\u00bbdefault\u00bb custom_padding=\u00bb10vh||||false|false\u00bb global_colors_info=\u00bb{}\u00bb][et_pb_text _builder_version=\u00bb4.27.0&#8243; _module_preset=\u00bbdefault\u00bb text_text_color=\u00bb#FFFFFF\u00bb text_orientation=\u00bbjustified\u00bb hover_enabled=\u00bb0&#8243; global_colors_info=\u00bb{}\u00bb sticky_enabled=\u00bb0&#8243;]<\/p>\n<p>Recorrer el camino de un Caballero de Northridge te sit\u00faa en uno de los viajes m\u00e1s importantes que emprender\u00e1s en la vida. Graduarse como Caballero no es algo que deba tomarse a la ligera. <\/p>\n<p>Convertirse en Caballero requiere esfuerzo, determinaci\u00f3n, bondad hacia los dem\u00e1s y valores cristianos firmes, como lo demuestra la historia.<br \/>Tambi\u00e9n significa profesionalismo militar y vivir un c\u00f3digo social que re\u00fane los valores de la nobleza, el cristianismo, la fraternidad y el trato razonable a los dem\u00e1s. <\/p>\n<p><span style=\"color: #ffd04d;\"><strong>SI\u00c9NTETE ORGULLOSO, TEN VALOR, S\u00c9 UN KNIGHT.<\/strong><\/span><\/p>\n<p>Northridge busca que cada alumno en Northridge sea asignado a una casa, cada una de las cuales tiene un nombre que significa \u201cCaballero\u201d en diferentes idiomas y juega un papel importante en su crecimiento como Knight.<\/p>\n<p>Por medio de competencias (calificaciones, eventos deportivos, actividades de caridad), cada Casa acumula puntos que se traducen en premios y motivan la uni\u00f3n y la buena convivencia.<\/p>\n<p>[\/et_pb_text][\/et_pb_column][et_pb_column type=\u00bb2_5&#8243; _builder_version=\u00bb4.25.0&#8243; _module_preset=\u00bbdefault\u00bb global_colors_info=\u00bb{}\u00bb][et_pb_image src=\u00bbhttps:\/\/nsm.edu.mx\/wp-content\/uploads\/2024\/08\/img-mascot-1.jpg\u00bb title_text=\u00bbimg-mascot\u00bb align=\u00bbcenter\u00bb _builder_version=\u00bb4.25.0&#8243; _module_preset=\u00bbdefault\u00bb global_colors_info=\u00bb{}\u00bb width__hover_enabled=\u00bboff|desktop\u00bb][\/et_pb_image][\/et_pb_column][\/et_pb_row][\/et_pb_section]<\/p>\n","protected":false},"excerpt":{"rendered":"<p>Caballer\u00eda &#8211; Knighthoodcamino a convertirte en un Knight (Caballero) en Northridge te coloca en uno de los viajes m\u00e1s importantes que emprender\u00e1s en tu vida. Graduarte como un Caballero no es cualquier cosa.Convertirte en Knight requiere de esfuerzo, determinaci\u00f3n, de amor al pr\u00f3jimo y de valores cristianos, tal cual ha quedado reflejado en la historia.Ser un Knight tambi\u00e9n significa profesionalismo y llevar un estilo de vida que re\u00fana los valores de nobleza, cristiandad, fraternidad y buen trato hacia los dem\u00e1s. SI\u00c9NTETE ORGULLOSO, TEN VALOR, S\u00c9 UN KNIGHT. Northridge busca que cada alumno en Northridge sea asignado a una casa, cada una de las cuales tiene un nombre que significa \u201cCaballero\u201d en diferentes idiomas y juega un papel importante en su crecimiento como Knight.Por medio de competencias (calificaciones, eventos deportivos, actividades de caridad), cada Casa acumula puntos que se traducen en premios y motivan la uni\u00f3n y la buena convivencia.<div class=\"et_pb_module dsm_flipbox dsm_flipbox_0\">\n\t\t\t\t\n\t\t\t\t\n\t\t\t\t\n\t\t\t\t\n\t\t\t\t\n\t\t\t\t\n\t\t\t\t<div class=\"et_pb_module_inner\">\n\t\t\t\t\t<div class=\"dsm-flipbox dsm-flipbox-effect-right dsm_flipbox_hover\"><\/div>\n\t\t\t\t<\/div>\n\t\t\t<\/div><div class=\"et_pb_module dsm_flipbox_child dsm_flipbox_child_0 et_pb_bg_layout_light  dsm_flipbox_icon_position_top\">\n\t\t\t\t\n\t\t\t\t\n\t\t\t\t\n\t\t\t\t\n\t\t\t\t\n\t\t\t\t\n\t\t\t\t<div class=\"et_pb_module_inner\">\n\t\t\t\t\t\n\t\t\t<div class=\"dsm_flipbox_child_image\"><span class=\"dsm_flipbox_child_image_wrap\"><img decoding=\"async\" src=\"https:\/\/nsm.edu.mx\/wp-content\/uploads\/2024\/08\/img-palladin.png\" alt=\"\" \/><\/span><\/div>\n\t\t\t<div class=\"dsm_flipbox_wrapper et_pb_text_align_left\">\n\t\t\t\t\n\t\t\t\t\n\t\t\t\t\n\t\t\t\t\n\t\t\t<\/div>\n\t\t\t\t<\/div>\n\t\t\t<\/div><div class=\"et_pb_module dsm_flipbox_child dsm_flipbox_child_1 et_pb_bg_layout_light  dsm_flipbox_icon_position_top\">\n\t\t\t\t\n\t\t\t\t\n\t\t\t\t\n\t\t\t\t\n\t\t\t\t\n\t\t\t\t\n\t\t\t\t<div class=\"et_pb_module_inner\">\n\t\t\t\t\t\n\t\t\t\n\t\t\t<div class=\"dsm_flipbox_wrapper et_pb_text_align_left\">\n\t\t\t\t<h4 class=\"dsm-title et_pb_module_header\">Paladin<\/h4>\n\t\t\t\t\n\t\t\t\t\n\t\t\t\t\n\t\t\t<\/div>\n\t\t\t\t<\/div>\n\t\t\t<\/div>Los paladines fueron los doce caballeros legendarios de Carlomagno, como aparece narrado en la \u00e9pica historia [&hellip;]<\/p>\n","protected":false},"author":1,"featured_media":0,"parent":0,"menu_order":0,"comment_status":"closed","ping_status":"closed","template":"","meta":{"_et_pb_use_builder":"on","_et_pb_old_content":"","_et_gb_content_width":"","footnotes":""},"class_list":["post-895","page","type-page","status-publish","hentry"],"_links":{"self":[{"href":"https:\/\/nsm.edu.mx\/es\/wp-json\/wp\/v2\/pages\/895","targetHints":{"allow":["GET"]}}],"collection":[{"href":"https:\/\/nsm.edu.mx\/es\/wp-json\/wp\/v2\/pages"}],"about":[{"href":"https:\/\/nsm.edu.mx\/es\/wp-json\/wp\/v2\/types\/page"}],"author":[{"embeddable":true,"href":"https:\/\/nsm.edu.mx\/es\/wp-json\/wp\/v2\/users\/1"}],"replies":[{"embeddable":true,"href":"https:\/\/nsm.edu.mx\/es\/wp-json\/wp\/v2\/comments?post=895"}],"version-history":[{"count":0,"href":"https:\/\/nsm.edu.mx\/es\/wp-json\/wp\/v2\/pages\/895\/revisions"}],"wp:attachment":[{"href":"https:\/\/nsm.edu.mx\/es\/wp-json\/wp\/v2\/media?parent=895"}],"curies":[{"name":"wp","href":"https:\/\/api.w.org\/{rel}","templated":true}]}}