{"id":894,"date":"2024-07-31T18:30:58","date_gmt":"2024-08-01T00:30:58","guid":{"rendered":"https:\/\/nsm.edu.mx\/high-school\/"},"modified":"2024-09-17T10:13:13","modified_gmt":"2024-09-17T16:13:13","slug":"high-school","status":"publish","type":"page","link":"https:\/\/nsm.edu.mx\/es\/high-school\/","title":{"rendered":"High School"},"content":{"rendered":"<p>[et_pb_section fb_built=\u00bb1&#8243; _builder_version=\u00bb4.25.0&#8243; _module_preset=\u00bbdefault\u00bb background_image=\u00bbhttps:\/\/nsm.edu.mx\/wp-content\/uploads\/2024\/08\/banner-highschool.jpg\u00bb global_colors_info=\u00bb{}\u00bb][et_pb_row _builder_version=\u00bb4.25.0&#8243; _module_preset=\u00bbdefault\u00bb global_colors_info=\u00bb{}\u00bb][et_pb_column type=\u00bb4_4&#8243; _builder_version=\u00bb4.25.0&#8243; _module_preset=\u00bbdefault\u00bb global_colors_info=\u00bb{}\u00bb][et_pb_text _builder_version=\u00bb4.25.0&#8243; _module_preset=\u00bbdefault\u00bb header_2_font=\u00bb|700||on|||||\u00bb header_2_text_align=\u00bbcenter\u00bb header_2_text_color=\u00bb#FFFFFF\u00bb header_2_font_size=\u00bb40px\u00bb global_colors_info=\u00bb{}\u00bb]<\/p>\n<h2>High school<\/h2>\n<p>[\/et_pb_text][\/et_pb_column][\/et_pb_row][\/et_pb_section][et_pb_section fb_built=\u00bb1&#8243; _builder_version=\u00bb4.25.0&#8243; _module_preset=\u00bbdefault\u00bb global_colors_info=\u00bb{}\u00bb][et_pb_row _builder_version=\u00bb4.25.0&#8243; _module_preset=\u00bbdefault\u00bb global_colors_info=\u00bb{}\u00bb][et_pb_column type=\u00bb4_4&#8243; _builder_version=\u00bb4.25.0&#8243; _module_preset=\u00bbdefault\u00bb global_colors_info=\u00bb{}\u00bb][et_pb_text _builder_version=\u00bb4.25.0&#8243; _module_preset=\u00bbdefault\u00bb text_font=\u00bb|700|||||||\u00bb text_text_color=\u00bb#a50b34&#8243; text_font_size=\u00bb22px\u00bb text_line_height=\u00bb1.3em\u00bb text_orientation=\u00bbcenter\u00bb width=\u00bb70%\u00bb module_alignment=\u00bbcenter\u00bb global_colors_info=\u00bb{}\u00bb]<\/p>\n<p>Con la oportunidad de graduarse con doble diploma, nuestros alumnos de High School (9\u00b0 a 12\u00b0) crecen en un entorno exigente y amable que impulsa su transici\u00f3n hacia las mejores universidades.<\/p>\n<p>[\/et_pb_text][et_pb_text _builder_version=\u00bb4.25.0&#8243; _module_preset=\u00bbdefault\u00bb text_orientation=\u00bbjustified\u00bb width=\u00bb78%\u00bb module_alignment=\u00bbcenter\u00bb global_colors_info=\u00bb{}\u00bb]<\/p>\n<p>Con m\u00e1s de cinco generaciones ya egresadas, nos enorgullece ver que nuestros ex alumnos ya destacan no solo dentro de las instituciones m\u00e1s prestigiosas de M\u00e9xico, sino tambi\u00e9n en campus como Notre Dame, la Universidad de Navarra y Berkley, entre otros.<\/p>\n<p>Las competencias sobre las que trabajan les permitir\u00e1n alcanzar su mayor potencial y fortalecer su car\u00e1cter con base en las virtudes cat\u00f3licas y espirituales del Opus Dei.<\/p>\n<p>[\/et_pb_text][\/et_pb_column][\/et_pb_row][et_pb_row _builder_version=\u00bb4.25.0&#8243; _module_preset=\u00bbdefault\u00bb global_colors_info=\u00bb{}\u00bb][et_pb_column type=\u00bb4_4&#8243; _builder_version=\u00bb4.25.0&#8243; _module_preset=\u00bbdefault\u00bb global_colors_info=\u00bb{}\u00bb][et_pb_image src=\u00bbhttps:\/\/nsm.edu.mx\/wp-content\/uploads\/2024\/08\/img-texto-high.jpg\u00bb title_text=\u00bbimg-texto-high\u00bb align=\u00bbcenter\u00bb _builder_version=\u00bb4.25.0&#8243; _module_preset=\u00bbdefault\u00bb width=\u00bb65%\u00bb module_alignment=\u00bbcenter\u00bb global_colors_info=\u00bb{}\u00bb][\/et_pb_image][\/et_pb_column][\/et_pb_row][\/et_pb_section][et_pb_section fb_built=\u00bb1&#8243; _builder_version=\u00bb4.25.0&#8243; _module_preset=\u00bbdefault\u00bb background_image=\u00bbhttps:\/\/nsm.edu.mx\/wp-content\/uploads\/2024\/08\/fondo-dual-diploma.jpg\u00bb global_colors_info=\u00bb{}\u00bb][et_pb_row column_structure=\u00bb1_2,1_2&#8243; _builder_version=\u00bb4.25.0&#8243; _module_preset=\u00bbdefault\u00bb width=\u00bb100%\u00bb max_width=\u00bb95%\u00bb global_colors_info=\u00bb{}\u00bb][et_pb_column type=\u00bb1_2&#8243; _builder_version=\u00bb4.25.0&#8243; _module_preset=\u00bbdefault\u00bb custom_padding=\u00bb10vh||||false|false\u00bb global_colors_info=\u00bb{}\u00bb][et_pb_text _builder_version=\u00bb4.25.0&#8243; _module_preset=\u00bbdefault\u00bb text_text_color=\u00bb#FFFFFF\u00bb header_2_font=\u00bb|700|||||||\u00bb header_2_text_align=\u00bbcenter\u00bb header_2_text_color=\u00bb#ffd04d\u00bb text_orientation=\u00bbjustified\u00bb width=\u00bb90%\u00bb global_colors_info=\u00bb{}\u00bb link_text_color__hover_enabled=\u00bbon|hover\u00bb link_text_color__hover=\u00bb#a50b34&#8243;]<\/p>\n<h2>DOBLE DIPLOMA<\/h2>\n<p>&nbsp;<\/p>\n<p>Gracias a la similitud de nuestros planes acad\u00e9micos, el programa de intercambio con Northridge Prep en Chicago ofrece a nuestros estudiantes la oportunidad de graduarse de preparatoria con doble diploma: el correspondiente al programa CCH de la UNAM, y el que otorga, precisamente, Northridge Prep.<\/p>\n<p>Leer m\u00e1s sobre Northridge Prep <a href=\"http:\/\/www.northridgeprep.org\" target=\"_blank\" rel=\"noopener\">AQU\u00cd<\/a>.<\/p>\n<p>[\/et_pb_text][\/et_pb_column][et_pb_column type=\u00bb1_2&#8243; _builder_version=\u00bb4.25.0&#8243; _module_preset=\u00bbdefault\u00bb global_colors_info=\u00bb{}\u00bb][et_pb_image src=\u00bbhttps:\/\/nsm.edu.mx\/wp-content\/uploads\/2024\/08\/img-dual-diploma.jpg\u00bb title_text=\u00bbimg-dual-diploma\u00bb _builder_version=\u00bb4.25.0&#8243; _module_preset=\u00bbdefault\u00bb width=\u00bb80%\u00bb global_colors_info=\u00bb{}\u00bb][\/et_pb_image][\/et_pb_column][\/et_pb_row][\/et_pb_section][et_pb_section fb_built=\u00bb1&#8243; _builder_version=\u00bb4.25.0&#8243; _module_preset=\u00bbdefault\u00bb global_colors_info=\u00bb{}\u00bb][et_pb_row _builder_version=\u00bb4.25.0&#8243; _module_preset=\u00bbdefault\u00bb global_colors_info=\u00bb{}\u00bb][et_pb_column type=\u00bb4_4&#8243; _builder_version=\u00bb4.25.0&#8243; _module_preset=\u00bbdefault\u00bb global_colors_info=\u00bb{}\u00bb][et_pb_text _builder_version=\u00bb4.25.0&#8243; _module_preset=\u00bbdefault\u00bb text_font=\u00bb&#8211;et_global_heading_font|700||on|||||\u00bb text_font_size=\u00bb28px\u00bb text_line_height=\u00bb1.3em\u00bb text_orientation=\u00bbcenter\u00bb width=\u00bb70%\u00bb module_alignment=\u00bbcenter\u00bb global_colors_info=\u00bb{}\u00bb]<\/p>\n<p>Profesorado<\/p>\n<p>[\/et_pb_text][et_pb_text _builder_version=\u00bb4.25.0&#8243; _module_preset=\u00bbdefault\u00bb text_font=\u00bb|700|||||||\u00bb text_text_color=\u00bb#a50b34&#8243; text_font_size=\u00bb22px\u00bb text_line_height=\u00bb1.3em\u00bb text_orientation=\u00bbcenter\u00bb width=\u00bb73%\u00bb module_alignment=\u00bbcenter\u00bb global_colors_info=\u00bb{}\u00bb]<\/p>\n<p>Gracias a la continua actualizaci\u00f3n en sus diversas \u00e1reas de especializaci\u00f3n, nuestro profesorado de High School cuenta con las credenciales necesarias para exigir excelencia acad\u00e9mica entre los estudiantes.<\/p>\n<p>[\/et_pb_text][et_pb_text _builder_version=\u00bb4.25.0&#8243; _module_preset=\u00bbdefault\u00bb text_orientation=\u00bbjustified\u00bb width=\u00bb78%\u00bb module_alignment=\u00bbcenter\u00bb global_colors_info=\u00bb{}\u00bb]<\/p>\n<p>Asimismo, nuestros alumnos de High School se benefician de un sistema de co-teaching en materias como matem\u00e1ticas y ciencias, a trav\u00e9s del cual se cuenta con la presencia de dos profesores por sal\u00f3n, con la capacidad de asistir a aquellos estudiantes que lo requieran y minimizar las interrupciones.<\/p>\n<p>[\/et_pb_text][\/et_pb_column][\/et_pb_row][et_pb_row column_structure=\u00bb1_2,1_2&#8243; use_custom_gutter=\u00bbon\u00bb gutter_width=\u00bb1&#8243; make_equal=\u00bbon\u00bb _builder_version=\u00bb4.25.0&#8243; _module_preset=\u00bbdefault\u00bb width=\u00bb100%\u00bb max_width=\u00bb98%\u00bb global_colors_info=\u00bb{}\u00bb][et_pb_column type=\u00bb1_2&#8243; _builder_version=\u00bb4.25.0&#8243; _module_preset=\u00bbdefault\u00bb global_colors_info=\u00bb{}\u00bb][et_pb_image src=\u00bbhttps:\/\/nsm.edu.mx\/wp-content\/uploads\/2024\/08\/img-faculty-high.jpg\u00bb title_text=\u00bbimg-faculty-high\u00bb _builder_version=\u00bb4.25.0&#8243; _module_preset=\u00bbdefault\u00bb global_colors_info=\u00bb{}\u00bb][\/et_pb_image][\/et_pb_column][et_pb_column type=\u00bb1_2&#8243; _builder_version=\u00bb4.25.0&#8243; _module_preset=\u00bbdefault\u00bb background_image=\u00bbhttps:\/\/nsm.edu.mx\/wp-content\/uploads\/2024\/08\/fondo-alongside.jpg\u00bb custom_padding=\u00bb3vh|2vw|3vh|2vw|true|true\u00bb global_colors_info=\u00bb{}\u00bb][et_pb_text _builder_version=\u00bb4.25.0&#8243; _module_preset=\u00bbdefault\u00bb text_font=\u00bb|300|||||||\u00bb text_text_color=\u00bb#FFFFFF\u00bb text_line_height=\u00bb1.3em\u00bb text_orientation=\u00bbjustified\u00bb custom_css_free_form=\u00bbli::marker {||  color: #ffd04d;||}\u00bb global_colors_info=\u00bb{}\u00bb]<\/p>\n<p><span style=\"color: #ffd04d;\">Por lo tanto, al tiempo que aseguramos cumplir con todos los requisitos establecidos por el Colegio de Ciencias y Humanidades, Northridge School Mexico ofrece lo siguiente:<\/span><\/p>\n<p><span style=\"color: #ffd04d;\"><\/span><\/p>\n<ul>\n<li>Habilidades ling\u00fc\u00edsticas correspondientes al nivel C1 del Marco Com\u00fan Europeo de Referencia (MCER por sus siglas en ingl\u00e9s), tanto en ingl\u00e9s, como en espa\u00f1ol. Los alumnos podr\u00e1n hablar y redactar textos en ambos idiomas con un dominio propio de su edad.<\/li>\n<li>Pensamiento l\u00f3gico-matem\u00e1tico, adem\u00e1s de la capacidad de resolver problemas complejos.<\/li>\n<li>Excelencia en la m\u00fasica que les permitir\u00e1 ejecutar un instrumento y obtener la certificaci\u00f3n ABRSM 4 (Associated Board of the Royal Schools of Music) o Trinity 4, si as\u00ed lo desean.<\/li>\n<li>Desarrollo en entornos digitales con un enfoque en la incorporaci\u00f3n adecuada de la tecnolog\u00eda a su aprendizaje y a su vida personal.<\/li>\n<li>Capacidad para comprender su rol dentro de la sociedad, as\u00ed como las herramientas que les permitir\u00e1n mejorar el mundo que les rodea.<\/li>\n<li>Participaci\u00f3n en un programa de Educaci\u00f3n F\u00edsica que promueve la salud y un estilo de vida \u00edntegro con la posibilidad de competir en torneos locales e interescolares.<\/li>\n<\/ul>\n<p>[\/et_pb_text][\/et_pb_column][\/et_pb_row][\/et_pb_section][et_pb_section fb_built=\u00bb1&#8243; _builder_version=\u00bb4.25.0&#8243; _module_preset=\u00bbdefault\u00bb background_image=\u00bbhttps:\/\/nsm.edu.mx\/wp-content\/uploads\/2024\/08\/fondo-the-expert.jpg\u00bb custom_padding=\u00bb||15vh||false|false\u00bb global_colors_info=\u00bb{}\u00bb][et_pb_row column_structure=\u00bb1_2,1_2&#8243; _builder_version=\u00bb4.25.0&#8243; _module_preset=\u00bbdefault\u00bb width=\u00bb100%\u00bb max_width=\u00bb90%\u00bb global_colors_info=\u00bb{}\u00bb][et_pb_column type=\u00bb1_2&#8243; _builder_version=\u00bb4.25.0&#8243; _module_preset=\u00bbdefault\u00bb global_colors_info=\u00bb{}\u00bb][et_pb_text _builder_version=\u00bb4.25.0&#8243; _module_preset=\u00bbdefault\u00bb header_2_font=\u00bb|700|||||||\u00bb header_2_text_align=\u00bbjustify\u00bb header_2_text_color=\u00bb#ffd04d\u00bb header_2_font_size=\u00bb30px\u00bb header_2_line_height=\u00bb1.3em\u00bb width=\u00bb97%\u00bb global_colors_info=\u00bb{}\u00bb]<\/p>\n<h2>Nuestro entorno escolar fomenta la cordialidad entre profesores, estudiantes, familias y colaboradores. Asimismo, cada ni\u00f1o dentro del colegio puede participar en actividades extracurriculares con el fin de fomentar la amistad y amabilidad. <\/h2>\n<p>[\/et_pb_text][et_pb_text _builder_version=\u00bb4.25.0&#8243; _module_preset=\u00bbdefault\u00bb text_text_color=\u00bb#FFFFFF\u00bb text_orientation=\u00bbjustified\u00bb global_colors_info=\u00bb{}\u00bb]<\/p>\n<p>Asimismo, nuestros estudiantes de High School participan en actividades y retos extramuros, como campamentos de generaci\u00f3n y la olimpiada regional y nacional de matem\u00e1ticas y Model UN.<\/p>\n<p>[\/et_pb_text][et_pb_text _builder_version=\u00bb4.25.0&#8243; _module_preset=\u00bbdefault\u00bb header_2_font=\u00bb|700||on|||||\u00bb header_2_text_align=\u00bbjustify\u00bb header_2_text_color=\u00bb#ffd04d\u00bb header_2_font_size=\u00bb24px\u00bb header_2_line_height=\u00bb1.3em\u00bb width=\u00bb97%\u00bb global_colors_info=\u00bb{}\u00bb]<\/p>\n<h2>Educaci\u00f3n f\u00edsica y deportes de equipo en High School<\/h2>\n<p>[\/et_pb_text][et_pb_text _builder_version=\u00bb4.25.0&#8243; _module_preset=\u00bbdefault\u00bb text_text_color=\u00bb#FFFFFF\u00bb text_orientation=\u00bbjustified\u00bb global_colors_info=\u00bb{}\u00bb link_text_color__hover_enabled=\u00bbon|hover\u00bb link_text_color__hover=\u00bb#a50b34&#8243;]<\/p>\n<p>Mientras que los deportes de equipo son parte de las actividades extracurriculares para los alumnos de las dem\u00e1s secciones, en el caso de High School cuentan para satisfacer los requisitos de educaci\u00f3n f\u00edsica que los alumnos requieren para graduarse.<\/p>\n<p>Los alumnos que no participan en deportes de equipo deben tomar parte en alguna actividad alterna para cumplir con dicho requisito.<\/p>\n<p>Las <a href=\"https:\/\/nsm.edu.mx\/athletics\/es\">actividades<\/a> de educaci\u00f3n f\u00edsica en High School se realizan dos veces por semana y en horario extendido.<\/p>\n<p>[\/et_pb_text][\/et_pb_column][et_pb_column type=\u00bb1_2&#8243; _builder_version=\u00bb4.25.0&#8243; _module_preset=\u00bbdefault\u00bb custom_padding=\u00bb10vh||||false|false\u00bb global_colors_info=\u00bb{}\u00bb][et_pb_image src=\u00bbhttps:\/\/nsm.edu.mx\/wp-content\/uploads\/2024\/09\/high-School-frase.png\u00bb title_text=\u00bbhigh School-frase\u00bb _builder_version=\u00bb4.27.0&#8243; _module_preset=\u00bbdefault\u00bb hover_enabled=\u00bb0&#8243; global_colors_info=\u00bb{}\u00bb width__hover_enabled=\u00bboff|desktop\u00bb sticky_enabled=\u00bb0&#8243;][\/et_pb_image][\/et_pb_column][\/et_pb_row][et_pb_row _builder_version=\u00bb4.25.0&#8243; _module_preset=\u00bbdefault\u00bb global_colors_info=\u00bb{}\u00bb][et_pb_column type=\u00bb4_4&#8243; _builder_version=\u00bb4.25.0&#8243; _module_preset=\u00bbdefault\u00bb global_colors_info=\u00bb{}\u00bb][et_pb_text _builder_version=\u00bb4.25.0&#8243; _module_preset=\u00bbdefault\u00bb header_2_font=\u00bb|700|||||||\u00bb header_2_text_align=\u00bbcenter\u00bb header_2_text_color=\u00bb#ffd04d\u00bb global_colors_info=\u00bb{}\u00bb]<\/p>\n<h2>Galer\u00eda de fotos<\/h2>\n<p>[\/et_pb_text][\/et_pb_column][\/et_pb_row][et_pb_row _builder_version=\u00bb4.25.0&#8243; _module_preset=\u00bbdefault\u00bb global_colors_info=\u00bb{}\u00bb][et_pb_column type=\u00bb4_4&#8243; _builder_version=\u00bb4.25.0&#8243; _module_preset=\u00bbdefault\u00bb global_colors_info=\u00bb{}\u00bb][dsm_image_carousel gallery_ids=\u00bb313,314,315,316,317,318,319,320,321,322,323,324,325,326,327,328,329,330,331,332&#8243; slide_to_show=\u00bb1&#8243; arrow_size=\u00bb60px\u00bb dots=\u00bboff\u00bb arrow_color=\u00bb#FFFFFF\u00bb _builder_version=\u00bb4.25.0&#8243; _module_preset=\u00bbdefault\u00bb width=\u00bb80%\u00bb module_alignment=\u00bbcenter\u00bb custom_margin=\u00bb||0px||false|false\u00bb global_colors_info=\u00bb{}\u00bb][\/dsm_image_carousel][\/et_pb_column][\/et_pb_row][\/et_pb_section]<\/p>\n","protected":false},"excerpt":{"rendered":"<p>High schoolCon la oportunidad de graduarse con doble diploma, nuestros alumnos de High School (9\u00b0 a 12\u00b0) crecen en un entorno exigente y amable que impulsa su transici\u00f3n hacia las mejores universidades.Con m\u00e1s de cinco generaciones ya egresadas, nos enorgullece ver que nuestros ex alumnos ya destacan no solo dentro de las instituciones m\u00e1s prestigiosas de M\u00e9xico, sino tambi\u00e9n en campus como Notre Dame, la Universidad de Navarra y Berkley, entre otros. Las competencias sobre las que trabajan les permitir\u00e1n alcanzar su mayor potencial y fortalecer su car\u00e1cter con base en las virtudes cat\u00f3licas y espirituales del Opus Dei.DOBLE DIPLOMA &nbsp; Gracias a la similitud de nuestros planes acad\u00e9micos, el programa de intercambio con Northridge Prep en Chicago ofrece a nuestros estudiantes la oportunidad de graduarse de preparatoria con doble diploma: el correspondiente al programa CCH de la UNAM, y el que otorga, precisamente, Northridge Prep. Leer m\u00e1s sobre Northridge Prep AQU\u00cd.ProfesoradoGracias a la continua actualizaci\u00f3n en sus diversas \u00e1reas de especializaci\u00f3n, nuestro profesorado de High School cuenta con las credenciales necesarias para exigir excelencia acad\u00e9mica entre los estudiantes.Asimismo, nuestros alumnos de High School se benefician de un sistema de co-teaching en materias como matem\u00e1ticas y ciencias, a trav\u00e9s del [&hellip;]<\/p>\n","protected":false},"author":1,"featured_media":0,"parent":0,"menu_order":0,"comment_status":"closed","ping_status":"closed","template":"","meta":{"_et_pb_use_builder":"on","_et_pb_old_content":"","_et_gb_content_width":"","footnotes":""},"class_list":["post-894","page","type-page","status-publish","hentry"],"_links":{"self":[{"href":"https:\/\/nsm.edu.mx\/es\/wp-json\/wp\/v2\/pages\/894","targetHints":{"allow":["GET"]}}],"collection":[{"href":"https:\/\/nsm.edu.mx\/es\/wp-json\/wp\/v2\/pages"}],"about":[{"href":"https:\/\/nsm.edu.mx\/es\/wp-json\/wp\/v2\/types\/page"}],"author":[{"embeddable":true,"href":"https:\/\/nsm.edu.mx\/es\/wp-json\/wp\/v2\/users\/1"}],"replies":[{"embeddable":true,"href":"https:\/\/nsm.edu.mx\/es\/wp-json\/wp\/v2\/comments?post=894"}],"version-history":[{"count":1,"href":"https:\/\/nsm.edu.mx\/es\/wp-json\/wp\/v2\/pages\/894\/revisions"}],"predecessor-version":[{"id":969,"href":"https:\/\/nsm.edu.mx\/es\/wp-json\/wp\/v2\/pages\/894\/revisions\/969"}],"wp:attachment":[{"href":"https:\/\/nsm.edu.mx\/es\/wp-json\/wp\/v2\/media?parent=894"}],"curies":[{"name":"wp","href":"https:\/\/api.w.org\/{rel}","templated":true}]}}