{"id":893,"date":"2024-07-31T18:30:49","date_gmt":"2024-08-01T00:30:49","guid":{"rendered":"https:\/\/nsm.edu.mx\/middle-school\/"},"modified":"2024-09-17T10:12:39","modified_gmt":"2024-09-17T16:12:39","slug":"middle-school","status":"publish","type":"page","link":"https:\/\/nsm.edu.mx\/es\/middle-school\/","title":{"rendered":"Middle School"},"content":{"rendered":"<p>[et_pb_section fb_built=\u00bb1&#8243; _builder_version=\u00bb4.25.0&#8243; _module_preset=\u00bbdefault\u00bb background_image=\u00bbhttps:\/\/nsm.edu.mx\/wp-content\/uploads\/2024\/08\/banner-middle.jpg\u00bb global_colors_info=\u00bb{}\u00bb][et_pb_row _builder_version=\u00bb4.25.0&#8243; _module_preset=\u00bbdefault\u00bb global_colors_info=\u00bb{}\u00bb][et_pb_column type=\u00bb4_4&#8243; _builder_version=\u00bb4.25.0&#8243; _module_preset=\u00bbdefault\u00bb global_colors_info=\u00bb{}\u00bb][et_pb_text _builder_version=\u00bb4.25.0&#8243; _module_preset=\u00bbdefault\u00bb header_2_font=\u00bb|700||on|||||\u00bb header_2_text_align=\u00bbcenter\u00bb header_2_text_color=\u00bb#FFFFFF\u00bb header_2_font_size=\u00bb40px\u00bb global_colors_info=\u00bb{}\u00bb]<\/p>\n<h2>Middle school<\/h2>\n<p>[\/et_pb_text][\/et_pb_column][\/et_pb_row][\/et_pb_section][et_pb_section fb_built=\u00bb1&#8243; _builder_version=\u00bb4.25.0&#8243; _module_preset=\u00bbdefault\u00bb global_colors_info=\u00bb{}\u00bb][et_pb_row _builder_version=\u00bb4.25.0&#8243; _module_preset=\u00bbdefault\u00bb global_colors_info=\u00bb{}\u00bb][et_pb_column type=\u00bb4_4&#8243; _builder_version=\u00bb4.25.0&#8243; _module_preset=\u00bbdefault\u00bb global_colors_info=\u00bb{}\u00bb][et_pb_text _builder_version=\u00bb4.25.0&#8243; _module_preset=\u00bbdefault\u00bb text_font=\u00bb|700|||||||\u00bb text_text_color=\u00bb#a50b34&#8243; text_font_size=\u00bb22px\u00bb text_line_height=\u00bb1.3em\u00bb text_orientation=\u00bbcenter\u00bb width=\u00bb70%\u00bb module_alignment=\u00bbcenter\u00bb global_colors_info=\u00bb{}\u00bb]<\/p>\n<p>Nuestros alumnos de Middle School crecen en un entorno exigente y amable que impulsa su transici\u00f3n hacia High School.<\/p>\n<p>[\/et_pb_text][et_pb_text _builder_version=\u00bb4.25.0&#8243; _module_preset=\u00bbdefault\u00bb text_orientation=\u00bbcenter\u00bb width=\u00bb78%\u00bb module_alignment=\u00bbcenter\u00bb global_colors_info=\u00bb{}\u00bb]<\/p>\n<p>Las competencias sobre las que trabajan les permitir\u00e1n alcanzar su mayor potencial y fortalecer su car\u00e1cter con base en las virtudes cat\u00f3licas y espirituales del Opus Dei.<\/p>\n<p>[\/et_pb_text][\/et_pb_column][\/et_pb_row][et_pb_row _builder_version=\u00bb4.25.0&#8243; _module_preset=\u00bbdefault\u00bb global_colors_info=\u00bb{}\u00bb][et_pb_column type=\u00bb4_4&#8243; _builder_version=\u00bb4.25.0&#8243; _module_preset=\u00bbdefault\u00bb global_colors_info=\u00bb{}\u00bb][et_pb_image src=\u00bbhttps:\/\/nsm.edu.mx\/wp-content\/uploads\/2024\/08\/img-our-middle.jpg\u00bb title_text=\u00bbimg-our-middle\u00bb align=\u00bbcenter\u00bb _builder_version=\u00bb4.25.0&#8243; _module_preset=\u00bbdefault\u00bb width=\u00bb65%\u00bb module_alignment=\u00bbcenter\u00bb global_colors_info=\u00bb{}\u00bb][\/et_pb_image][\/et_pb_column][\/et_pb_row][et_pb_row column_structure=\u00bb1_2,1_2&#8243; use_custom_gutter=\u00bbon\u00bb gutter_width=\u00bb1&#8243; make_equal=\u00bbon\u00bb _builder_version=\u00bb4.25.0&#8243; _module_preset=\u00bbdefault\u00bb width=\u00bb100%\u00bb max_width=\u00bb98%\u00bb global_colors_info=\u00bb{}\u00bb][et_pb_column type=\u00bb1_2&#8243; _builder_version=\u00bb4.25.0&#8243; _module_preset=\u00bbdefault\u00bb global_colors_info=\u00bb{}\u00bb][et_pb_image src=\u00bbhttps:\/\/nsm.edu.mx\/wp-content\/uploads\/2024\/08\/img-banner-texto-middle.jpg\u00bb title_text=\u00bbimg-banner-texto-middle\u00bb _builder_version=\u00bb4.25.0&#8243; _module_preset=\u00bbdefault\u00bb global_colors_info=\u00bb{}\u00bb][\/et_pb_image][\/et_pb_column][et_pb_column type=\u00bb1_2&#8243; _builder_version=\u00bb4.25.0&#8243; _module_preset=\u00bbdefault\u00bb background_image=\u00bbhttps:\/\/nsm.edu.mx\/wp-content\/uploads\/2024\/08\/fondo-alongside.jpg\u00bb custom_padding=\u00bb3vh|2vw|3vh|2vw|true|true\u00bb global_colors_info=\u00bb{}\u00bb][et_pb_text _builder_version=\u00bb4.25.0&#8243; _module_preset=\u00bbdefault\u00bb text_font=\u00bb|300|||||||\u00bb text_text_color=\u00bb#FFFFFF\u00bb text_font_size=\u00bb15px\u00bb text_line_height=\u00bb1.3em\u00bb text_orientation=\u00bbjustified\u00bb custom_css_free_form=\u00bbli::marker {||  color: #ffd04d;||}\u00bb global_colors_info=\u00bb{}\u00bb]<\/p>\n<p><span style=\"color: #ffd04d;\">Al tiempo que aseguramos cumplir con todos los requisitos establecidos por la Secretar\u00eda de Educaci\u00f3n P\u00fablica, Northridge School Mexico se enfoca en la pr\u00e1ctica deliberada para lograr los siguientes objetivos:<\/span><\/p>\n<p><span style=\"color: #ffd04d;\"><\/span><\/p>\n<ul>\n<li>Habilidades ling\u00fc\u00edsticas correspondientes al nivel B2 del Marco Com\u00fan Europeo de Referencia (MCER por sus siglas en ingl\u00e9s), tanto en ingl\u00e9s, como en espa\u00f1ol. Los alumnos podr\u00e1n hablar ambos idiomas con un dominio propio de su edad.<\/li>\n<li>Pensamiento l\u00f3gico-matem\u00e1tico, adem\u00e1s de la capacidad de resolver problemas por medio de algoritmos aritm\u00e9ticos, en estad\u00edstica, \u00e1lgebra y geometr\u00eda.<\/li>\n<li>Excelencia en la m\u00fasica que les permitir\u00e1 ejecutar un instrumento y obtener la certificaci\u00f3n ABRSM 3 (Associated Board of the Royal Schools of Music) o Trinity 3.<\/li>\n<li>Resoluci\u00f3n de problemas a trav\u00e9s de un din\u00e1mico programa de artes visuales.<\/li>\n<li>Desarrollo b\u00e1sico en entornos digitales y refuerzo de habilidades para la incorporaci\u00f3n adecuada de la tecnolog\u00eda a su aprendizaje.<\/li>\n<li>Reconocer que el hacer el bien conlleva derechos y obligaciones, al tiempo que se reconocen las diferencias culturales con propuestas de soluciones para el mundo que los rodea.<\/li>\n<li>Herramientas de planeaci\u00f3n que les permitir\u00e1n encontrar la evidencia necesaria para respaldar sus investigaciones con base en modelos adecuados de presentaci\u00f3n de resultados.<\/li>\n<li>Participaci\u00f3n en un programa de Educaci\u00f3n F\u00edsica que promueve la salud y un estilo de vida \u00edntegro con la posibilidad de competir en torneos locales e interescolares.<\/li>\n<li>Trabajo con profesores altamente calificados en su \u00e1rea profesional, con un enfoque especial en cada una de las necesidades de sus alumnos.<\/li>\n<\/ul>\n<p>[\/et_pb_text][\/et_pb_column][\/et_pb_row][\/et_pb_section][et_pb_section fb_built=\u00bb1&#8243; _builder_version=\u00bb4.25.0&#8243; _module_preset=\u00bbdefault\u00bb background_image=\u00bbhttps:\/\/nsm.edu.mx\/wp-content\/uploads\/2024\/08\/fondo-the-expert.jpg\u00bb custom_padding=\u00bb||15vh||false|false\u00bb global_colors_info=\u00bb{}\u00bb][et_pb_row column_structure=\u00bb1_2,1_2&#8243; _builder_version=\u00bb4.25.0&#8243; _module_preset=\u00bbdefault\u00bb width=\u00bb100%\u00bb max_width=\u00bb90%\u00bb global_colors_info=\u00bb{}\u00bb][et_pb_column type=\u00bb1_2&#8243; _builder_version=\u00bb4.25.0&#8243; _module_preset=\u00bbdefault\u00bb custom_padding=\u00bb3vh||||false|false\u00bb global_colors_info=\u00bb{}\u00bb][et_pb_text _builder_version=\u00bb4.25.0&#8243; _module_preset=\u00bbdefault\u00bb header_2_font=\u00bb|700|||||||\u00bb header_2_text_align=\u00bbjustify\u00bb header_2_text_color=\u00bb#ffd04d\u00bb header_2_font_size=\u00bb30px\u00bb header_2_line_height=\u00bb1.3em\u00bb width=\u00bb97%\u00bb global_colors_info=\u00bb{}\u00bb]<\/p>\n<h2>Nuestro entorno escolar fomenta la cordialidad entre profesores, estudiantes, familias y colaboradores. Asimismo, cada ni\u00f1o dentro del colegio puede participar en actividades extracurriculares con el fin de fomentar la amistad y amabilidad. <\/h2>\n<p>[\/et_pb_text][et_pb_text _builder_version=\u00bb4.25.0&#8243; _module_preset=\u00bbdefault\u00bb text_text_color=\u00bb#FFFFFF\u00bb text_orientation=\u00bbjustified\u00bb global_colors_info=\u00bb{}\u00bb]<\/p>\n<p>Asimismo, nuestros estudiantes de Middle School participan en actividades y retos extramuros, como campamentos de generaci\u00f3n y la olimpiada regional y nacional de matem\u00e1ticas.<\/p>\n<p>[\/et_pb_text][\/et_pb_column][et_pb_column type=\u00bb1_2&#8243; _builder_version=\u00bb4.25.0&#8243; _module_preset=\u00bbdefault\u00bb global_colors_info=\u00bb{}\u00bb][et_pb_image src=\u00bbhttps:\/\/nsm.edu.mx\/wp-content\/uploads\/2024\/09\/middle-frase.png\u00bb title_text=\u00bbmiddle-frase\u00bb _builder_version=\u00bb4.27.0&#8243; _module_preset=\u00bbdefault\u00bb width=\u00bb75%\u00bb hover_enabled=\u00bb0&#8243; global_colors_info=\u00bb{}\u00bb sticky_enabled=\u00bb0&#8243;][\/et_pb_image][\/et_pb_column][\/et_pb_row][et_pb_row _builder_version=\u00bb4.25.0&#8243; _module_preset=\u00bbdefault\u00bb global_colors_info=\u00bb{}\u00bb][et_pb_column type=\u00bb4_4&#8243; _builder_version=\u00bb4.25.0&#8243; _module_preset=\u00bbdefault\u00bb global_colors_info=\u00bb{}\u00bb][et_pb_text _builder_version=\u00bb4.25.0&#8243; _module_preset=\u00bbdefault\u00bb header_2_font=\u00bb|700|||||||\u00bb header_2_text_align=\u00bbcenter\u00bb header_2_text_color=\u00bb#ffd04d\u00bb global_colors_info=\u00bb{}\u00bb]<\/p>\n<h2>Galer\u00eda de fotos<\/h2>\n<p>[\/et_pb_text][\/et_pb_column][\/et_pb_row][et_pb_row _builder_version=\u00bb4.25.0&#8243; _module_preset=\u00bbdefault\u00bb global_colors_info=\u00bb{}\u00bb][et_pb_column type=\u00bb4_4&#8243; _builder_version=\u00bb4.25.0&#8243; _module_preset=\u00bbdefault\u00bb global_colors_info=\u00bb{}\u00bb][dsm_image_carousel gallery_ids=\u00bb282,283,284,285,286,287,288,289,290,291,292,293,294,295,296,297,298,299,300,301&#8243; slide_to_show=\u00bb1&#8243; arrow_size=\u00bb60px\u00bb dots=\u00bboff\u00bb arrow_color=\u00bb#FFFFFF\u00bb _builder_version=\u00bb4.25.0&#8243; _module_preset=\u00bbdefault\u00bb width=\u00bb80%\u00bb module_alignment=\u00bbcenter\u00bb custom_margin=\u00bb||0px||false|false\u00bb global_colors_info=\u00bb{}\u00bb][\/dsm_image_carousel][\/et_pb_column][\/et_pb_row][\/et_pb_section]<\/p>\n","protected":false},"excerpt":{"rendered":"<p>Middle schoolNuestros alumnos de Middle School crecen en un entorno exigente y amable que impulsa su transici\u00f3n hacia High School.Las competencias sobre las que trabajan les permitir\u00e1n alcanzar su mayor potencial y fortalecer su car\u00e1cter con base en las virtudes cat\u00f3licas y espirituales del Opus Dei.Al tiempo que aseguramos cumplir con todos los requisitos establecidos por la Secretar\u00eda de Educaci\u00f3n P\u00fablica, Northridge School Mexico se enfoca en la pr\u00e1ctica deliberada para lograr los siguientes objetivos: Habilidades ling\u00fc\u00edsticas correspondientes al nivel B2 del Marco Com\u00fan Europeo de Referencia (MCER por sus siglas en ingl\u00e9s), tanto en ingl\u00e9s, como en espa\u00f1ol. Los alumnos podr\u00e1n hablar ambos idiomas con un dominio propio de su edad. Pensamiento l\u00f3gico-matem\u00e1tico, adem\u00e1s de la capacidad de resolver problemas por medio de algoritmos aritm\u00e9ticos, en estad\u00edstica, \u00e1lgebra y geometr\u00eda. Excelencia en la m\u00fasica que les permitir\u00e1 ejecutar un instrumento y obtener la certificaci\u00f3n ABRSM 3 (Associated Board of the Royal Schools of Music) o Trinity 3. Resoluci\u00f3n de problemas a trav\u00e9s de un din\u00e1mico programa de artes visuales. Desarrollo b\u00e1sico en entornos digitales y refuerzo de habilidades para la incorporaci\u00f3n adecuada de la tecnolog\u00eda a su aprendizaje. Reconocer que el hacer el bien conlleva derechos y obligaciones, al [&hellip;]<\/p>\n","protected":false},"author":1,"featured_media":0,"parent":0,"menu_order":0,"comment_status":"closed","ping_status":"closed","template":"","meta":{"_et_pb_use_builder":"on","_et_pb_old_content":"","_et_gb_content_width":"","footnotes":""},"class_list":["post-893","page","type-page","status-publish","hentry"],"_links":{"self":[{"href":"https:\/\/nsm.edu.mx\/es\/wp-json\/wp\/v2\/pages\/893","targetHints":{"allow":["GET"]}}],"collection":[{"href":"https:\/\/nsm.edu.mx\/es\/wp-json\/wp\/v2\/pages"}],"about":[{"href":"https:\/\/nsm.edu.mx\/es\/wp-json\/wp\/v2\/types\/page"}],"author":[{"embeddable":true,"href":"https:\/\/nsm.edu.mx\/es\/wp-json\/wp\/v2\/users\/1"}],"replies":[{"embeddable":true,"href":"https:\/\/nsm.edu.mx\/es\/wp-json\/wp\/v2\/comments?post=893"}],"version-history":[{"count":1,"href":"https:\/\/nsm.edu.mx\/es\/wp-json\/wp\/v2\/pages\/893\/revisions"}],"predecessor-version":[{"id":963,"href":"https:\/\/nsm.edu.mx\/es\/wp-json\/wp\/v2\/pages\/893\/revisions\/963"}],"wp:attachment":[{"href":"https:\/\/nsm.edu.mx\/es\/wp-json\/wp\/v2\/media?parent=893"}],"curies":[{"name":"wp","href":"https:\/\/api.w.org\/{rel}","templated":true}]}}