{"id":891,"date":"2024-07-31T18:30:38","date_gmt":"2024-08-01T00:30:38","guid":{"rendered":"https:\/\/nsm.edu.mx\/lower-elementary\/"},"modified":"2025-10-14T10:02:52","modified_gmt":"2025-10-14T16:02:52","slug":"lower-elementary","status":"publish","type":"page","link":"https:\/\/nsm.edu.mx\/es\/lower-elementary\/","title":{"rendered":"Lower Elementary"},"content":{"rendered":"<p>[et_pb_section fb_built=\u00bb1&#8243; _builder_version=\u00bb4.25.0&#8243; _module_preset=\u00bbdefault\u00bb background_image=\u00bbhttps:\/\/nsm.edu.mx\/wp-content\/uploads\/2024\/08\/banner-lower.jpg\u00bb global_colors_info=\u00bb{}\u00bb][et_pb_row _builder_version=\u00bb4.25.0&#8243; _module_preset=\u00bbdefault\u00bb global_colors_info=\u00bb{}\u00bb][et_pb_column type=\u00bb4_4&#8243; _builder_version=\u00bb4.25.0&#8243; _module_preset=\u00bbdefault\u00bb global_colors_info=\u00bb{}\u00bb][et_pb_text _builder_version=\u00bb4.25.0&#8243; _module_preset=\u00bbdefault\u00bb header_2_font=\u00bb|700||on|||||\u00bb header_2_text_align=\u00bbcenter\u00bb header_2_text_color=\u00bb#FFFFFF\u00bb header_2_font_size=\u00bb40px\u00bb global_colors_info=\u00bb{}\u00bb]<\/p>\n<h2>Lower elementary<\/h2>\n<p>[\/et_pb_text][\/et_pb_column][\/et_pb_row][\/et_pb_section][et_pb_section fb_built=\u00bb1&#8243; _builder_version=\u00bb4.25.0&#8243; _module_preset=\u00bbdefault\u00bb global_colors_info=\u00bb{}\u00bb][et_pb_row _builder_version=\u00bb4.25.0&#8243; _module_preset=\u00bbdefault\u00bb global_colors_info=\u00bb{}\u00bb][et_pb_column type=\u00bb4_4&#8243; _builder_version=\u00bb4.25.0&#8243; _module_preset=\u00bbdefault\u00bb global_colors_info=\u00bb{}\u00bb][et_pb_text _builder_version=\u00bb4.25.0&#8243; _module_preset=\u00bbdefault\u00bb text_font=\u00bb|700|||||||\u00bb text_text_color=\u00bb#a50b34&#8243; text_font_size=\u00bb22px\u00bb text_line_height=\u00bb1.3em\u00bb text_orientation=\u00bbcenter\u00bb width=\u00bb70%\u00bb module_alignment=\u00bbcenter\u00bb global_colors_info=\u00bb{}\u00bb]<\/p>\n<p>Nuestros alumnos de Lower Elementary crecen en un entorno exigente y amable que impulsa su transici\u00f3n hacia Upper Elementary.<\/p>\n<p>[\/et_pb_text][et_pb_text _builder_version=\u00bb4.25.0&#8243; _module_preset=\u00bbdefault\u00bb text_orientation=\u00bbcenter\u00bb width=\u00bb78%\u00bb module_alignment=\u00bbcenter\u00bb global_colors_info=\u00bb{}\u00bb]<\/p>\n<p>Las competencias sobre las que trabajan les permitir\u00e1n alcanzar su mayor potencial y fortalecer su car\u00e1cter con base en las virtudes cat\u00f3licas y espirituales del Opus Dei.<\/p>\n<p>[\/et_pb_text][\/et_pb_column][\/et_pb_row][et_pb_row _builder_version=\u00bb4.25.0&#8243; _module_preset=\u00bbdefault\u00bb global_colors_info=\u00bb{}\u00bb][et_pb_column type=\u00bb4_4&#8243; _builder_version=\u00bb4.25.0&#8243; _module_preset=\u00bbdefault\u00bb global_colors_info=\u00bb{}\u00bb][et_pb_image src=\u00bbhttps:\/\/nsm.edu.mx\/wp-content\/uploads\/2024\/08\/banner-texto-lower.jpg\u00bb title_text=\u00bbbanner-texto-lower\u00bb align=\u00bbcenter\u00bb _builder_version=\u00bb4.25.0&#8243; _module_preset=\u00bbdefault\u00bb width=\u00bb65%\u00bb module_alignment=\u00bbcenter\u00bb global_colors_info=\u00bb{}\u00bb][\/et_pb_image][\/et_pb_column][\/et_pb_row][et_pb_row column_structure=\u00bb1_2,1_2&#8243; use_custom_gutter=\u00bbon\u00bb gutter_width=\u00bb1&#8243; make_equal=\u00bbon\u00bb _builder_version=\u00bb4.25.0&#8243; _module_preset=\u00bbdefault\u00bb width=\u00bb100%\u00bb max_width=\u00bb98%\u00bb global_colors_info=\u00bb{}\u00bb][et_pb_column type=\u00bb1_2&#8243; _builder_version=\u00bb4.25.0&#8243; _module_preset=\u00bbdefault\u00bb global_colors_info=\u00bb{}\u00bb][et_pb_image src=\u00bbhttps:\/\/nsm.edu.mx\/wp-content\/uploads\/2024\/08\/img-alonside.jpg\u00bb title_text=\u00bbimg-alonside\u00bb _builder_version=\u00bb4.25.0&#8243; _module_preset=\u00bbdefault\u00bb global_colors_info=\u00bb{}\u00bb][\/et_pb_image][\/et_pb_column][et_pb_column type=\u00bb1_2&#8243; _builder_version=\u00bb4.25.0&#8243; _module_preset=\u00bbdefault\u00bb background_image=\u00bbhttps:\/\/nsm.edu.mx\/wp-content\/uploads\/2024\/08\/fondo-alongside.jpg\u00bb custom_padding=\u00bb3vh|2vw|3vh|2vw|true|true\u00bb global_colors_info=\u00bb{}\u00bb][et_pb_text _builder_version=\u00bb4.25.0&#8243; _module_preset=\u00bbdefault\u00bb text_font=\u00bb|300|||||||\u00bb text_text_color=\u00bb#FFFFFF\u00bb text_font_size=\u00bb15px\u00bb text_line_height=\u00bb1.3em\u00bb text_orientation=\u00bbjustified\u00bb custom_css_free_form=\u00bbli::marker {||  color: #ffd04d;||}\u00bb global_colors_info=\u00bb{}\u00bb]<\/p>\n<p><span style=\"color: #ffd04d;\">Al tiempo que aseguramos cumplir con todos los requisitos establecidos por la Secretar\u00eda de Educaci\u00f3n P\u00fablica, Northridge School Mexico se enfoca en la pr\u00e1ctica deliberada para lograr los siguientes objetivos:<\/span><\/p>\n<p><span style=\"color: #ffd04d;\"><\/span><\/p>\n<ul>\n<li>Habilidades ling\u00fc\u00edsticas correspondientes al nivel A2 del Marco Com\u00fan Europeo de Referencia (MCER por sus siglas en ingl\u00e9s), tanto en ingl\u00e9s, como en espa\u00f1ol.<\/li>\n<li>Pensamiento l\u00f3gico-matem\u00e1tico.<\/li>\n<li>Excelencia en la m\u00fasica a trav\u00e9s del canto y del dominio b\u00e1sico de un instrumento, como el viol\u00edn, la flauta transversa y el cello.<\/li>\n<li>Autoexpresi\u00f3n a trav\u00e9s de un din\u00e1mico programa de artes visuales.<\/li>\n<li>Desarrollo b\u00e1sico en entornos digitales y refuerzo de habilidades para la incorporaci\u00f3n adecuada de la tecnolog\u00eda a su aprendizaje.<\/li>\n<li>Comprensi\u00f3n de la importancia de desenvolverse adecuadamente en su entorno social e instrucci\u00f3n adecuada sobre lo que sucede en el mundo que los rodea.<\/li>\n<li>Participaci\u00f3n en un programa de Educaci\u00f3n F\u00edsica que promueve la salud y un estilo de vida \u00edntegro.<\/li>\n<li>Trabajo con profesores altamente calificados en su \u00e1rea profesional, con un enfoque especial en cada una de las necesidades de sus alumnos.<\/li>\n<\/ul>\n<p>[\/et_pb_text][\/et_pb_column][\/et_pb_row][\/et_pb_section][et_pb_section fb_built=\u00bb1&#8243; _builder_version=\u00bb4.25.0&#8243; _module_preset=\u00bbdefault\u00bb background_image=\u00bbhttps:\/\/nsm.edu.mx\/wp-content\/uploads\/2024\/08\/fondo-the-expert.jpg\u00bb custom_padding=\u00bb||15vh||false|false\u00bb global_colors_info=\u00bb{}\u00bb][et_pb_row column_structure=\u00bb1_2,1_2&#8243; _builder_version=\u00bb4.25.0&#8243; _module_preset=\u00bbdefault\u00bb width=\u00bb100%\u00bb max_width=\u00bb90%\u00bb global_colors_info=\u00bb{}\u00bb][et_pb_column type=\u00bb1_2&#8243; _builder_version=\u00bb4.25.0&#8243; _module_preset=\u00bbdefault\u00bb custom_padding=\u00bb10vh||||false|false\u00bb global_colors_info=\u00bb{}\u00bb][et_pb_text _builder_version=\u00bb4.25.0&#8243; _module_preset=\u00bbdefault\u00bb header_2_font=\u00bb|700|||||||\u00bb header_2_text_align=\u00bbjustify\u00bb header_2_text_color=\u00bb#ffd04d\u00bb header_2_font_size=\u00bb30px\u00bb header_2_line_height=\u00bb1.3em\u00bb width=\u00bb97%\u00bb global_colors_info=\u00bb{}\u00bb]<\/p>\n<h2>Nuestro entorno escolar fomenta la cordialidad entre profesores, estudiantes, familias y colaboradores. Asimismo, cada ni\u00f1o dentro del colegio puede participar en actividades extracurriculares con el fin de fomentar la amistad y amabilidad. <\/h2>\n<p>[\/et_pb_text][\/et_pb_column][et_pb_column type=\u00bb1_2&#8243; _builder_version=\u00bb4.25.0&#8243; _module_preset=\u00bbdefault\u00bb global_colors_info=\u00bb{}\u00bb][et_pb_image src=\u00bbhttps:\/\/nsm.edu.mx\/wp-content\/uploads\/2024\/09\/lower-frase.png\u00bb title_text=\u00bblower-frase\u00bb _builder_version=\u00bb4.27.0&#8243; _module_preset=\u00bbdefault\u00bb width=\u00bb75%\u00bb global_colors_info=\u00bb{}\u00bb][\/et_pb_image][\/et_pb_column][\/et_pb_row][et_pb_row _builder_version=\u00bb4.25.0&#8243; _module_preset=\u00bbdefault\u00bb global_colors_info=\u00bb{}\u00bb][et_pb_column type=\u00bb4_4&#8243; _builder_version=\u00bb4.25.0&#8243; _module_preset=\u00bbdefault\u00bb global_colors_info=\u00bb{}\u00bb][et_pb_text _builder_version=\u00bb4.25.0&#8243; _module_preset=\u00bbdefault\u00bb header_2_font=\u00bb|700|||||||\u00bb header_2_text_align=\u00bbcenter\u00bb header_2_text_color=\u00bb#ffd04d\u00bb global_colors_info=\u00bb{}\u00bb]<\/p>\n<h2>Galer\u00eda de fotos<\/h2>\n<p>[\/et_pb_text][\/et_pb_column][\/et_pb_row][et_pb_row _builder_version=\u00bb4.25.0&#8243; _module_preset=\u00bbdefault\u00bb global_colors_info=\u00bb{}\u00bb][et_pb_column type=\u00bb4_4&#8243; _builder_version=\u00bb4.25.0&#8243; _module_preset=\u00bbdefault\u00bb global_colors_info=\u00bb{}\u00bb][dsm_image_carousel gallery_ids=\u00bb192,193,194,195,196,197,198,199,200,201,202,203,204,205,208,209,210,211,213,214,215,216,217,218,219,220,221,222,223,224,225,226,227,228,229,230,231,232,233,234,235&#8243; slide_to_show=\u00bb1&#8243; arrow_size=\u00bb60px\u00bb dots=\u00bboff\u00bb arrow_color=\u00bb#FFFFFF\u00bb _builder_version=\u00bb4.27.0&#8243; _module_preset=\u00bbdefault\u00bb width=\u00bb80%\u00bb module_alignment=\u00bbcenter\u00bb custom_margin=\u00bb||0px||false|false\u00bb global_colors_info=\u00bb{}\u00bb][\/dsm_image_carousel][\/et_pb_column][\/et_pb_row][\/et_pb_section]<\/p>\n","protected":false},"excerpt":{"rendered":"<p>Lower elementaryNuestros alumnos de Lower Elementary crecen en un entorno exigente y amable que impulsa su transici\u00f3n hacia Upper Elementary.Las competencias sobre las que trabajan les permitir\u00e1n alcanzar su mayor potencial y fortalecer su car\u00e1cter con base en las virtudes cat\u00f3licas y espirituales del Opus Dei.Al tiempo que aseguramos cumplir con todos los requisitos establecidos por la Secretar\u00eda de Educaci\u00f3n P\u00fablica, Northridge School Mexico se enfoca en la pr\u00e1ctica deliberada para lograr los siguientes objetivos: Habilidades ling\u00fc\u00edsticas correspondientes al nivel A2 del Marco Com\u00fan Europeo de Referencia (MCER por sus siglas en ingl\u00e9s), tanto en ingl\u00e9s, como en espa\u00f1ol. Pensamiento l\u00f3gico-matem\u00e1tico. Excelencia en la m\u00fasica a trav\u00e9s del canto y del dominio b\u00e1sico de un instrumento, como el viol\u00edn, la flauta transversa y el cello. Autoexpresi\u00f3n a trav\u00e9s de un din\u00e1mico programa de artes visuales. Desarrollo b\u00e1sico en entornos digitales y refuerzo de habilidades para la incorporaci\u00f3n adecuada de la tecnolog\u00eda a su aprendizaje. Comprensi\u00f3n de la importancia de desenvolverse adecuadamente en su entorno social e instrucci\u00f3n adecuada sobre lo que sucede en el mundo que los rodea. Participaci\u00f3n en un programa de Educaci\u00f3n F\u00edsica que promueve la salud y un estilo de vida \u00edntegro. Trabajo con profesores altamente calificados [&hellip;]<\/p>\n","protected":false},"author":1,"featured_media":0,"parent":0,"menu_order":0,"comment_status":"closed","ping_status":"closed","template":"","meta":{"_et_pb_use_builder":"on","_et_pb_old_content":"","_et_gb_content_width":"","footnotes":""},"class_list":["post-891","page","type-page","status-publish","hentry"],"_links":{"self":[{"href":"https:\/\/nsm.edu.mx\/es\/wp-json\/wp\/v2\/pages\/891","targetHints":{"allow":["GET"]}}],"collection":[{"href":"https:\/\/nsm.edu.mx\/es\/wp-json\/wp\/v2\/pages"}],"about":[{"href":"https:\/\/nsm.edu.mx\/es\/wp-json\/wp\/v2\/types\/page"}],"author":[{"embeddable":true,"href":"https:\/\/nsm.edu.mx\/es\/wp-json\/wp\/v2\/users\/1"}],"replies":[{"embeddable":true,"href":"https:\/\/nsm.edu.mx\/es\/wp-json\/wp\/v2\/comments?post=891"}],"version-history":[{"count":2,"href":"https:\/\/nsm.edu.mx\/es\/wp-json\/wp\/v2\/pages\/891\/revisions"}],"predecessor-version":[{"id":1094,"href":"https:\/\/nsm.edu.mx\/es\/wp-json\/wp\/v2\/pages\/891\/revisions\/1094"}],"wp:attachment":[{"href":"https:\/\/nsm.edu.mx\/es\/wp-json\/wp\/v2\/media?parent=891"}],"curies":[{"name":"wp","href":"https:\/\/api.w.org\/{rel}","templated":true}]}}