{"id":889,"date":"2024-07-31T18:30:16","date_gmt":"2024-08-01T00:30:16","guid":{"rendered":"https:\/\/nsm.edu.mx\/padres-de-familia\/"},"modified":"2024-09-17T10:12:03","modified_gmt":"2024-09-17T16:12:03","slug":"padres-de-familia","status":"publish","type":"page","link":"https:\/\/nsm.edu.mx\/es\/padres-de-familia\/","title":{"rendered":"Padres de familia"},"content":{"rendered":"<p>[et_pb_section fb_built=\u00bb1&#8243; _builder_version=\u00bb4.25.0&#8243; _module_preset=\u00bbdefault\u00bb global_colors_info=\u00bb{}\u00bb][et_pb_row column_structure=\u00bb1_2,1_2&#8243; _builder_version=\u00bb4.25.0&#8243; _module_preset=\u00bbdefault\u00bb width=\u00bb100%\u00bb max_width=\u00bb71%\u00bb global_colors_info=\u00bb{}\u00bb][et_pb_column type=\u00bb1_2&#8243; _builder_version=\u00bb4.25.0&#8243; _module_preset=\u00bbdefault\u00bb global_colors_info=\u00bb{}\u00bb][et_pb_image src=\u00bbhttps:\/\/nsm.edu.mx\/wp-content\/uploads\/2024\/09\/padres-frase.png\u00bb title_text=\u00bbpadres-frase\u00bb _builder_version=\u00bb4.27.0&#8243; _module_preset=\u00bbdefault\u00bb hover_enabled=\u00bb0&#8243; global_colors_info=\u00bb{}\u00bb sticky_enabled=\u00bb0&#8243;][\/et_pb_image][\/et_pb_column][et_pb_column type=\u00bb1_2&#8243; _builder_version=\u00bb4.25.0&#8243; _module_preset=\u00bbdefault\u00bb global_colors_info=\u00bb{}\u00bb][et_pb_text _builder_version=\u00bb4.25.0&#8243; _module_preset=\u00bbdefault\u00bb header_2_font=\u00bb|700||on|||||\u00bb header_2_font_size=\u00bb40px\u00bb header_2_line_height=\u00bb1.3em\u00bb header_2_font_size_tablet=\u00bb40px\u00bb header_2_font_size_phone=\u00bb35px\u00bb header_2_font_size_last_edited=\u00bbon|phone\u00bb global_colors_info=\u00bb{}\u00bb]<\/p>\n<h2>Asociaci\u00f3n de padres y maestros<\/h2>\n<p>[\/et_pb_text][et_pb_text _builder_version=\u00bb4.25.0&#8243; _module_preset=\u00bbdefault\u00bb text_orientation=\u00bbjustified\u00bb custom_css_free_form=\u00bbli::marker {||  color:#a50b34!important;||}\u00bb global_colors_info=\u00bb{}\u00bb]<\/p>\n<p>En Northridge, sabemos que los padres son los principales educadores de sus hijos durante cada una de las etapas de su desarrollo, por lo que buscamos trabajar en equipo para preparar a cada alumno para una vida de responsabilidad.<\/p>\n<p>Aunque la formaci\u00f3n sucede d\u00eda a d\u00eda, Northridge School Mexico ofrece educaci\u00f3n continua en colaboraci\u00f3n con la parroquia de San Josemar\u00eda, que incluye:<\/p>\n<p>&nbsp;<\/p>\n<ul>\n<li>Conferencias<\/li>\n<li>Cursos<\/li>\n<li>Retiros mensuales para mam\u00e1s<\/li>\n<li>Retiros mensuales para pap\u00e1s<\/li>\n<li>Comit\u00e9s organizados por padres de familia<\/li>\n<li>PTA (Parent-Teacher Association)<\/li>\n<li>MEGs (Matrimonios Encargados de Grupo)<\/li>\n<\/ul>\n<p>[\/et_pb_text][\/et_pb_column][\/et_pb_row][\/et_pb_section][et_pb_section fb_built=\u00bb1&#8243; _builder_version=\u00bb4.25.0&#8243; _module_preset=\u00bbdefault\u00bb background_image=\u00bbhttps:\/\/nsm.edu.mx\/wp-content\/uploads\/2024\/08\/fondo-parents.jpg\u00bb global_colors_info=\u00bb{}\u00bb][et_pb_row column_structure=\u00bb3_5,2_5&#8243; _builder_version=\u00bb4.25.0&#8243; _module_preset=\u00bbdefault\u00bb width=\u00bb100%\u00bb max_width=\u00bb71%\u00bb global_colors_info=\u00bb{}\u00bb][et_pb_column type=\u00bb3_5&#8243; _builder_version=\u00bb4.25.0&#8243; _module_preset=\u00bbdefault\u00bb global_colors_info=\u00bb{}\u00bb][et_pb_text _builder_version=\u00bb4.25.0&#8243; _module_preset=\u00bbdefault\u00bb text_orientation=\u00bbjustified\u00bb custom_css_free_form=\u00bbli::marker {||  color:#a50b34!important;||}\u00bb global_colors_info=\u00bb{}\u00bb]<\/p>\n<p>Al fungir como enlace, y cuando existe armon\u00eda entre la casa y el colegio, estas actividades ayudan a los padres a lograr un conocimiento m\u00e1s profundo de s\u00ed mismos, de sus hijos y de su rol como educadores.<br \/>Nuestra misi\u00f3n es involucrar a los padres de familia en la educaci\u00f3n de sus hijos y fomentar la comunidad y el bienestar entre todos sus miembros.<br \/>Adem\u00e1s de contar con un matrimonio como presidentes de PTA, cada secci\u00f3n del colegio est\u00e1 representada por una familia, y cada grupo por al menos dos matrimonios encargados de grupo (MEG).<br \/>Nuestros MEGs ayudan a los padres de familia a comprender nuestra filosof\u00eda y modelo educacional, as\u00ed como a crear un clima de cooperaci\u00f3n, confianza y amistad entre ellos.<\/p>\n<p>Nuestro PTA trabaja adem\u00e1s con diversos comit\u00e9s, como son:<\/p>\n<ul>\n<li>Trabajo social<\/li>\n<li>Mi S\u00faper Ayuda<\/li>\n<li>Eventos<\/li>\n<\/ul>\n<p>Asimismo, PTA trabaja junto con nuestro Programa de Enriquecimiento de Familias (Parent Enrichment Program) en pro de la continua formaci\u00f3n de las mismas.<\/p>\n<p>[\/et_pb_text][\/et_pb_column][et_pb_column type=\u00bb2_5&#8243; _builder_version=\u00bb4.25.0&#8243; _module_preset=\u00bbdefault\u00bb global_colors_info=\u00bb{}\u00bb][et_pb_image src=\u00bbhttps:\/\/nsm.edu.mx\/wp-content\/uploads\/2024\/08\/img-pta.jpg\u00bb title_text=\u00bbimg-pta\u00bb _builder_version=\u00bb4.25.0&#8243; _module_preset=\u00bbdefault\u00bb global_colors_info=\u00bb{}\u00bb][\/et_pb_image][\/et_pb_column][\/et_pb_row][\/et_pb_section]<\/p>\n","protected":false},"excerpt":{"rendered":"<p>Asociaci\u00f3n de padres y maestrosEn Northridge, sabemos que los padres son los principales educadores de sus hijos durante cada una de las etapas de su desarrollo, por lo que buscamos trabajar en equipo para preparar a cada alumno para una vida de responsabilidad. Aunque la formaci\u00f3n sucede d\u00eda a d\u00eda, Northridge School Mexico ofrece educaci\u00f3n continua en colaboraci\u00f3n con la parroquia de San Josemar\u00eda, que incluye: &nbsp; Conferencias Cursos Retiros mensuales para mam\u00e1s Retiros mensuales para pap\u00e1s Comit\u00e9s organizados por padres de familia PTA (Parent-Teacher Association) MEGs (Matrimonios Encargados de Grupo) Al fungir como enlace, y cuando existe armon\u00eda entre la casa y el colegio, estas actividades ayudan a los padres a lograr un conocimiento m\u00e1s profundo de s\u00ed mismos, de sus hijos y de su rol como educadores.Nuestra misi\u00f3n es involucrar a los padres de familia en la educaci\u00f3n de sus hijos y fomentar la comunidad y el bienestar entre todos sus miembros.Adem\u00e1s de contar con un matrimonio como presidentes de PTA, cada secci\u00f3n del colegio est\u00e1 representada por una familia, y cada grupo por al menos dos matrimonios encargados de grupo (MEG).Nuestros MEGs ayudan a los padres de familia a comprender nuestra filosof\u00eda y modelo educacional, as\u00ed como [&hellip;]<\/p>\n","protected":false},"author":1,"featured_media":0,"parent":0,"menu_order":0,"comment_status":"closed","ping_status":"closed","template":"","meta":{"_et_pb_use_builder":"on","_et_pb_old_content":"","_et_gb_content_width":"","footnotes":""},"class_list":["post-889","page","type-page","status-publish","hentry"],"_links":{"self":[{"href":"https:\/\/nsm.edu.mx\/es\/wp-json\/wp\/v2\/pages\/889","targetHints":{"allow":["GET"]}}],"collection":[{"href":"https:\/\/nsm.edu.mx\/es\/wp-json\/wp\/v2\/pages"}],"about":[{"href":"https:\/\/nsm.edu.mx\/es\/wp-json\/wp\/v2\/types\/page"}],"author":[{"embeddable":true,"href":"https:\/\/nsm.edu.mx\/es\/wp-json\/wp\/v2\/users\/1"}],"replies":[{"embeddable":true,"href":"https:\/\/nsm.edu.mx\/es\/wp-json\/wp\/v2\/comments?post=889"}],"version-history":[{"count":1,"href":"https:\/\/nsm.edu.mx\/es\/wp-json\/wp\/v2\/pages\/889\/revisions"}],"predecessor-version":[{"id":957,"href":"https:\/\/nsm.edu.mx\/es\/wp-json\/wp\/v2\/pages\/889\/revisions\/957"}],"wp:attachment":[{"href":"https:\/\/nsm.edu.mx\/es\/wp-json\/wp\/v2\/media?parent=889"}],"curies":[{"name":"wp","href":"https:\/\/api.w.org\/{rel}","templated":true}]}}