{"id":888,"date":"2024-07-31T18:30:08","date_gmt":"2024-08-01T00:30:08","guid":{"rendered":"https:\/\/nsm.edu.mx\/mision-vision-y-filosofia\/"},"modified":"2024-09-17T10:09:44","modified_gmt":"2024-09-17T16:09:44","slug":"mision-vision-y-filosofia","status":"publish","type":"page","link":"https:\/\/nsm.edu.mx\/es\/mision-vision-y-filosofia\/","title":{"rendered":"Misi\u00f3n, visi\u00f3n y filosof\u00eda"},"content":{"rendered":"<p>[et_pb_section fb_built=\u00bb1&#8243; _builder_version=\u00bb4.25.0&#8243; _module_preset=\u00bbdefault\u00bb global_colors_info=\u00bb{}\u00bb][et_pb_row column_structure=\u00bb1_2,1_2&#8243; _builder_version=\u00bb4.25.0&#8243; _module_preset=\u00bbdefault\u00bb width=\u00bb100%\u00bb max_width=\u00bb71%\u00bb global_colors_info=\u00bb{}\u00bb][et_pb_column type=\u00bb1_2&#8243; _builder_version=\u00bb4.25.0&#8243; _module_preset=\u00bbdefault\u00bb global_colors_info=\u00bb{}\u00bb][et_pb_image src=\u00bbhttps:\/\/nsm.edu.mx\/wp-content\/uploads\/2024\/09\/nosotros-frase.png\u00bb title_text=\u00bbnosotros-frase\u00bb _builder_version=\u00bb4.27.0&#8243; _module_preset=\u00bbdefault\u00bb hover_enabled=\u00bb0&#8243; global_colors_info=\u00bb{}\u00bb sticky_enabled=\u00bb0&#8243;][\/et_pb_image][\/et_pb_column][et_pb_column type=\u00bb1_2&#8243; _builder_version=\u00bb4.25.0&#8243; _module_preset=\u00bbdefault\u00bb global_colors_info=\u00bb{}\u00bb][et_pb_text _builder_version=\u00bb4.25.0&#8243; _module_preset=\u00bbdefault\u00bb header_2_font=\u00bb|700|||||||\u00bb header_2_font_size=\u00bb40px\u00bb global_colors_info=\u00bb{}\u00bb]<\/p>\n<h2>Creencias y valores<\/h2>\n<p>[\/et_pb_text][et_pb_text _builder_version=\u00bb4.25.0&#8243; _module_preset=\u00bbdefault\u00bb text_orientation=\u00bbjustified\u00bb global_colors_info=\u00bb{}\u00bb]<\/p>\n<p><strong>Misi\u00f3n<\/strong><br \/>Somos una comunidad educativa conformada en torno a los valores cristianos, que ayuda a los padres de familia en la formaci\u00f3n de sus hijos varones, en un ambiente acad\u00e9mico internacional, exigente y amable, a trav\u00e9s de la adquisici\u00f3n de virtudes que armonizan la b\u00fasqueda sincera de la verdad, la consecuci\u00f3n del bien, la apreciaci\u00f3n de la belleza y el manejo de las emociones, que les permita alcanzar una vida comprometida con los dem\u00e1s, y feliz. <\/p>\n<p><strong>Visi\u00f3n<\/strong><br \/>Formar hombres \u00edntegros que vivan las virtudes cristianas, capaces de desenvolverse en las mejores universidades del mundo, de afrontar con esp\u00edritu abierto las situaciones que la vida les depare, de servir a sus conciudadanos y de contribuir a la soluci\u00f3n de los grandes problemas de la humanidad, siendo ejemplares donde se encuentren en la sociedad.<\/p>\n<p>[\/et_pb_text][\/et_pb_column][\/et_pb_row][\/et_pb_section][et_pb_section fb_built=\u00bb1&#8243; _builder_version=\u00bb4.25.0&#8243; _module_preset=\u00bbdefault\u00bb background_image=\u00bbhttps:\/\/nsm.edu.mx\/wp-content\/uploads\/2024\/08\/fondo-reason.jpg\u00bb global_colors_info=\u00bb{}\u00bb][et_pb_row _builder_version=\u00bb4.25.0&#8243; _module_preset=\u00bbdefault\u00bb global_colors_info=\u00bb{}\u00bb][et_pb_column type=\u00bb4_4&#8243; _builder_version=\u00bb4.25.0&#8243; _module_preset=\u00bbdefault\u00bb global_colors_info=\u00bb{}\u00bb][et_pb_text _builder_version=\u00bb4.25.0&#8243; _module_preset=\u00bbdefault\u00bb text_text_color=\u00bb#ffd04d\u00bb text_font_size=\u00bb25px\u00bb text_line_height=\u00bb1.3em\u00bb header_2_font=\u00bb|700|||||||\u00bb header_2_text_align=\u00bbcenter\u00bb header_2_text_color=\u00bb#FFFFFF\u00bb header_2_font_size=\u00bb35px\u00bb header_2_line_height=\u00bb2em\u00bb text_orientation=\u00bbcenter\u00bb width=\u00bb75%\u00bb module_alignment=\u00bbcenter\u00bb global_colors_info=\u00bb{}\u00bb]<\/p>\n<h2>Nuestra raz\u00f3n de ser<\/h2>\n<p> Colaborar con las familias en formar cristianos \u00edntegros, altamente competentes y comprometidos con mejorar al mundo seg\u00fan las siguientes creencias y valores:<\/p>\n<p>[\/et_pb_text][et_pb_text _builder_version=\u00bb4.25.0&#8243; _module_preset=\u00bbdefault\u00bb text_font=\u00bb|300|||||||\u00bb text_text_color=\u00bb#FFFFFF\u00bb text_line_height=\u00bb1.3em\u00bb header_2_font=\u00bb|700|||||||\u00bb header_2_text_align=\u00bbcenter\u00bb header_2_text_color=\u00bb#FFFFFF\u00bb header_2_font_size=\u00bb35px\u00bb header_2_line_height=\u00bb2em\u00bb width=\u00bb75%\u00bb module_alignment=\u00bbcenter\u00bb custom_css_free_form=\u00bbli::marker {||  color:#ffd04d;||}\u00bb global_colors_info=\u00bb{}\u00bb]<\/p>\n<h2>Nuestras creencias y valores<\/h2>\n<ul>\n<li>Desarrollo de un alto sentido de pertenencia a la comunidad educativa.<\/li>\n<li>Ayudar a los padres de familia en la formaci\u00f3n de sus hijos varones.<\/li>\n<li>Vivir una fuerte identidad cristiana basada en la espiritualidad del Opus Dei.<\/li>\n<li>Proveer un ambiente acad\u00e9mico intencional, exigente y amable.<\/li>\n<li>Potenciar la virtud cristiana que armoniza la b\u00fasqueda sincera de la verdad, la consecuci\u00f3n del bien, la apreciaci\u00f3n de la belleza y el manejo de las emociones.<\/li>\n<li>Favorecer una vida feliz, comprometida siempre con los dem\u00e1s.<\/li>\n<\/ul>\n<p>[\/et_pb_text][\/et_pb_column][\/et_pb_row][\/et_pb_section]<\/p>\n","protected":false},"excerpt":{"rendered":"<p>Creencias y valoresMisi\u00f3nSomos una comunidad educativa conformada en torno a los valores cristianos, que ayuda a los padres de familia en la formaci\u00f3n de sus hijos varones, en un ambiente acad\u00e9mico internacional, exigente y amable, a trav\u00e9s de la adquisici\u00f3n de virtudes que armonizan la b\u00fasqueda sincera de la verdad, la consecuci\u00f3n del bien, la apreciaci\u00f3n de la belleza y el manejo de las emociones, que les permita alcanzar una vida comprometida con los dem\u00e1s, y feliz. Visi\u00f3nFormar hombres \u00edntegros que vivan las virtudes cristianas, capaces de desenvolverse en las mejores universidades del mundo, de afrontar con esp\u00edritu abierto las situaciones que la vida les depare, de servir a sus conciudadanos y de contribuir a la soluci\u00f3n de los grandes problemas de la humanidad, siendo ejemplares donde se encuentren en la sociedad.Nuestra raz\u00f3n de ser Colaborar con las familias en formar cristianos \u00edntegros, altamente competentes y comprometidos con mejorar al mundo seg\u00fan las siguientes creencias y valores:Nuestras creencias y valores Desarrollo de un alto sentido de pertenencia a la comunidad educativa. Ayudar a los padres de familia en la formaci\u00f3n de sus hijos varones. Vivir una fuerte identidad cristiana basada en la espiritualidad del Opus Dei. Proveer un ambiente acad\u00e9mico [&hellip;]<\/p>\n","protected":false},"author":1,"featured_media":0,"parent":0,"menu_order":0,"comment_status":"closed","ping_status":"closed","template":"","meta":{"_et_pb_use_builder":"on","_et_pb_old_content":"","_et_gb_content_width":"","footnotes":""},"class_list":["post-888","page","type-page","status-publish","hentry"],"_links":{"self":[{"href":"https:\/\/nsm.edu.mx\/es\/wp-json\/wp\/v2\/pages\/888","targetHints":{"allow":["GET"]}}],"collection":[{"href":"https:\/\/nsm.edu.mx\/es\/wp-json\/wp\/v2\/pages"}],"about":[{"href":"https:\/\/nsm.edu.mx\/es\/wp-json\/wp\/v2\/types\/page"}],"author":[{"embeddable":true,"href":"https:\/\/nsm.edu.mx\/es\/wp-json\/wp\/v2\/users\/1"}],"replies":[{"embeddable":true,"href":"https:\/\/nsm.edu.mx\/es\/wp-json\/wp\/v2\/comments?post=888"}],"version-history":[{"count":1,"href":"https:\/\/nsm.edu.mx\/es\/wp-json\/wp\/v2\/pages\/888\/revisions"}],"predecessor-version":[{"id":954,"href":"https:\/\/nsm.edu.mx\/es\/wp-json\/wp\/v2\/pages\/888\/revisions\/954"}],"wp:attachment":[{"href":"https:\/\/nsm.edu.mx\/es\/wp-json\/wp\/v2\/media?parent=888"}],"curies":[{"name":"wp","href":"https:\/\/api.w.org\/{rel}","templated":true}]}}