{"id":886,"date":"2024-08-01T01:08:56","date_gmt":"2024-08-01T07:08:56","guid":{"rendered":"https:\/\/nsm.edu.mx\/home\/"},"modified":"2024-11-07T18:50:08","modified_gmt":"2024-11-08T00:50:08","slug":"home","status":"publish","type":"page","link":"https:\/\/nsm.edu.mx\/es\/","title":{"rendered":"Home"},"content":{"rendered":"<p>[et_pb_section fb_built=\u00bb1&#8243; fullwidth=\u00bbon\u00bb _builder_version=\u00bb4.25.0&#8243; _module_preset=\u00bbdefault\u00bb global_colors_info=\u00bb{}\u00bb][et_pb_fullwidth_header title=\u00bb%22A pesar de los retos y exigencias que nos convirtieron en hombres trabajadores y disciplinados, nuestro paso por Northridge nos enriqueci\u00f3 con virtudes que nos acompa\u00f1ar\u00e1n el resto de nuestras vidas.%22&#8243; text_orientation=\u00bbcenter\u00bb header_fullscreen=\u00bbon\u00bb _builder_version=\u00bb4.27.0&#8243; _module_preset=\u00bbdefault\u00bb title_font=\u00bb|700|||||||\u00bb title_font_size=\u00bb42px\u00bb title_line_height=\u00bb1.3em\u00bb content_font=\u00bb&#8211;et_global_heading_font|700|||||||\u00bb content_text_color=\u00bb#ffd04d\u00bb content_font_size=\u00bb30px\u00bb background_enable_color=\u00bboff\u00bb background_image=\u00bbhttps:\/\/nsm.edu.mx\/wp-content\/uploads\/2024\/08\/banner-home-cita.jpg\u00bb title_font_size_tablet=\u00bb30px\u00bb title_font_size_phone=\u00bb30px\u00bb title_font_size_last_edited=\u00bbon|tablet\u00bb global_colors_info=\u00bb{}\u00bb]<\/p>\n<p>&#8211; Chema, &#8217;21<\/p>\n<p>[\/et_pb_fullwidth_header][\/et_pb_section][et_pb_section fb_built=\u00bb1&#8243; _builder_version=\u00bb4.25.0&#8243; _module_preset=\u00bbdefault\u00bb global_colors_info=\u00bb{}\u00bb][et_pb_row _builder_version=\u00bb4.25.0&#8243; _module_preset=\u00bbdefault\u00bb global_colors_info=\u00bb{}\u00bb][et_pb_column type=\u00bb4_4&#8243; _builder_version=\u00bb4.25.0&#8243; _module_preset=\u00bbdefault\u00bb global_colors_info=\u00bb{}\u00bb][et_pb_text _builder_version=\u00bb4.25.0&#8243; _module_preset=\u00bbdefault\u00bb header_2_font=\u00bb|700||on|||||\u00bb header_2_text_align=\u00bbcenter\u00bb header_2_font_size=\u00bb40px\u00bb header_2_line_height=\u00bb1.3em\u00bb custom_margin=\u00bb||3vh||false|false\u00bb global_colors_info=\u00bb{}\u00bb]<\/p>\n<h2>Bienvenido a Northridge<br \/>School Mexico<\/h2>\n<p>[\/et_pb_text][et_pb_divider color=\u00bb#ffd04d\u00bb divider_weight=\u00bb3px\u00bb _builder_version=\u00bb4.25.0&#8243; _module_preset=\u00bbdefault\u00bb width=\u00bb10%\u00bb width_tablet=\u00bb20%\u00bb width_phone=\u00bb20%\u00bb width_last_edited=\u00bbon|tablet\u00bb module_alignment=\u00bbcenter\u00bb global_colors_info=\u00bb{}\u00bb][\/et_pb_divider][\/et_pb_column][\/et_pb_row][et_pb_row column_structure=\u00bb1_3,1_3,1_3&#8243; use_custom_gutter=\u00bbon\u00bb gutter_width=\u00bb2&#8243; _builder_version=\u00bb4.25.0&#8243; _module_preset=\u00bbdefault\u00bb global_colors_info=\u00bb{}\u00bb][et_pb_column type=\u00bb1_3&#8243; _builder_version=\u00bb4.25.0&#8243; _module_preset=\u00bbdefault\u00bb global_colors_info=\u00bb{}\u00bb][dsm_card title=\u00bbCreencias y valores\u00bb image=\u00bbhttps:\/\/nsm.edu.mx\/wp-content\/uploads\/2024\/08\/welcome-beliefs.png\u00bb image_as_background=\u00bboff\u00bb button_text=\u00bbLeer m\u00e1s\u00bb button_url=\u00bbhttps:\/\/nsm.edu.mx\/es\/mision-vision-y-filosofia\/\u00bb button_url_new_window=\u00bb1&#8243; _builder_version=\u00bb4.27.0&#8243; _module_preset=\u00bbdefault\u00bb header_font=\u00bb&#8211;et_global_body_font|700||on|||||\u00bb header_text_align=\u00bbcenter\u00bb header_font_size=\u00bb23px\u00bb body_text_align=\u00bbjustify\u00bb body_font_size=\u00bb14px\u00bb body_line_height=\u00bb1.3em\u00bb custom_button=\u00bbon\u00bb button_text_size=\u00bb14px\u00bb button_text_color=\u00bb#FFFFFF\u00bb button_bg_color=\u00bb#a50b34&#8243; button_border_width=\u00bb1px\u00bb button_border_color=\u00bb#a50b34&#8243; button_alignment=\u00bbcenter\u00bb button_custom_padding=\u00bb1vh|2vw|1vh|2vw|true|true\u00bb global_colors_info=\u00bb{}\u00bb]<\/p>\n<p>Somos una comunidad educativa conformada en torno a los valores cristianos, que ayuda a los padres de familia en la formaci\u00f3n de sus hijos varones, en un ambiente acad\u00e9mico internacional.<\/p>\n<p>[\/dsm_card][\/et_pb_column][et_pb_column type=\u00bb1_3&#8243; _builder_version=\u00bb4.25.0&#8243; _module_preset=\u00bbdefault\u00bb global_colors_info=\u00bb{}\u00bb][dsm_card title=\u00bbColegio internacional\u00bb image=\u00bbhttps:\/\/nsm.edu.mx\/wp-content\/uploads\/2024\/08\/welcome-international.png\u00bb image_as_background=\u00bboff\u00bb button_text=\u00bbLeer m\u00e1s\u00bb button_url=\u00bbhttps:\/\/nsm.edu.mx\/es\/preceptoria\/\u00bb button_url_new_window=\u00bb1&#8243; _builder_version=\u00bb4.27.0&#8243; _module_preset=\u00bbdefault\u00bb header_font=\u00bb&#8211;et_global_body_font|700||on|||||\u00bb header_text_align=\u00bbcenter\u00bb header_font_size=\u00bb23px\u00bb body_text_align=\u00bbjustify\u00bb body_font_size=\u00bb14px\u00bb body_line_height=\u00bb1.3em\u00bb custom_button=\u00bbon\u00bb button_text_size=\u00bb14px\u00bb button_text_color=\u00bb#FFFFFF\u00bb button_bg_color=\u00bb#a50b34&#8243; button_border_width=\u00bb1px\u00bb button_border_color=\u00bb#a50b34&#8243; button_alignment=\u00bbcenter\u00bb button_custom_padding=\u00bb1vh|2vw|1vh|2vw|true|true\u00bb global_colors_info=\u00bb{}\u00bb]<\/p>\n<p>Ofrecemos un ambiente acad\u00e9mico internacional, exigente y amable.<\/p>\n<p>[\/dsm_card][\/et_pb_column][et_pb_column type=\u00bb1_3&#8243; _builder_version=\u00bb4.25.0&#8243; _module_preset=\u00bbdefault\u00bb global_colors_info=\u00bb{}\u00bb][dsm_card title=\u00bbIdentidad cat\u00f3lica \/ opus dei\u00bb image=\u00bbhttps:\/\/nsm.edu.mx\/wp-content\/uploads\/2024\/08\/welcome-catholic.png\u00bb image_as_background=\u00bboff\u00bb button_text=\u00bbLeer m\u00e1s\u00bb button_url=\u00bbhttps:\/\/nsm.edu.mx\/es\/identidad-catolica\/\u00bb button_url_new_window=\u00bb1&#8243; _builder_version=\u00bb4.27.0&#8243; _module_preset=\u00bbdefault\u00bb header_font=\u00bb&#8211;et_global_body_font|700||on|||||\u00bb header_text_align=\u00bbcenter\u00bb header_font_size=\u00bb23px\u00bb body_text_align=\u00bbjustify\u00bb body_font_size=\u00bb14px\u00bb body_line_height=\u00bb1.3em\u00bb custom_button=\u00bbon\u00bb button_text_size=\u00bb14px\u00bb button_text_color=\u00bb#FFFFFF\u00bb button_bg_color=\u00bb#a50b34&#8243; button_border_width=\u00bb1px\u00bb button_border_color=\u00bb#a50b34&#8243; button_alignment=\u00bbcenter\u00bb button_custom_padding=\u00bb1vh|2vw|1vh|2vw|true|true\u00bb global_colors_info=\u00bb{}\u00bb]<\/p>\n<p>Vivimos una fuerte identidad cristiana a trav\u00e9s de la espiritualidad del Opus Dei.<\/p>\n<p>[\/dsm_card][\/et_pb_column][\/et_pb_row][\/et_pb_section][et_pb_section fb_built=\u00bb1&#8243; _builder_version=\u00bb4.25.0&#8243; _module_preset=\u00bbdefault\u00bb custom_padding=\u00bb0px||0px||true|false\u00bb global_colors_info=\u00bb{}\u00bb][et_pb_row column_structure=\u00bb1_2,1_2&#8243; use_custom_gutter=\u00bbon\u00bb gutter_width=\u00bb1&#8243; make_equal=\u00bbon\u00bb _builder_version=\u00bb4.27.0&#8243; _module_preset=\u00bbdefault\u00bb width=\u00bb100%\u00bb max_width=\u00bb100%\u00bb custom_padding=\u00bb0px||0px||true|false\u00bb global_colors_info=\u00bb{}\u00bb][et_pb_column type=\u00bb1_2&#8243; _builder_version=\u00bb4.25.0&#8243; _module_preset=\u00bbdefault\u00bb global_colors_info=\u00bb{}\u00bb][et_pb_image src=\u00bbhttps:\/\/nsm.edu.mx\/wp-content\/uploads\/2024\/08\/img-banner-we-are.jpg\u00bb title_text=\u00bbimg-banner-we-are\u00bb _builder_version=\u00bb4.25.0&#8243; _module_preset=\u00bbdefault\u00bb global_colors_info=\u00bb{}\u00bb][\/et_pb_image][\/et_pb_column][et_pb_column type=\u00bb1_2&#8243; _builder_version=\u00bb4.27.0&#8243; _module_preset=\u00bbdefault\u00bb background_color=\u00bb#a50b34&#8243; custom_padding=\u00bb18vh||||false|false\u00bb global_colors_info=\u00bb{}\u00bb][et_pb_text _builder_version=\u00bb4.25.0&#8243; _module_preset=\u00bbdefault\u00bb header_2_font=\u00bb|300|||||||\u00bb header_2_text_align=\u00bbcenter\u00bb header_2_text_color=\u00bb#FFFFFF\u00bb header_2_font_size=\u00bb30px\u00bb header_2_line_height=\u00bb1.5em\u00bb global_colors_info=\u00bb{}\u00bb]<\/p>\n<h2>Somos una comunidad educativa, construida sobre la base de los <span style=\"color: #ffd04d;\">valores cat\u00f3licos<\/span>, que ayuda a los padres a cultivar a sus hijos en un ambiente acad\u00e9mico internacional.<\/h2>\n<p>[\/et_pb_text][\/et_pb_column][\/et_pb_row][\/et_pb_section][et_pb_section fb_built=\u00bb1&#8243; _builder_version=\u00bb4.25.0&#8243; _module_preset=\u00bbdefault\u00bb global_colors_info=\u00bb{}\u00bb][et_pb_row _builder_version=\u00bb4.25.0&#8243; _module_preset=\u00bbdefault\u00bb global_colors_info=\u00bb{}\u00bb][et_pb_column type=\u00bb4_4&#8243; _builder_version=\u00bb4.25.0&#8243; _module_preset=\u00bbdefault\u00bb global_colors_info=\u00bb{}\u00bb][et_pb_text _builder_version=\u00bb4.25.0&#8243; _module_preset=\u00bbdefault\u00bb header_2_font=\u00bb|700||on|||||\u00bb header_2_text_align=\u00bbcenter\u00bb header_2_font_size=\u00bb40px\u00bb header_2_line_height=\u00bb1.3em\u00bb custom_margin=\u00bb||3vh||false|false\u00bb global_colors_info=\u00bb{}\u00bb]<\/p>\n<h2>Academia<\/h2>\n<p>[\/et_pb_text][et_pb_divider color=\u00bb#ffd04d\u00bb divider_weight=\u00bb3px\u00bb _builder_version=\u00bb4.25.0&#8243; _module_preset=\u00bbdefault\u00bb width=\u00bb10%\u00bb width_tablet=\u00bb20%\u00bb width_phone=\u00bb20%\u00bb width_last_edited=\u00bbon|tablet\u00bb module_alignment=\u00bbcenter\u00bb global_colors_info=\u00bb{}\u00bb][\/et_pb_divider][\/et_pb_column][\/et_pb_row][et_pb_row column_structure=\u00bb1_4,1_4,1_4,1_4&#8243; _builder_version=\u00bb4.25.0&#8243; _module_preset=\u00bbdefault\u00bb width=\u00bb100%\u00bb max_width=\u00bb60%\u00bb global_colors_info=\u00bb{}\u00bb][et_pb_column type=\u00bb1_4&#8243; _builder_version=\u00bb4.25.0&#8243; _module_preset=\u00bbdefault\u00bb global_colors_info=\u00bb{}\u00bb][dsm_card title=\u00bbLower Elementary\u00bb image=\u00bbhttps:\/\/nsm.edu.mx\/wp-content\/uploads\/2024\/08\/academics-lower.png\u00bb image_as_background=\u00bboff\u00bb button_url_new_window=\u00bb1&#8243; _builder_version=\u00bb4.27.0&#8243; _module_preset=\u00bbdefault\u00bb header_font=\u00bb&#8211;et_global_body_font|700|||||||\u00bb header_text_align=\u00bbcenter\u00bb header_font_size=\u00bb20px\u00bb body_text_align=\u00bbjustify\u00bb body_font_size=\u00bb14px\u00bb body_line_height=\u00bb1.3em\u00bb custom_button=\u00bbon\u00bb button_text_size=\u00bb14px\u00bb button_text_color=\u00bb#FFFFFF\u00bb button_bg_color=\u00bb#a50b34&#8243; button_border_width=\u00bb1px\u00bb button_border_color=\u00bb#a50b34&#8243; button_alignment=\u00bbcenter\u00bb button_custom_padding=\u00bb1vh|2vw|1vh|2vw|true|true\u00bb link_option_url=\u00bbhttps:\/\/nsm.edu.mx\/es\/lower-elementary\/\u00bb global_colors_info=\u00bb{}\u00bb transform_styles__hover_enabled=\u00bbon|hover\u00bb transform_scale__hover_enabled=\u00bbon|hover\u00bb transform_translate__hover_enabled=\u00bbon|desktop\u00bb transform_rotate__hover_enabled=\u00bbon|desktop\u00bb transform_skew__hover_enabled=\u00bbon|desktop\u00bb transform_origin__hover_enabled=\u00bbon|desktop\u00bb transform_scale__hover=\u00bb110%|110%\u00bb][\/dsm_card][\/et_pb_column][et_pb_column type=\u00bb1_4&#8243; _builder_version=\u00bb4.25.0&#8243; _module_preset=\u00bbdefault\u00bb global_colors_info=\u00bb{}\u00bb][dsm_card title=\u00bbUpper Elementary\u00bb image=\u00bbhttps:\/\/nsm.edu.mx\/wp-content\/uploads\/2024\/08\/academics-upper.png\u00bb image_as_background=\u00bboff\u00bb button_url_new_window=\u00bb1&#8243; _builder_version=\u00bb4.27.0&#8243; _module_preset=\u00bbdefault\u00bb header_font=\u00bb&#8211;et_global_body_font|700|||||||\u00bb header_text_align=\u00bbcenter\u00bb header_font_size=\u00bb20px\u00bb body_text_align=\u00bbjustify\u00bb body_font_size=\u00bb14px\u00bb body_line_height=\u00bb1.3em\u00bb custom_button=\u00bbon\u00bb button_text_size=\u00bb14px\u00bb button_text_color=\u00bb#FFFFFF\u00bb button_bg_color=\u00bb#a50b34&#8243; button_border_width=\u00bb1px\u00bb button_border_color=\u00bb#a50b34&#8243; button_alignment=\u00bbcenter\u00bb button_custom_padding=\u00bb1vh|2vw|1vh|2vw|true|true\u00bb link_option_url=\u00bbhttps:\/\/nsm.edu.mx\/es\/upper-elementary\/\u00bb global_colors_info=\u00bb{}\u00bb transform_styles__hover_enabled=\u00bbon|hover\u00bb transform_scale__hover_enabled=\u00bbon|hover\u00bb transform_translate__hover_enabled=\u00bbon|desktop\u00bb transform_rotate__hover_enabled=\u00bbon|desktop\u00bb transform_skew__hover_enabled=\u00bbon|desktop\u00bb transform_origin__hover_enabled=\u00bbon|desktop\u00bb transform_scale__hover=\u00bb110%|110%\u00bb][\/dsm_card][\/et_pb_column][et_pb_column type=\u00bb1_4&#8243; _builder_version=\u00bb4.25.0&#8243; _module_preset=\u00bbdefault\u00bb global_colors_info=\u00bb{}\u00bb][dsm_card title=\u00bbMiddle School\u00bb image=\u00bbhttps:\/\/nsm.edu.mx\/wp-content\/uploads\/2024\/08\/academics-middle.png\u00bb image_as_background=\u00bboff\u00bb button_url_new_window=\u00bb1&#8243; _builder_version=\u00bb4.27.0&#8243; _module_preset=\u00bbdefault\u00bb header_font=\u00bb&#8211;et_global_body_font|700|||||||\u00bb header_text_align=\u00bbcenter\u00bb header_font_size=\u00bb20px\u00bb body_text_align=\u00bbjustify\u00bb body_font_size=\u00bb14px\u00bb body_line_height=\u00bb1.3em\u00bb custom_button=\u00bbon\u00bb button_text_size=\u00bb14px\u00bb button_text_color=\u00bb#FFFFFF\u00bb button_bg_color=\u00bb#a50b34&#8243; button_border_width=\u00bb1px\u00bb button_border_color=\u00bb#a50b34&#8243; button_alignment=\u00bbcenter\u00bb button_custom_padding=\u00bb1vh|2vw|1vh|2vw|true|true\u00bb link_option_url=\u00bbhttps:\/\/nsm.edu.mx\/es\/middle-school\/\u00bb global_colors_info=\u00bb{}\u00bb transform_styles__hover_enabled=\u00bbon|hover\u00bb transform_scale__hover_enabled=\u00bbon|hover\u00bb transform_translate__hover_enabled=\u00bbon|desktop\u00bb transform_rotate__hover_enabled=\u00bbon|desktop\u00bb transform_skew__hover_enabled=\u00bbon|desktop\u00bb transform_origin__hover_enabled=\u00bbon|desktop\u00bb transform_scale__hover=\u00bb110%|110%\u00bb][\/dsm_card][\/et_pb_column][et_pb_column type=\u00bb1_4&#8243; _builder_version=\u00bb4.25.0&#8243; _module_preset=\u00bbdefault\u00bb global_colors_info=\u00bb{}\u00bb][dsm_card title=\u00bbHigh School\u00bb image=\u00bbhttps:\/\/nsm.edu.mx\/wp-content\/uploads\/2024\/08\/academics-high.png\u00bb image_as_background=\u00bboff\u00bb button_url_new_window=\u00bb1&#8243; _builder_version=\u00bb4.27.0&#8243; _module_preset=\u00bbdefault\u00bb header_font=\u00bb&#8211;et_global_body_font|700|||||||\u00bb header_text_align=\u00bbcenter\u00bb header_font_size=\u00bb20px\u00bb body_text_align=\u00bbjustify\u00bb body_font_size=\u00bb14px\u00bb body_line_height=\u00bb1.3em\u00bb custom_button=\u00bbon\u00bb button_text_size=\u00bb14px\u00bb button_text_color=\u00bb#FFFFFF\u00bb button_bg_color=\u00bb#a50b34&#8243; button_border_width=\u00bb1px\u00bb button_border_color=\u00bb#a50b34&#8243; button_alignment=\u00bbcenter\u00bb button_custom_padding=\u00bb1vh|2vw|1vh|2vw|true|true\u00bb link_option_url=\u00bbhttps:\/\/nsm.edu.mx\/es\/high-school\/\u00bb global_colors_info=\u00bb{}\u00bb transform_styles__hover_enabled=\u00bbon|hover\u00bb transform_scale__hover_enabled=\u00bbon|hover\u00bb transform_translate__hover_enabled=\u00bbon|desktop\u00bb transform_rotate__hover_enabled=\u00bbon|desktop\u00bb transform_skew__hover_enabled=\u00bbon|desktop\u00bb transform_origin__hover_enabled=\u00bbon|desktop\u00bb transform_scale__hover=\u00bb110%|110%\u00bb][\/dsm_card][\/et_pb_column][\/et_pb_row][\/et_pb_section]<\/p>\n","protected":false},"excerpt":{"rendered":"<p>&#8211; Chema, &#8217;21Bienvenido a NorthridgeSchool Mexico<div class=\"et_pb_module dsm_card dsm_card_0 et_pb_bg_layout_light  dsm_card_layout_stacked\">\n\t\t\t\t\n\t\t\t\t\n\t\t\t\t\n\t\t\t\t\n\t\t\t\t\n\t\t\t\t\n\t\t\t\t<div class=\"et_pb_module_inner\">\n\t\t\t\t\t\n\t\t\t\n\t\t\t<figure class=\"dsm_card_image_wrapper dsm_card_badge_top_right\"><img decoding=\"async\" src=\"https:\/\/nsm.edu.mx\/wp-content\/uploads\/2024\/08\/welcome-beliefs.png\" alt=\"\" srcset=\"https:\/\/nsm.edu.mx\/wp-content\/uploads\/2024\/08\/welcome-beliefs.png 368w, https:\/\/nsm.edu.mx\/wp-content\/uploads\/2024\/08\/welcome-beliefs-269x300.png 269w\" sizes=\"(max-width: 368px) 100vw, 368px\" class=\"dsm_card_img dsm_card_image_stretch\" \/><\/figure>\n\t\t\t<div class=\"et_pb_module dsm_card_wrapper et_pb_text_align_left\">\n\t\t\t\t\t\n\t\t\t\t\t<h4 class=\"dsm_card_title et_pb_module_header\">Creencias y valores<\/h4>\n\t\t\t\t\t\n\t\t\t\t\t<div class=\"dsm_card_description\">Somos una comunidad educativa conformada en torno a los valores cristianos, que ayuda a los padres de familia en la formaci\u00f3n de sus hijos varones, en un ambiente acad\u00e9mico internacional.<\/div>\n\t\t\t\t\t<div class=\"et_pb_button_wrapper\"><a class=\"et_pb_button et_pb_more_button \" href=\"https:\/\/nsm.edu.mx\/es\/mision-vision-y-filosofia\/\">Leer m\u00e1s<\/a><\/div>\n\t\t\t\t<\/div>\n\t\t\t\n\t\t\t\t<\/div>\n\t\t\t<\/div><div class=\"et_pb_module dsm_card dsm_card_1 et_pb_bg_layout_light  dsm_card_layout_stacked\">\n\t\t\t\t\n\t\t\t\t\n\t\t\t\t\n\t\t\t\t\n\t\t\t\t\n\t\t\t\t\n\t\t\t\t<div class=\"et_pb_module_inner\">\n\t\t\t\t\t\n\t\t\t\n\t\t\t<figure class=\"dsm_card_image_wrapper dsm_card_badge_top_right\"><img decoding=\"async\" src=\"https:\/\/nsm.edu.mx\/wp-content\/uploads\/2024\/08\/welcome-international.png\" alt=\"\" srcset=\"https:\/\/nsm.edu.mx\/wp-content\/uploads\/2024\/08\/welcome-international.png 368w, https:\/\/nsm.edu.mx\/wp-content\/uploads\/2024\/08\/welcome-international-269x300.png 269w\" sizes=\"(max-width: 368px) 100vw, 368px\" class=\"dsm_card_img dsm_card_image_stretch\" \/><\/figure>\n\t\t\t<div class=\"et_pb_module dsm_card_wrapper et_pb_text_align_left\">\n\t\t\t\t\t\n\t\t\t\t\t<h4 class=\"dsm_card_title et_pb_module_header\">Colegio internacional<\/h4>\n\t\t\t\t\t\n\t\t\t\t\t<div class=\"dsm_card_description\">Ofrecemos un ambiente acad\u00e9mico internacional, exigente y amable.<\/div>\n\t\t\t\t\t<div class=\"et_pb_button_wrapper\"><a class=\"et_pb_button et_pb_more_button \" href=\"https:\/\/nsm.edu.mx\/es\/preceptoria\/\">Leer m\u00e1s<\/a><\/div>\n\t\t\t\t<\/div>\n\t\t\t\n\t\t\t\t<\/div>\n\t\t\t<\/div><div class=\"et_pb_module dsm_card dsm_card_2 et_pb_bg_layout_light  dsm_card_layout_stacked\">\n\t\t\t\t\n\t\t\t\t\n\t\t\t\t\n\t\t\t\t\n\t\t\t\t\n\t\t\t\t\n\t\t\t\t<div class=\"et_pb_module_inner\">\n\t\t\t\t\t\n\t\t\t\n\t\t\t<figure class=\"dsm_card_image_wrapper dsm_card_badge_top_right\"><img decoding=\"async\" src=\"https:\/\/nsm.edu.mx\/wp-content\/uploads\/2024\/08\/welcome-catholic.png\" alt=\"\" srcset=\"https:\/\/nsm.edu.mx\/wp-content\/uploads\/2024\/08\/welcome-catholic.png 368w, https:\/\/nsm.edu.mx\/wp-content\/uploads\/2024\/08\/welcome-catholic-269x300.png 269w\" sizes=\"(max-width: 368px) 100vw, 368px\" class=\"dsm_card_img dsm_card_image_stretch\" \/><\/figure>\n\t\t\t<div class=\"et_pb_module dsm_card_wrapper et_pb_text_align_left\">\n\t\t\t\t\t\n\t\t\t\t\t<h4 class=\"dsm_card_title et_pb_module_header\">Identidad cat\u00f3lica \/ opus dei<\/h4>\n\t\t\t\t\t\n\t\t\t\t\t<div class=\"dsm_card_description\">Vivimos una fuerte identidad cristiana a trav\u00e9s de la espiritualidad del Opus Dei.<\/div>\n\t\t\t\t\t<div class=\"et_pb_button_wrapper\"><a class=\"et_pb_button et_pb_more_button \" href=\"https:\/\/nsm.edu.mx\/es\/identidad-catolica\/\">Leer m\u00e1s<\/a><\/div>\n\t\t\t\t<\/div>\n\t\t\t\n\t\t\t\t<\/div>\n\t\t\t<\/div>Somos una comunidad educativa, construida sobre la base de los valores cat\u00f3licos, que ayuda a los padres a cultivar a sus hijos en un ambiente acad\u00e9mico internacional.Academia<div class=\"et_pb_module dsm_card dsm_card_3 et_clickable et_pb_bg_layout_light  dsm_card_layout_stacked\">\n\t\t\t\t\n\t\t\t\t\n\t\t\t\t\n\t\t\t\t\n\t\t\t\t\n\t\t\t\t\n\t\t\t\t<div class=\"et_pb_module_inner\">\n\t\t\t\t\t\n\t\t\t\n\t\t\t<figure class=\"dsm_card_image_wrapper dsm_card_badge_top_right\"><img decoding=\"async\" src=\"https:\/\/nsm.edu.mx\/wp-content\/uploads\/2024\/08\/academics-lower.png\" alt=\"\" srcset=\"https:\/\/nsm.edu.mx\/wp-content\/uploads\/2024\/08\/academics-lower.png 218w, https:\/\/nsm.edu.mx\/wp-content\/uploads\/2024\/08\/academics-lower-150x150.png 150w\" sizes=\"(max-width: 218px) 100vw, 218px\" class=\"dsm_card_img dsm_card_image_stretch\" \/><\/figure>\n\t\t\t<div class=\"et_pb_module dsm_card_wrapper et_pb_text_align_left\">\n\t\t\t\t\t\n\t\t\t\t\t<h4 class=\"dsm_card_title et_pb_module_header\">Lower Elementary<\/h4>\n\t\t\t\t\t\n\t\t\t\t\t\n\t\t\t\t\t\n\t\t\t\t<\/div>\n\t\t\t\n\t\t\t\t<\/div>\n\t\t\t<\/div><div class=\"et_pb_module dsm_card dsm_card_4 et_pb_bg_layout_light  dsm_card_layout_stacked\">\n\t\t\t\t\n\t\t\t\t\n\t\t\t\t\n\t\t\t\t\n\t\t\t\t\n\t\t\t\t\n\t\t\t\t<div class=\"et_pb_module_inner\">\n\t\t\t\t\t\n\t\t\t\n\t\t\t<figure class=\"dsm_card_image_wrapper dsm_card_badge_top_right\"><img decoding=\"async\" src=\"\" alt=\"\" class=\"et_multi_view_hidden_image dsm_card_img dsm_card_image_stretch\" \/><\/figure>\n\t\t\t<div class=\"et_pb_module dsm_card_wrapper et_pb_text_align_left\">\n\t\t\t\t\t\n\t\t\t\t\t<h4 class=\"dsm_card_title et_pb_module_header\">\u00bbUpper<\/h4>\n\t\t\t\t\t\n\t\t\t\t\t\n\t\t\t\t\t\n\t\t\t\t<\/div>\n\t\t\t\n\t\t\t\t<\/div>\n\t\t\t<\/div><\/p>\n","protected":false},"author":1,"featured_media":0,"parent":0,"menu_order":0,"comment_status":"closed","ping_status":"closed","template":"","meta":{"_et_pb_use_builder":"on","_et_pb_old_content":"","_et_gb_content_width":"","footnotes":""},"class_list":["post-886","page","type-page","status-publish","hentry"],"_links":{"self":[{"href":"https:\/\/nsm.edu.mx\/es\/wp-json\/wp\/v2\/pages\/886","targetHints":{"allow":["GET"]}}],"collection":[{"href":"https:\/\/nsm.edu.mx\/es\/wp-json\/wp\/v2\/pages"}],"about":[{"href":"https:\/\/nsm.edu.mx\/es\/wp-json\/wp\/v2\/types\/page"}],"author":[{"embeddable":true,"href":"https:\/\/nsm.edu.mx\/es\/wp-json\/wp\/v2\/users\/1"}],"replies":[{"embeddable":true,"href":"https:\/\/nsm.edu.mx\/es\/wp-json\/wp\/v2\/comments?post=886"}],"version-history":[{"count":3,"href":"https:\/\/nsm.edu.mx\/es\/wp-json\/wp\/v2\/pages\/886\/revisions"}],"predecessor-version":[{"id":980,"href":"https:\/\/nsm.edu.mx\/es\/wp-json\/wp\/v2\/pages\/886\/revisions\/980"}],"wp:attachment":[{"href":"https:\/\/nsm.edu.mx\/es\/wp-json\/wp\/v2\/media?parent=886"}],"curies":[{"name":"wp","href":"https:\/\/api.w.org\/{rel}","templated":true}]}}