{"id":1014,"date":"2024-08-14T12:59:33","date_gmt":"2024-08-14T18:59:33","guid":{"rendered":"https:\/\/nsm.edu.mx\/privacy-notice\/"},"modified":"2024-08-14T12:59:33","modified_gmt":"2024-08-14T18:59:33","slug":"privacy-notice","status":"publish","type":"page","link":"https:\/\/nsm.edu.mx\/es\/privacy-notice\/","title":{"rendered":"Privacy Notice"},"content":{"rendered":"<p>[et_pb_section fb_built=\u00bb1&#8243; _builder_version=\u00bb4.25.0&#8243; _module_preset=\u00bbdefault\u00bb global_colors_info=\u00bb{}\u00bb][et_pb_row _builder_version=\u00bb4.25.0&#8243; _module_preset=\u00bbdefault\u00bb global_colors_info=\u00bb{}\u00bb][et_pb_column type=\u00bb4_4&#8243; _builder_version=\u00bb4.25.0&#8243; _module_preset=\u00bbdefault\u00bb global_colors_info=\u00bb{}\u00bb][et_pb_text _builder_version=\u00bb4.25.0&#8243; _module_preset=\u00bbdefault\u00bb global_colors_info=\u00bb{}\u00bb]<\/p>\n<p>En cumplimiento con la Ley de Protecci\u00f3n de Datos Personales en Posesi\u00f3n de los Particulares y con el fin de asegurar la protecci\u00f3n y privacidad de los datos personales, as\u00ed como regular el acceso, rectificaci\u00f3n, cancelaci\u00f3n y oposici\u00f3n del manejo de los mismos FOMENTO EDUCATIVO SANTA FE A.C. propietario del Centro escolar Northridge School M\u00e9xico , establece el siguiente:<\/p>\n<p>AVISO DE PRIVACIDAD<br \/>FOMENTO EDUCATIVO SANTA FE A.C. con domicilio en Av. M\u00e9xico, n\u00fam. 14 , Col. Cuajimalpa, Del. Cuajimalpa C.P. 05000 en M\u00e9xico D.F. , es responsable de recabar sus datos personales, as\u00ed como los de sus menores hijos de los cuales ejerce la tutela, del uso que se le d\u00e9 a los mismos y de su protecci\u00f3n, seg\u00fan sea el caso, mismos que se utilizaran para identificaci\u00f3n, operaci\u00f3n, administraci\u00f3n, y an\u00e1logos que sean necesarios para la prestaci\u00f3n de los servicios EDUCATIVOS, administrativos y actividades relacionadas.   <\/p>\n<p>Usted tiene derecho de acceder, rectificar, cancelar sus datos personales, as\u00ed como de oponerse al tratamiento de los mismos o revocar el consentimiento que para tal fin nos haya otorgado, por lo que respecta sus datos personales y a los datos personales de sus menores hijos de los cuales ejerce la tutela, seg\u00fan sea el caso, se puede poner en contacto con nuestro consejo de protecci\u00f3n de Datos que operan en conjunto la Direcci\u00f3n T\u00e9cnica, Direcci\u00f3n Administrativa y Control Escolar los cuales se encargan de cumplimiento a esta Ley al mail. protec_datos@nsm.edu.mx. <\/p>\n<p>Tel\u00e9fono: 52 92 60 89<\/p>\n<p>Si usted como padre de familia y tutor de sus menores hijos, Profesor y Personal administrativo proporcionan los datos personales significa que han le\u00eddo, entendido y aceptado los t\u00e9rminos anteriormente enunciados y no manifiesta su oposici\u00f3n para que sus datos personales sean transferidos por lo que se entender\u00e1 que ha otorgado su consentimiento para ello.<\/p>\n<p>As\u00ed mismo, le informamos que sus datos personales pueden ser transferidos y tratados dentro y fuera del pa\u00eds, por personas distintas a FOMENTO EDUCATIVO SANTA FE A.C. En este sentido su informaci\u00f3n puede ser compartida con prestadores de servicios correlacionados, para Cursos, Campamentos, Transporte, Eventos Deportivos y Culturales etc.<\/p>\n<p>La pol\u00edtica de Privacidad y los cambios en el presente aviso se publicaran en nuestra pagina www.nsm.edu.mx<\/p>\n<p>[\/et_pb_text][\/et_pb_column][\/et_pb_row][\/et_pb_section]<\/p>\n","protected":false},"excerpt":{"rendered":"<p>En cumplimiento con la Ley de Protecci\u00f3n de Datos Personales en Posesi\u00f3n de los Particulares y con el fin de asegurar la protecci\u00f3n y privacidad de los datos personales, as\u00ed como regular el acceso, rectificaci\u00f3n, cancelaci\u00f3n y oposici\u00f3n del manejo de los mismos FOMENTO EDUCATIVO SANTA FE A.C. propietario del Centro escolar Northridge School M\u00e9xico , establece el siguiente: AVISO DE PRIVACIDADFOMENTO EDUCATIVO SANTA FE A.C. con domicilio en Av. M\u00e9xico, n\u00fam. 14 , Col. Cuajimalpa, Del. Cuajimalpa C.P. 05000 en M\u00e9xico D.F. , es responsable de recabar sus datos personales, as\u00ed como los de sus menores hijos de los cuales ejerce la tutela, del uso que se le d\u00e9 a los mismos y de su protecci\u00f3n, seg\u00fan sea el caso, mismos que se utilizaran para identificaci\u00f3n, operaci\u00f3n, administraci\u00f3n, y an\u00e1logos que sean necesarios para la prestaci\u00f3n de los servicios EDUCATIVOS, administrativos y actividades relacionadas. Usted tiene derecho de acceder, rectificar, cancelar sus datos personales, as\u00ed como de oponerse al tratamiento de los mismos o revocar el consentimiento que para tal fin nos haya otorgado, por lo que respecta sus datos personales y a los datos personales de sus menores hijos de los cuales ejerce la tutela, seg\u00fan sea el [&hellip;]<\/p>\n","protected":false},"author":1,"featured_media":0,"parent":0,"menu_order":0,"comment_status":"closed","ping_status":"closed","template":"","meta":{"_et_pb_use_builder":"on","_et_pb_old_content":"","_et_gb_content_width":"","footnotes":""},"class_list":["post-1014","page","type-page","status-publish","hentry"],"_links":{"self":[{"href":"https:\/\/nsm.edu.mx\/es\/wp-json\/wp\/v2\/pages\/1014","targetHints":{"allow":["GET"]}}],"collection":[{"href":"https:\/\/nsm.edu.mx\/es\/wp-json\/wp\/v2\/pages"}],"about":[{"href":"https:\/\/nsm.edu.mx\/es\/wp-json\/wp\/v2\/types\/page"}],"author":[{"embeddable":true,"href":"https:\/\/nsm.edu.mx\/es\/wp-json\/wp\/v2\/users\/1"}],"replies":[{"embeddable":true,"href":"https:\/\/nsm.edu.mx\/es\/wp-json\/wp\/v2\/comments?post=1014"}],"version-history":[{"count":0,"href":"https:\/\/nsm.edu.mx\/es\/wp-json\/wp\/v2\/pages\/1014\/revisions"}],"wp:attachment":[{"href":"https:\/\/nsm.edu.mx\/es\/wp-json\/wp\/v2\/media?parent=1014"}],"curies":[{"name":"wp","href":"https:\/\/api.w.org\/{rel}","templated":true}]}}